{"id":4570,"date":"2024-01-08T12:03:13","date_gmt":"2024-01-08T12:03:13","guid":{"rendered":"https:\/\/test.pd-technik.eu\/?page_id=4570"},"modified":"2024-04-02T03:19:51","modified_gmt":"2024-04-02T03:19:51","slug":"flexible-bolt-coupling-pdt-b","status":"publish","type":"page","link":"https:\/\/pd-technik.eu\/ar\/flexible-bolt-coupling-pdt-b\/","title":{"rendered":"\u0627\u0642\u062a\u0631\u0627\u0646 \u0627\u0644\u062a\u0631\u0628\u0627\u0633 \u0627\u0644\u0645\u0631\u0646 PDT-B"},"content":{"rendered":"<div data-elementor-type=\"wp-post\" data-elementor-id=\"4570\" class=\"elementor elementor-4570\" data-elementor-post-type=\"page\">\n\t\t\t\t<div class=\"elementor-element elementor-element-7ecc9c88 e-flex e-con-boxed e-con e-parent\" data-id=\"7ecc9c88\" data-element_type=\"container\" data-e-type=\"container\">\n\t\t\t\t\t<div class=\"e-con-inner\">\n\t\t\t\t<div class=\"elementor-element elementor-element-3f3ab33a elementor-widget__width-auto elementor-widget-mobile__width-initial elementor-widget elementor-widget-heading\" data-id=\"3f3ab33a\" data-element_type=\"widget\" data-e-type=\"widget\" data-widget_type=\"heading.default\">\n\t\t\t\t<div class=\"elementor-widget-container\">\n\t\t\t\t\t<h6 class=\"elementor-heading-title elementor-size-default\">\u0627\u0644\u0645\u0646\u062a\u062c\u0627\u062a \u0648\u0627\u0644\u0623\u0646\u0638\u0645\u0629 &gt; <\/h6>\t\t\t\t<\/div>\n\t\t\t\t<\/div>\n\t\t\t\t<div class=\"elementor-element elementor-element-400c5bc9 elementor-widget__width-initial elementor-widget elementor-widget-heading\" data-id=\"400c5bc9\" data-element_type=\"widget\" data-e-type=\"widget\" data-widget_type=\"heading.default\">\n\t\t\t\t<div class=\"elementor-widget-container\">\n\t\t\t\t\t<h6 class=\"elementor-heading-title elementor-size-default\">\u0648\u0635\u0644\u0627\u062a<\/h6>\t\t\t\t<\/div>\n\t\t\t\t<\/div>\n\t\t\t\t\t<\/div>\n\t\t\t\t<\/div>\n\t\t<div class=\"elementor-element elementor-element-6b7d7b24 e-flex e-con-boxed e-con e-parent\" data-id=\"6b7d7b24\" data-element_type=\"container\" data-e-type=\"container\">\n\t\t\t\t\t<div class=\"e-con-inner\">\n\t\t<div class=\"elementor-element elementor-element-aa085e5 e-con-full e-flex e-con e-child\" data-id=\"aa085e5\" data-element_type=\"container\" data-e-type=\"container\" data-settings=\"{&quot;background_background&quot;:&quot;classic&quot;}\">\n\t\t\t\t<div class=\"elementor-element elementor-element-f2bc2d4 elementor-widget-mobile__width-initial elementor-widget__width-initial To keep the dropdown menu open when an item is selected in Elementor Pro WordPress, you can add custom CSS code to override the default behavior. Here&#039;s an example of the CSS code you can use:  ```css \/* Add custom CSS to keep dropdown menu open when item is selected *\/ .elementor-nav-menu__dropdown.dropdown-click .elementor-nav-menu--dropdown .sub-menu {     display: block !important;     opacity: 1 !important;     visibility: visible !important;     max-height: none !important;     overflow: visible !important; } ```  You can add this CSS code by following these steps:  1. Edit the page with Elementor Pro where your dropdown menu is located. 2. Right-click on the section containing the dropdown menu and select &quot;Edit Section&quot; or &quot;Edit Widget&quot; (depending on how you&#039;ve added the menu). 3. In the left panel, go to the Advanced tab. 4. In the &quot;CSS Classes&quot; field, add a custom CSS class, for example, &quot;keep-dropdown-open&quot;. 5. Update the section\/widget and exit the Elementor editor. 6. Go to your WordPress Dashboard. 7. Navigate to Appearance &gt; Customize &gt; Additional CSS. 8. Add the CSS code provided above, targeting the custom CSS class you added. For example:  ```css .keep-dropdown-open .elementor-nav-menu__dropdown.dropdown-click .elementor-nav-menu--dropdown .sub-menu {     display: block !important;     opacity: 1 !important;     visibility: visible !important;     max-height: none !important;     overflow: visible !important; } ```  9. Publish the changes.  After adding the CSS code, the dropdown menu in Elementor Pro WordPress should remain open when an item is selected. elementor-nav-menu__text-align-aside elementor-widget elementor-widget-nav-menu\" data-id=\"f2bc2d4\" data-element_type=\"widget\" data-e-type=\"widget\" data-settings=\"{&quot;submenu_icon&quot;:{&quot;value&quot;:&quot;&lt;i aria-hidden=\\&quot;true\\&quot; class=\\&quot;\\&quot;&gt;&lt;\\\/i&gt;&quot;,&quot;library&quot;:&quot;&quot;},&quot;layout&quot;:&quot;dropdown&quot;}\" data-widget_type=\"nav-menu.default\">\n\t\t\t\t<div class=\"elementor-widget-container\">\n\t\t\t\t\t\t\t\t<nav class=\"elementor-nav-menu--dropdown elementor-nav-menu__container\" aria-hidden=\"true\">\n\t\t\t\t<ul id=\"menu-2-f2bc2d4\" class=\"elementor-nav-menu\"><li class=\"menu-item menu-item-type-post_type menu-item-object-page menu-item-28137\"><a href=\"https:\/\/pd-technik.eu\/ar\/blower-standard-lobe-blower\/\" class=\"elementor-item\" tabindex=\"-1\">\u0645\u0646\u0641\u0627\u062e \u0627\u0644\u0644\u0648\u0644\u0628 \u0627\u0633\u062a\u0627\u0646\u062f\u0631<\/a><\/li>\n<li class=\"menu-item menu-item-type-post_type menu-item-object-page menu-item-28138\"><a href=\"https:\/\/pd-technik.eu\/ar\/blower-standard-side-channel-blower\/\" class=\"elementor-item\" tabindex=\"-1\">\u0645\u0646\u0641\u0627\u062e \u0627\u0644\u0642\u0646\u0627\u0629 \u0627\u0644\u062c\u0627\u0646\u0628\u064a\u0629<\/a><\/li>\n<li class=\"menu-item menu-item-type-post_type menu-item-object-page menu-item-28143\"><a href=\"https:\/\/pd-technik.eu\/ar\/compressor-standard\/\" class=\"elementor-item\" tabindex=\"-1\">\u0627\u0644\u0636\u0627\u063a\u0637 \u0627\u0644\u0644\u0648\u0644\u0628\u064a \u0627\u0633\u062a\u0627\u0646\u062f\u0631<\/a><\/li>\n<li class=\"menu-item menu-item-type-post_type menu-item-object-page menu-item-28140\"><a href=\"https:\/\/pd-technik.eu\/ar\/blower-compressor-special\/\" class=\"elementor-item\" tabindex=\"-1\">\u0645\u0646\u0641\u0627\u062e \u062e\u0627\u0635<\/a><\/li>\n<li class=\"menu-item menu-item-type-post_type menu-item-object-page menu-item-30731\"><a href=\"https:\/\/pd-technik.eu\/ar\/compressor-special\/\" class=\"elementor-item\" tabindex=\"-1\">\u0636\u0627\u063a\u0637 \u062e\u0627\u0635<\/a><\/li>\n<li class=\"menu-item menu-item-type-post_type menu-item-object-page menu-item-28159\"><a href=\"https:\/\/pd-technik.eu\/ar\/turbo-2\/\" class=\"elementor-item\" tabindex=\"-1\">\u062a\u0648\u0631\u0628\u0648 \u0627\u0633\u062a\u0627\u0646\u062f\u0631<\/a><\/li>\n<li class=\"menu-item menu-item-type-post_type menu-item-object-page menu-item-28150\"><a href=\"https:\/\/pd-technik.eu\/ar\/vacuum-systems\/\" class=\"elementor-item\" tabindex=\"-1\">\u0623\u0646\u0638\u0645\u0629 \u0627\u0644\u0634\u0641\u0637<\/a><\/li>\n<li class=\"menu-item menu-item-type-custom menu-item-object-custom menu-item-has-children menu-item-28160\"><a class=\"elementor-item\" tabindex=\"-1\">\u0645\u0636\u062e\u0627\u062a<span class=\"submenu-toggle\" ><svg xmlns=\"http:\/\/www.w3.org\/2000\/svg\" width=\"10\" height=\"5\" viewbox=\"0 0 10 5\"><path id=\"Polygon_5\" data-name=\"Polygon 5\" d=\"M5,0l5,5H0Z\" transform=\"translate(10 5) rotate(180)\"\/><\/svg><\/span><\/a>\n<ul class=\"sub-menu elementor-nav-menu--dropdown\">\n\t<li class=\"menu-item menu-item-type-post_type menu-item-object-page menu-item-28153\"><a href=\"https:\/\/pd-technik.eu\/ar\/multistage-pumps\/\" class=\"elementor-sub-item\" tabindex=\"-1\">\u0645\u0636\u062e\u0627\u062a \u0645\u062a\u0639\u062f\u062f\u0629 \u0627\u0644\u0645\u0631\u0627\u062d\u0644<\/a><\/li>\n\t<li class=\"menu-item menu-item-type-post_type menu-item-object-page menu-item-28142\"><a href=\"https:\/\/pd-technik.eu\/ar\/centrifugal-sr-pumps\/\" class=\"elementor-sub-item\" tabindex=\"-1\">\u0645\u0636\u062e\u0627\u062a \u0627\u0644\u0637\u0631\u062f \u0627\u0644\u0645\u0631\u0643\u0632\u064a SR<\/a><\/li>\n\t<li class=\"menu-item menu-item-type-post_type menu-item-object-page menu-item-28141\"><a href=\"https:\/\/pd-technik.eu\/ar\/centrifugal-rb-pumps\/\" class=\"elementor-sub-item\" tabindex=\"-1\">\u0645\u0636\u062e\u0627\u062a \u0627\u0644\u0637\u0631\u062f \u0627\u0644\u0645\u0631\u0643\u0632\u064a RB<\/a><\/li>\n\t<li class=\"menu-item menu-item-type-post_type menu-item-object-page menu-item-28145\"><a href=\"https:\/\/pd-technik.eu\/ar\/gear-pumps\/\" class=\"elementor-sub-item\" tabindex=\"-1\">\u0645\u0636\u062e\u0627\u062a \u0627\u0644\u062a\u0631\u0648\u0633<\/a><\/li>\n\t<li class=\"menu-item menu-item-type-post_type menu-item-object-page menu-item-28149\"><a href=\"https:\/\/pd-technik.eu\/ar\/vacuum-pumps\/\" class=\"elementor-sub-item\" tabindex=\"-1\">\u0645\u0636\u062e\u0627\u062a \u0627\u0644\u0634\u0641\u0637<\/a><\/li>\n<\/ul>\n<\/li>\n<li class=\"menu-item menu-item-type-post_type menu-item-object-page menu-item-28146\"><a href=\"https:\/\/pd-technik.eu\/ar\/lubrication-systems\/\" class=\"elementor-item\" tabindex=\"-1\">\u0623\u0646\u0638\u0645\u0629 \u0627\u0644\u062a\u0634\u062d\u064a\u0645<\/a><\/li>\n<li class=\"menu-item menu-item-type-post_type menu-item-object-page menu-item-28144\"><a href=\"https:\/\/pd-technik.eu\/ar\/electrical-actuators\/\" class=\"elementor-item\" tabindex=\"-1\">\u0627\u0644\u0645\u062d\u0631\u0643\u0627\u062a \u0627\u0644\u0643\u0647\u0631\u0628\u0627\u0626\u064a\u0629<\/a><\/li>\n<li class=\"menu-item menu-item-type-post_type menu-item-object-page menu-item-28151\"><a href=\"https:\/\/pd-technik.eu\/ar\/air-slide-fabric\/\" class=\"elementor-item\" tabindex=\"-1\">\u0646\u0633\u064a\u062c \u0645\u0646\u0632\u0644\u0642 \u0647\u0648\u0627\u0626\u064a<\/a><\/li>\n<li class=\"menu-item menu-item-type-post_type menu-item-object-page menu-item-28152\"><a href=\"https:\/\/pd-technik.eu\/ar\/couplings\/\" class=\"elementor-item\" tabindex=\"-1\">\u0648\u0635\u0644\u0627\u062a<\/a><\/li>\n<\/ul>\t\t\t<\/nav>\n\t\t\t\t\t\t<\/div>\n\t\t\t\t<\/div>\n\t\t\t\t<\/div>\n\t\t<div class=\"elementor-element elementor-element-7787efe0 e-con-full e-flex e-con e-child\" data-id=\"7787efe0\" data-element_type=\"container\" data-e-type=\"container\">\n\t\t<div class=\"elementor-element elementor-element-122dc051 e-flex e-con-boxed e-con e-child\" data-id=\"122dc051\" data-element_type=\"container\" data-e-type=\"container\" data-settings=\"{&quot;background_background&quot;:&quot;classic&quot;}\">\n\t\t\t\t\t<div class=\"e-con-inner\">\n\t\t<div class=\"elementor-element elementor-element-2e1cc508 e-flex e-con-boxed e-con e-child\" data-id=\"2e1cc508\" data-element_type=\"container\" data-e-type=\"container\">\n\t\t\t\t\t<div class=\"e-con-inner\">\n\t\t<div class=\"elementor-element elementor-element-2fdd9af e-flex e-con-boxed e-con e-child\" data-id=\"2fdd9af\" data-element_type=\"container\" data-e-type=\"container\">\n\t\t\t\t\t<div class=\"e-con-inner\">\n\t\t\t\t<div class=\"elementor-element elementor-element-010c148 elementor-align-justify elementor-widget elementor-widget-button\" data-id=\"010c148\" data-element_type=\"widget\" data-e-type=\"widget\" data-widget_type=\"button.default\">\n\t\t\t\t<div class=\"elementor-widget-container\">\n\t\t\t\t\t\t\t\t\t<div class=\"elementor-button-wrapper\">\n\t\t\t\t\t<a class=\"elementor-button elementor-button-link elementor-size-sm\" href=\"https:\/\/pd-technik.eu\/ar\/couplings\/\">\n\t\t\t\t\t\t<span class=\"elementor-button-content-wrapper\">\n\t\t\t\t\t\t\t\t\t<span class=\"elementor-button-text\"> \u0627\u0644\u0631\u062c\u0648\u0639            <\/span>\n\t\t\t\t\t<\/span>\n\t\t\t\t\t<\/a>\n\t\t\t\t<\/div>\n\t\t\t\t\t\t\t\t<\/div>\n\t\t\t\t<\/div>\n\t\t\t\t\t<\/div>\n\t\t\t\t<\/div>\n\t\t\t\t\t<\/div>\n\t\t\t\t<\/div>\n\t\t<div class=\"elementor-element elementor-element-472c2b11 e-grid e-con-full e-con e-child\" data-id=\"472c2b11\" data-element_type=\"container\" data-e-type=\"container\" data-settings=\"{&quot;background_background&quot;:&quot;classic&quot;}\">\n\t\t\t\t<div class=\"elementor-element elementor-element-11669d5c elementor-widget elementor-widget-image\" data-id=\"11669d5c\" data-element_type=\"widget\" data-e-type=\"widget\" data-widget_type=\"image.default\">\n\t\t\t\t<div class=\"elementor-widget-container\">\n\t\t\t\t\t\t\t\t\t\t\t\t\t\t\t<img fetchpriority=\"high\" decoding=\"async\" width=\"360\" height=\"360\" src=\"https:\/\/pd-technik.eu\/wp-content\/uploads\/2024\/01\/3-4.png\" class=\"attachment-full size-full wp-image-4112\" alt=\"\u0627\u0644\u062a\u0631\u0628\u0627\u0633 \u0627\u0644\u0645\u0631\u0646 PDT-B\" srcset=\"https:\/\/pd-technik.eu\/wp-content\/uploads\/2024\/01\/3-4.png 360w, https:\/\/pd-technik.eu\/wp-content\/uploads\/2024\/01\/3-4-300x300.png 300w, https:\/\/pd-technik.eu\/wp-content\/uploads\/2024\/01\/3-4-100x100.png 100w, https:\/\/pd-technik.eu\/wp-content\/uploads\/2024\/01\/3-4-150x150.png 150w\" sizes=\"(max-width: 360px) 100vw, 360px\" \/>\t\t\t\t\t\t\t\t\t\t\t\t\t\t\t<\/div>\n\t\t\t\t<\/div>\n\t\t<div class=\"elementor-element elementor-element-65f5fbf9 e-flex e-con-boxed e-con e-child\" data-id=\"65f5fbf9\" data-element_type=\"container\" data-e-type=\"container\">\n\t\t\t\t\t<div class=\"e-con-inner\">\n\t\t<div class=\"elementor-element elementor-element-4351fd4b e-flex e-con-boxed e-con e-child\" data-id=\"4351fd4b\" data-element_type=\"container\" data-e-type=\"container\">\n\t\t\t\t\t<div class=\"e-con-inner\">\n\t\t\t\t<div class=\"elementor-element elementor-element-1a114b24 elementor-widget elementor-widget-heading\" data-id=\"1a114b24\" data-element_type=\"widget\" data-e-type=\"widget\" data-widget_type=\"heading.default\">\n\t\t\t\t<div class=\"elementor-widget-container\">\n\t\t\t\t\t<h5 class=\"elementor-heading-title elementor-size-default\">\u0627\u0642\u062a\u0631\u0627\u0646 \u0627\u0644\u062a\u0631\u0628\u0627\u0633 \u0627\u0644\u0645\u0631\u0646 PDT-B<\/h5>\t\t\t\t<\/div>\n\t\t\t\t<\/div>\n\t\t\t\t\t<\/div>\n\t\t\t\t<\/div>\n\t\t\t\t<div class=\"elementor-element elementor-element-3d922824 elementor-widget__width-initial elementor-widget elementor-widget-text-editor\" data-id=\"3d922824\" data-element_type=\"widget\" data-e-type=\"widget\" data-widget_type=\"text-editor.default\">\n\t\t\t\t<div class=\"elementor-widget-container\">\n\t\t\t\t\t\t\t\t\t<ul><li>\u0639\u0632\u0645 \u0627\u0644\u062f\u0648\u0631\u0627\u0646 \u0645\u0646 120 \u0625\u0644\u0649 450.000 \u0646\u064a\u0648\u062a\u0646 \u0645\u062a\u0631<\/li><li>\u0645\u062a\u0648\u0641\u0631 \u0628\u0640 26 \u0645\u0642\u0627\u0633\u064b\u0627<\/li><li>\u0648\u0635\u0644\u0629 \u0631\u0628\u0637 \u0645\u0631\u0646\u0629 \u0622\u0645\u0646\u0629 \u0645\u0646 \u0627\u0644\u0641\u0634\u0644<\/li><\/ul>\t\t\t\t\t\t\t\t<\/div>\n\t\t\t\t<\/div>\n\t\t<div class=\"elementor-element elementor-element-6f3ac55c e-con-full e-flex e-con e-child\" data-id=\"6f3ac55c\" data-element_type=\"container\" data-e-type=\"container\">\n\t\t<div class=\"elementor-element elementor-element-35416838 e-flex e-con-boxed e-con e-child\" data-id=\"35416838\" data-element_type=\"container\" data-e-type=\"container\">\n\t\t\t\t\t<div class=\"e-con-inner\">\n\t\t\t\t<div class=\"elementor-element elementor-element-690858c4 elementor-align-justify elementor-widget__width-initial elementor-widget elementor-widget-button\" data-id=\"690858c4\" data-element_type=\"widget\" data-e-type=\"widget\" data-widget_type=\"button.default\">\n\t\t\t\t<div class=\"elementor-widget-container\">\n\t\t\t\t\t\t\t\t\t<div class=\"elementor-button-wrapper\">\n\t\t\t\t\t<a class=\"elementor-button elementor-button-link elementor-size-sm\" href=\"https:\/\/pd-technik.eu\/questionnaire-order-couplings-flexible-bolt-pdt-b\/?Couplingmodel=Flexible%20Bolt%20PDT-B\" target=\"_blank\" id=\"Couplingmodel\">\n\t\t\t\t\t\t<span class=\"elementor-button-content-wrapper\">\n\t\t\t\t\t\t\t\t\t<span class=\"elementor-button-text\">\u0627\u0644\u0637\u0644\u0628 \u062d\u0633\u0628 \u0627\u0644\u0645\u0648\u0627\u0635\u0641\u0627\u062a \u0627\u0644\u0641\u0646\u064a\u0629<\/span>\n\t\t\t\t\t<\/span>\n\t\t\t\t\t<\/a>\n\t\t\t\t<\/div>\n\t\t\t\t\t\t\t\t<\/div>\n\t\t\t\t<\/div>\n\t\t\t\t\t<\/div>\n\t\t\t\t<\/div>\n\t\t\t\t<\/div>\n\t\t\t\t\t<\/div>\n\t\t\t\t<\/div>\n\t\t\t\t<\/div>\n\t\t<div class=\"elementor-element elementor-element-8d8f8ad e-flex e-con-boxed e-con e-child\" data-id=\"8d8f8ad\" data-element_type=\"container\" data-e-type=\"container\" data-settings=\"{&quot;background_background&quot;:&quot;classic&quot;}\">\n\t\t\t\t\t<div class=\"e-con-inner\">\n\t\t\t\t<div class=\"elementor-element elementor-element-6679b0aa e-n-tabs-mobile elementor-widget elementor-widget-n-tabs\" data-id=\"6679b0aa\" data-element_type=\"widget\" data-e-type=\"widget\" data-settings=\"{&quot;tabs_justify_horizontal&quot;:&quot;center&quot;,&quot;horizontal_scroll&quot;:&quot;disable&quot;}\" data-widget_type=\"nested-tabs.default\">\n\t\t\t\t<div class=\"elementor-widget-container\">\n\t\t\t\t\t\t\t<div class=\"e-n-tabs\" data-widget-number=\"1719251114\" aria-label=\"Onglets. Ouvrez des \u00e9l\u00e9ments avec Entrer ou Espace, fermez-les avec Echape et naviguez \u00e0 l&#039;aide des touches fl\u00e9ch\u00e9es.\" data-no-translation-aria-label=\"\">\n\t\t\t<div class=\"e-n-tabs-heading\" role=\"tablist\">\n\t\t\t\t\t<button id=\"#dis\" data-tab-title-id=\"e-n-tab-title-17192511141\" class=\"e-n-tab-title\" aria-selected=\"true\" data-tab-index=\"1\" role=\"tab\" tabindex=\"0\" aria-controls=\"e-n-tab-content-17192511141\" style=\"--n-tabs-title-order: 1;\">\n\t\t\t\t\t\t<span class=\"e-n-tab-title-text\">\n\t\t\t\t\u0648\u0635\u0641\t\t\t<\/span>\n\t\t<\/button>\n\t\t\t\t\t<\/div>\n\t\t\t<div class=\"e-n-tabs-content\">\n\t\t\t\t<div id=\"e-n-tab-content-17192511141 dis\" role=\"tabpanel\" aria-labelledby=\"#dis\" data-tab-index=\"1\" style=\"--n-tabs-title-order: 1;\" class=\"e-active elementor-element elementor-element-64d7eaa e-con-full e-flex e-con e-child\" data-id=\"64d7eaa\" data-element_type=\"container\" data-e-type=\"container\">\n\t\t<div class=\"elementor-element elementor-element-325fb214 e-flex e-con-boxed e-con e-child\" data-id=\"325fb214\" data-element_type=\"container\" data-e-type=\"container\">\n\t\t\t\t\t<div class=\"e-con-inner\">\n\t\t\t\t<div class=\"elementor-element elementor-element-2d62dd0e elementor-widget elementor-widget-heading\" data-id=\"2d62dd0e\" data-element_type=\"widget\" data-e-type=\"widget\" data-widget_type=\"heading.default\">\n\t\t\t\t<div class=\"elementor-widget-container\">\n\t\t\t\t\t<h6 class=\"elementor-heading-title elementor-size-default\">\u0648\u0635\u0641<\/h6>\t\t\t\t<\/div>\n\t\t\t\t<\/div>\n\t\t\t\t<div class=\"elementor-element elementor-element-76d266fe elementor-widget__width-initial elementor-widget elementor-widget-text-editor\" data-id=\"76d266fe\" data-element_type=\"widget\" data-e-type=\"widget\" data-widget_type=\"text-editor.default\">\n\t\t\t\t<div class=\"elementor-widget-container\">\n\t\t\t\t\t\t\t\t\t<p style=\"text-align: left;\">\u0627\u0644\u0625\u0635\u062f\u0627\u0631 \u0627\u0644\u0642\u064a\u0627\u0633\u064a<\/p><p>PDT-BG \u2013 \u0645\u062d\u0627\u0648\u0631 \u0627\u0642\u062a\u0631\u0627\u0646 \u0645\u0646 \u0627\u0644\u062d\u062f\u064a\u062f \u0627\u0644\u0632\u0647\u0631\u060c<br \/>EN-GJL-250(GG-25)<br \/>PDT-BS \u2013 \u0645\u062d\u0627\u0648\u0631 \u0627\u0642\u062a\u0631\u0627\u0646 \u0645\u0646 \u0627\u0644\u0641\u0648\u0644\u0627\u0630<br \/>S 355 J2G3 (ST 52.3<\/p><p>\u062a\u0635\u0627\u0645\u064a\u0645 \u062e\u0627\u0635\u0629 \u062d\u0633\u0628 \u0627\u0644\u0637\u0644\u0628:<br \/>PDT-B \u0639\u0628\u0627\u0631\u0629 \u0639\u0646 \u0623\u062f\u0627\u0629 \u062a\u0648\u0635\u064a\u0644 \u0645\u0631\u0646\u0629 \u0622\u0645\u0646\u0629 \u0645\u0646 \u0627\u0644\u0641\u0634\u0644<br \/>\u0645\u062a\u0648\u0641\u0631 \u0641\u064a 26 \u0645\u0642\u0627\u0633\u064b\u0627 \u0644\u0645\u062c\u0645\u0648\u0639\u0629 \u0645\u0646<br \/>\u0639\u0632\u0645 \u0627\u0644\u062f\u0648\u0631\u0627\u0646 \u064a\u0645\u062a\u062f \u0645\u0646 120 \u0625\u0644\u0649 450.000<br \/>Nm<\/p>\t\t\t\t\t\t\t\t<\/div>\n\t\t\t\t<\/div>\n\t\t\t\t\t<\/div>\n\t\t\t\t<\/div>\n\t\t\t\t<\/div>\n\t\t\t\t\t<\/div>\n\t\t<\/div>\n\t\t\t\t\t\t<\/div>\n\t\t\t\t<\/div>\n\t\t\t\t\t<\/div>\n\t\t\t\t<\/div>\n\t\t\t\t\t<\/div>\n\t\t\t\t<\/div>\n\t\t\t\t<\/div>\n\t\t\t\t\t<\/div>\n\t\t\t\t<\/div>\n\t\t\t\t<\/div>","protected":false},"excerpt":{"rendered":"<p>Products &amp; Systems &gt; Couplings back Flexible Bolt Coupling PDT-B Torques from 120 to 450.000 Nm Available in 26 Fail-safe flexible bolt coupling Order by technical specifications Description Description Standard [&hellip;]<\/p>\n","protected":false},"author":2,"featured_media":0,"parent":0,"menu_order":0,"comment_status":"closed","ping_status":"closed","template":"","meta":{"breadcrumbs_single_post":"","page_title_panel":"","breadcrumbs_single_page":"","single_page_alignment":"","single_page_margin":"","page_structure_type":"","content_style_source":"","content_style":"","blog_post_streched_ed":"","blog_page_streched_ed":"","has_transparent_header":"","disable_transparent_header":"","vertical_spacing_source":"","content_area_spacing":"","single_post_content_background":"","single_page_content_background":"","single_post_boxed_content_spacing":"","single_page_boxed_content_spacing":"","single_post_content_boxed_radius":"","single_page_content_boxed_radius":"","disable_featured_image":"","disable_post_tags":"","disable_author_box":"","disable_posts_navigation":"","disable_comments":"","disable_related_posts":"","disable_header":"","disable_footer":"","footnotes":""},"class_list":["post-4570","page","type-page","status-publish","hentry","rishi-post","no-post-thumbnail"],"_links":{"self":[{"href":"https:\/\/pd-technik.eu\/ar\/wp-json\/wp\/v2\/pages\/4570","targetHints":{"allow":["GET"]}}],"collection":[{"href":"https:\/\/pd-technik.eu\/ar\/wp-json\/wp\/v2\/pages"}],"about":[{"href":"https:\/\/pd-technik.eu\/ar\/wp-json\/wp\/v2\/types\/page"}],"author":[{"embeddable":true,"href":"https:\/\/pd-technik.eu\/ar\/wp-json\/wp\/v2\/users\/2"}],"replies":[{"embeddable":true,"href":"https:\/\/pd-technik.eu\/ar\/wp-json\/wp\/v2\/comments?post=4570"}],"version-history":[{"count":97,"href":"https:\/\/pd-technik.eu\/ar\/wp-json\/wp\/v2\/pages\/4570\/revisions"}],"predecessor-version":[{"id":32523,"href":"https:\/\/pd-technik.eu\/ar\/wp-json\/wp\/v2\/pages\/4570\/revisions\/32523"}],"wp:attachment":[{"href":"https:\/\/pd-technik.eu\/ar\/wp-json\/wp\/v2\/media?parent=4570"}],"curies":[{"name":"wp","href":"https:\/\/api.w.org\/{rel}","templated":true}]}}