{"id":21903,"date":"2024-02-14T13:29:28","date_gmt":"2024-02-14T13:29:28","guid":{"rendered":"https:\/\/pd-technik.eu\/?page_id=21903"},"modified":"2024-04-16T23:20:19","modified_gmt":"2024-04-16T23:20:19","slug":"service-workshops","status":"publish","type":"page","link":"https:\/\/pd-technik.eu\/de\/service-workshops\/","title":{"rendered":"Servicewerkst\u00e4tten"},"content":{"rendered":"<div data-elementor-type=\"wp-post\" data-elementor-id=\"21903\" class=\"elementor elementor-21903\" data-elementor-post-type=\"page\">\n\t\t\t\t<div class=\"elementor-element elementor-element-201fb482 e-flex e-con-boxed e-con e-parent\" data-id=\"201fb482\" data-element_type=\"container\" data-e-type=\"container\" data-settings=\"{&quot;background_background&quot;:&quot;classic&quot;}\">\n\t\t\t\t\t<div class=\"e-con-inner\">\n\t\t<div class=\"elementor-element elementor-element-9eab1b2 e-con-full e-flex e-con e-child\" data-id=\"9eab1b2\" data-element_type=\"container\" data-e-type=\"container\">\n\t\t<div class=\"elementor-element elementor-element-27c02701 e-con-full e-flex e-con e-child\" data-id=\"27c02701\" data-element_type=\"container\" data-e-type=\"container\">\n\t\t\t\t<div class=\"elementor-element elementor-element-10bd02d4 elementor-widget elementor-widget-heading\" data-id=\"10bd02d4\" data-element_type=\"widget\" data-e-type=\"widget\" data-widget_type=\"heading.default\">\n\t\t\t\t<div class=\"elementor-widget-container\">\n\t\t\t\t\t<h4 class=\"elementor-heading-title elementor-size-default\">Serviceprogramm<\/h4>\t\t\t\t<\/div>\n\t\t\t\t<\/div>\n\t\t\t\t<\/div>\n\t\t<div class=\"elementor-element elementor-element-e9e52ca e-flex e-con-boxed e-con e-child\" data-id=\"e9e52ca\" data-element_type=\"container\" data-e-type=\"container\">\n\t\t\t\t\t<div class=\"e-con-inner\">\n\t\t<div class=\"elementor-element elementor-element-293122c5 e-con-full e-flex e-con e-child\" data-id=\"293122c5\" data-element_type=\"container\" data-e-type=\"container\">\n\t\t\t\t<div class=\"elementor-element elementor-element-65e9ee5a elementor-widget__width-initial elementor-widget-mobile__width-inherit elementor-list-item-link-inline elementor-align-start elementor-icon-list--layout-traditional elementor-widget elementor-widget-icon-list\" data-id=\"65e9ee5a\" data-element_type=\"widget\" data-e-type=\"widget\" data-widget_type=\"icon-list.default\">\n\t\t\t\t<div class=\"elementor-widget-container\">\n\t\t\t\t\t\t\t<ul class=\"elementor-icon-list-items\">\n\t\t\t\t\t\t\t<li class=\"elementor-icon-list-item\">\n\t\t\t\t\t\t\t\t\t\t\t<span class=\"elementor-icon-list-icon\">\n\t\t\t\t\t\t\t<svg aria-hidden=\"true\" class=\"e-font-icon-svg e-fas-file-signature\" viewbox=\"0 0 576 512\" xmlns=\"http:\/\/www.w3.org\/2000\/svg\"><path d=\"M218.17 424.14c-2.95-5.92-8.09-6.52-10.17-6.52s-7.22.59-10.02 6.19l-7.67 15.34c-6.37 12.78-25.03 11.37-29.48-2.09L144 386.59l-10.61 31.88c-5.89 17.66-22.38 29.53-41 29.53H80c-8.84 0-16-7.16-16-16s7.16-16 16-16h12.39c4.83 0 9.11-3.08 10.64-7.66l18.19-54.64c3.3-9.81 12.44-16.41 22.78-16.41s19.48 6.59 22.77 16.41l13.88 41.64c19.75-16.19 54.06-9.7 66 14.16 1.89 3.78 5.49 5.95 9.36 6.26v-82.12l128-127.09V160H248c-13.2 0-24-10.8-24-24V0H24C10.7 0 0 10.7 0 24v464c0 13.3 10.7 24 24 24h336c13.3 0 24-10.7 24-24v-40l-128-.11c-16.12-.31-30.58-9.28-37.83-23.75zM384 121.9c0-6.3-2.5-12.4-7-16.9L279.1 7c-4.5-4.5-10.6-7-17-7H256v128h128v-6.1zm-96 225.06V416h68.99l161.68-162.78-67.88-67.88L288 346.96zm280.54-179.63l-31.87-31.87c-9.94-9.94-26.07-9.94-36.01 0l-27.25 27.25 67.88 67.88 27.25-27.25c9.95-9.94 9.95-26.07 0-36.01z\"><\/path><\/svg>\t\t\t\t\t\t<\/span>\n\t\t\t\t\t\t\t\t\t\t<span class=\"elementor-icon-list-text\">Wartungsvertr\u00e4ge<\/span>\n\t\t\t\t\t\t\t\t\t<\/li>\n\t\t\t\t\t\t\t\t<li class=\"elementor-icon-list-item\">\n\t\t\t\t\t\t\t\t\t\t\t<span class=\"elementor-icon-list-icon\">\n\t\t\t\t\t\t\t<svg aria-hidden=\"true\" class=\"e-font-icon-svg e-fas-wrench\" viewbox=\"0 0 512 512\" xmlns=\"http:\/\/www.w3.org\/2000\/svg\"><path d=\"M507.73 109.1c-2.24-9.03-13.54-12.09-20.12-5.51l-74.36 74.36-67.88-11.31-11.31-67.88 74.36-74.36c6.62-6.62 3.43-17.9-5.66-20.16-47.38-11.74-99.55.91-136.58 37.93-39.64 39.64-50.55 97.1-34.05 147.2L18.74 402.76c-24.99 24.99-24.99 65.51 0 90.5 24.99 24.99 65.51 24.99 90.5 0l213.21-213.21c50.12 16.71 107.47 5.68 147.37-34.22 37.07-37.07 49.7-89.32 37.91-136.73zM64 472c-13.25 0-24-10.75-24-24 0-13.26 10.75-24 24-24s24 10.74 24 24c0 13.25-10.75 24-24 24z\"><\/path><\/svg>\t\t\t\t\t\t<\/span>\n\t\t\t\t\t\t\t\t\t\t<span class=\"elementor-icon-list-text\">Vor-Ort-Service<\/span>\n\t\t\t\t\t\t\t\t\t<\/li>\n\t\t\t\t\t\t\t\t<li class=\"elementor-icon-list-item\">\n\t\t\t\t\t\t\t\t\t\t\t<span class=\"elementor-icon-list-icon\">\n\t\t\t\t\t\t\t<svg aria-hidden=\"true\" class=\"e-font-icon-svg e-fas-file-invoice\" viewbox=\"0 0 384 512\" xmlns=\"http:\/\/www.w3.org\/2000\/svg\"><path d=\"M288 256H96v64h192v-64zm89-151L279.1 7c-4.5-4.5-10.6-7-17-7H256v128h128v-6.1c0-6.3-2.5-12.4-7-16.9zm-153 31V0H24C10.7 0 0 10.7 0 24v464c0 13.3 10.7 24 24 24h336c13.3 0 24-10.7 24-24V160H248c-13.2 0-24-10.8-24-24zM64 72c0-4.42 3.58-8 8-8h80c4.42 0 8 3.58 8 8v16c0 4.42-3.58 8-8 8H72c-4.42 0-8-3.58-8-8V72zm0 64c0-4.42 3.58-8 8-8h80c4.42 0 8 3.58 8 8v16c0 4.42-3.58 8-8 8H72c-4.42 0-8-3.58-8-8v-16zm256 304c0 4.42-3.58 8-8 8h-80c-4.42 0-8-3.58-8-8v-16c0-4.42 3.58-8 8-8h80c4.42 0 8 3.58 8 8v16zm0-200v96c0 8.84-7.16 16-16 16H80c-8.84 0-16-7.16-16-16v-96c0-8.84 7.16-16 16-16h224c8.84 0 16 7.16 16 16z\"><\/path><\/svg>\t\t\t\t\t\t<\/span>\n\t\t\t\t\t\t\t\t\t\t<span class=\"elementor-icon-list-text\">Technische Berichte <\/span>\n\t\t\t\t\t\t\t\t\t<\/li>\n\t\t\t\t\t\t<\/ul>\n\t\t\t\t\t\t<\/div>\n\t\t\t\t<\/div>\n\t\t\t\t<div class=\"elementor-element elementor-element-45e5f9a elementor-widget__width-inherit elementor-widget-mobile__width-inherit elementor-align-start elementor-icon-list--layout-traditional elementor-list-item-link-full_width elementor-widget elementor-widget-icon-list\" data-id=\"45e5f9a\" data-element_type=\"widget\" data-e-type=\"widget\" data-widget_type=\"icon-list.default\">\n\t\t\t\t<div class=\"elementor-widget-container\">\n\t\t\t\t\t\t\t<ul class=\"elementor-icon-list-items\">\n\t\t\t\t\t\t\t<li class=\"elementor-icon-list-item\">\n\t\t\t\t\t\t\t\t\t\t\t<span class=\"elementor-icon-list-icon\">\n\t\t\t\t\t\t\t<svg aria-hidden=\"true\" class=\"e-font-icon-svg e-fas-award\" viewbox=\"0 0 384 512\" xmlns=\"http:\/\/www.w3.org\/2000\/svg\"><path d=\"M97.12 362.63c-8.69-8.69-4.16-6.24-25.12-11.85-9.51-2.55-17.87-7.45-25.43-13.32L1.2 448.7c-4.39 10.77 3.81 22.47 15.43 22.03l52.69-2.01L105.56 507c8 8.44 22.04 5.81 26.43-4.96l52.05-127.62c-10.84 6.04-22.87 9.58-35.31 9.58-19.5 0-37.82-7.59-51.61-21.37zM382.8 448.7l-45.37-111.24c-7.56 5.88-15.92 10.77-25.43 13.32-21.07 5.64-16.45 3.18-25.12 11.85-13.79 13.78-32.12 21.37-51.62 21.37-12.44 0-24.47-3.55-35.31-9.58L252 502.04c4.39 10.77 18.44 13.4 26.43 4.96l36.25-38.28 52.69 2.01c11.62.44 19.82-11.27 15.43-22.03zM263 340c15.28-15.55 17.03-14.21 38.79-20.14 13.89-3.79 24.75-14.84 28.47-28.98 7.48-28.4 5.54-24.97 25.95-45.75 10.17-10.35 14.14-25.44 10.42-39.58-7.47-28.38-7.48-24.42 0-52.83 3.72-14.14-.25-29.23-10.42-39.58-20.41-20.78-18.47-17.36-25.95-45.75-3.72-14.14-14.58-25.19-28.47-28.98-27.88-7.61-24.52-5.62-44.95-26.41-10.17-10.35-25-14.4-38.89-10.61-27.87 7.6-23.98 7.61-51.9 0-13.89-3.79-28.72.25-38.89 10.61-20.41 20.78-17.05 18.8-44.94 26.41-13.89 3.79-24.75 14.84-28.47 28.98-7.47 28.39-5.54 24.97-25.95 45.75-10.17 10.35-14.15 25.44-10.42 39.58 7.47 28.36 7.48 24.4 0 52.82-3.72 14.14.25 29.23 10.42 39.59 20.41 20.78 18.47 17.35 25.95 45.75 3.72 14.14 14.58 25.19 28.47 28.98C104.6 325.96 106.27 325 121 340c13.23 13.47 33.84 15.88 49.74 5.82a39.676 39.676 0 0 1 42.53 0c15.89 10.06 36.5 7.65 49.73-5.82zM97.66 175.96c0-53.03 42.24-96.02 94.34-96.02s94.34 42.99 94.34 96.02-42.24 96.02-94.34 96.02-94.34-42.99-94.34-96.02z\"><\/path><\/svg>\t\t\t\t\t\t<\/span>\n\t\t\t\t\t\t\t\t\t\t<span class=\"elementor-icon-list-text\">Reparaturgarantie<\/span>\n\t\t\t\t\t\t\t\t\t<\/li>\n\t\t\t\t\t\t\t\t<li class=\"elementor-icon-list-item\">\n\t\t\t\t\t\t\t\t\t\t\t<span class=\"elementor-icon-list-icon\">\n\t\t\t\t\t\t\t<svg aria-hidden=\"true\" class=\"e-font-icon-svg e-far-eye\" viewbox=\"0 0 576 512\" xmlns=\"http:\/\/www.w3.org\/2000\/svg\"><path d=\"M288 144a110.94 110.94 0 0 0-31.24 5 55.4 55.4 0 0 1 7.24 27 56 56 0 0 1-56 56 55.4 55.4 0 0 1-27-7.24A111.71 111.71 0 1 0 288 144zm284.52 97.4C518.29 135.59 410.93 64 288 64S57.68 135.64 3.48 241.41a32.35 32.35 0 0 0 0 29.19C57.71 376.41 165.07 448 288 448s230.32-71.64 284.52-177.41a32.35 32.35 0 0 0 0-29.19zM288 400c-98.65 0-189.09-55-237.93-144C98.91 167 189.34 112 288 112s189.09 55 237.93 144C477.1 345 386.66 400 288 400z\"><\/path><\/svg>\t\t\t\t\t\t<\/span>\n\t\t\t\t\t\t\t\t\t\t<span class=\"elementor-icon-list-text\">Kundendienstprogramm.<\/span>\n\t\t\t\t\t\t\t\t\t<\/li>\n\t\t\t\t\t\t\t\t<li class=\"elementor-icon-list-item\">\n\t\t\t\t\t\t\t\t\t\t\t<span class=\"elementor-icon-list-icon\">\n\t\t\t\t\t\t\t<svg aria-hidden=\"true\" class=\"e-font-icon-svg e-fas-headset\" viewbox=\"0 0 512 512\" xmlns=\"http:\/\/www.w3.org\/2000\/svg\"><path d=\"M192 208c0-17.67-14.33-32-32-32h-16c-35.35 0-64 28.65-64 64v48c0 35.35 28.65 64 64 64h16c17.67 0 32-14.33 32-32V208zm176 144c35.35 0 64-28.65 64-64v-48c0-35.35-28.65-64-64-64h-16c-17.67 0-32 14.33-32 32v112c0 17.67 14.33 32 32 32h16zM256 0C113.18 0 4.58 118.83 0 256v16c0 8.84 7.16 16 16 16h16c8.84 0 16-7.16 16-16v-16c0-114.69 93.31-208 208-208s208 93.31 208 208h-.12c.08 2.43.12 165.72.12 165.72 0 23.35-18.93 42.28-42.28 42.28H320c0-26.51-21.49-48-48-48h-32c-26.51 0-48 21.49-48 48s21.49 48 48 48h181.72c49.86 0 90.28-40.42 90.28-90.28V256C507.42 118.83 398.82 0 256 0z\"><\/path><\/svg>\t\t\t\t\t\t<\/span>\n\t\t\t\t\t\t\t\t\t\t<span class=\"elementor-icon-list-text\">Dedizierter Support<\/span>\n\t\t\t\t\t\t\t\t\t<\/li>\n\t\t\t\t\t\t<\/ul>\n\t\t\t\t\t\t<\/div>\n\t\t\t\t<\/div>\n\t\t\t\t<\/div>\n\t\t\t\t\t<\/div>\n\t\t\t\t<\/div>\n\t\t\t\t<\/div>\n\t\t\t\t\t<\/div>\n\t\t\t\t<\/div>\n\t\t<div class=\"elementor-element elementor-element-690205bb e-flex e-con-boxed e-con e-parent\" data-id=\"690205bb\" data-element_type=\"container\" data-e-type=\"container\" data-settings=\"{&quot;background_background&quot;:&quot;classic&quot;}\">\n\t\t\t\t\t<div class=\"e-con-inner\">\n\t\t<div class=\"elementor-element elementor-element-e0af07b e-con-full e-flex e-con e-child\" data-id=\"e0af07b\" data-element_type=\"container\" data-e-type=\"container\">\n\t\t\t\t<div class=\"elementor-element elementor-element-4f51a79a elementor-widget elementor-widget-image\" data-id=\"4f51a79a\" data-element_type=\"widget\" data-e-type=\"widget\" data-widget_type=\"image.default\">\n\t\t\t\t<div class=\"elementor-widget-container\">\n\t\t\t\t\t\t\t\t\t\t\t\t\t\t\t<img fetchpriority=\"high\" decoding=\"async\" width=\"2048\" height=\"1536\" src=\"https:\/\/pd-technik.eu\/wp-content\/uploads\/2024\/02\/1-6.webp\" class=\"attachment-full size-full wp-image-29657\" alt=\"Unsere Ingenieurleistungen verk\u00f6rpern Professionalit\u00e4t, Exzellenz, Teamarbeit und ein qualifiziertes Team aus Experten und Technikern.\" srcset=\"https:\/\/pd-technik.eu\/wp-content\/uploads\/2024\/02\/1-6.webp 2048w, https:\/\/pd-technik.eu\/wp-content\/uploads\/2024\/02\/1-6-300x225.webp 300w, https:\/\/pd-technik.eu\/wp-content\/uploads\/2024\/02\/1-6-1024x768.webp 1024w, https:\/\/pd-technik.eu\/wp-content\/uploads\/2024\/02\/1-6-768x576.webp 768w, https:\/\/pd-technik.eu\/wp-content\/uploads\/2024\/02\/1-6-1536x1152.webp 1536w, https:\/\/pd-technik.eu\/wp-content\/uploads\/2024\/02\/1-6-600x450.webp 600w\" sizes=\"(max-width: 2048px) 100vw, 2048px\" \/>\t\t\t\t\t\t\t\t\t\t\t\t\t\t\t<\/div>\n\t\t\t\t<\/div>\n\t\t\t\t<\/div>\n\t\t<div class=\"elementor-element elementor-element-153b0539 e-con-full e-flex e-con e-child\" data-id=\"153b0539\" data-element_type=\"container\" data-e-type=\"container\">\n\t\t\t\t<div class=\"elementor-element elementor-element-802955b elementor-widget elementor-widget-heading\" data-id=\"802955b\" data-element_type=\"widget\" data-e-type=\"widget\" data-widget_type=\"heading.default\">\n\t\t\t\t<div class=\"elementor-widget-container\">\n\t\t\t\t\t<h1 class=\"elementor-heading-title elementor-size-default\">Unsere Dienstleistungen<\/h1>\t\t\t\t<\/div>\n\t\t\t\t<\/div>\n\t\t\t\t<div class=\"elementor-element elementor-element-1322af1f elementor-widget elementor-widget-text-editor\" data-id=\"1322af1f\" data-element_type=\"widget\" data-e-type=\"widget\" data-widget_type=\"text-editor.default\">\n\t\t\t\t<div class=\"elementor-widget-container\">\n\t\t\t\t\t\t\t\t\t<p>Unsere Ingenieurleistungen verk\u00f6rpern Professionalit\u00e4t, Exzellenz, Teamarbeit und ein qualifiziertes Team aus Experten und Technikern.<\/p>\t\t\t\t\t\t\t\t<\/div>\n\t\t\t\t<\/div>\n\t\t\t\t<\/div>\n\t\t\t\t\t<\/div>\n\t\t\t\t<\/div>\n\t\t<div class=\"elementor-element elementor-element-ca2ef74 e-flex e-con-boxed e-con e-parent\" data-id=\"ca2ef74\" data-element_type=\"container\" data-e-type=\"container\" data-settings=\"{&quot;background_background&quot;:&quot;classic&quot;}\">\n\t\t\t\t\t<div class=\"e-con-inner\">\n\t\t<div class=\"elementor-element elementor-element-4c050d2b e-con-full e-flex e-con e-child\" data-id=\"4c050d2b\" data-element_type=\"container\" data-e-type=\"container\">\n\t\t\t\t<div class=\"elementor-element elementor-element-7ed921c4 elementor-widget elementor-widget-heading\" data-id=\"7ed921c4\" data-element_type=\"widget\" data-e-type=\"widget\" data-widget_type=\"heading.default\">\n\t\t\t\t<div class=\"elementor-widget-container\">\n\t\t\t\t\t<h2 class=\"elementor-heading-title elementor-size-default\">Richtige Diagnosen <\/h2>\t\t\t\t<\/div>\n\t\t\t\t<\/div>\n\t\t\t\t<div class=\"elementor-element elementor-element-5b40b5ef elementor-widget elementor-widget-text-editor\" data-id=\"5b40b5ef\" data-element_type=\"widget\" data-e-type=\"widget\" data-widget_type=\"text-editor.default\">\n\t\t\t\t<div class=\"elementor-widget-container\">\n\t\t\t\t\t\t\t\t\t<p>Identifizierung der Grundursachen, um Probleme genau zu identifizieren und Gesamtl\u00f6sungen f\u00fcr optimale Leistung und Effizienz zu entwickeln.<\/p>\t\t\t\t\t\t\t\t<\/div>\n\t\t\t\t<\/div>\n\t\t\t\t<\/div>\n\t\t<div class=\"elementor-element elementor-element-707482dd e-con-full e-flex e-con e-child\" data-id=\"707482dd\" data-element_type=\"container\" data-e-type=\"container\">\n\t\t\t\t<div class=\"elementor-element elementor-element-2f63ddeb elementor-widget elementor-widget-image\" data-id=\"2f63ddeb\" data-element_type=\"widget\" data-e-type=\"widget\" data-widget_type=\"image.default\">\n\t\t\t\t<div class=\"elementor-widget-container\">\n\t\t\t\t\t\t\t\t\t\t\t\t\t\t\t<img decoding=\"async\" width=\"750\" height=\"563\" src=\"https:\/\/pd-technik.eu\/wp-content\/uploads\/2024\/02\/2-6-1024x768.webp\" class=\"attachment-large size-large wp-image-29658\" alt=\"Identifizierung der Grundursachen, um Probleme genau zu identifizieren und Gesamtl\u00f6sungen f\u00fcr optimale Leistung und Effizienz zu entwickeln.\" srcset=\"https:\/\/pd-technik.eu\/wp-content\/uploads\/2024\/02\/2-6-1024x768.webp 1024w, https:\/\/pd-technik.eu\/wp-content\/uploads\/2024\/02\/2-6-300x225.webp 300w, https:\/\/pd-technik.eu\/wp-content\/uploads\/2024\/02\/2-6-768x576.webp 768w, https:\/\/pd-technik.eu\/wp-content\/uploads\/2024\/02\/2-6-1536x1152.webp 1536w, https:\/\/pd-technik.eu\/wp-content\/uploads\/2024\/02\/2-6-600x450.webp 600w, https:\/\/pd-technik.eu\/wp-content\/uploads\/2024\/02\/2-6.webp 2048w\" sizes=\"(max-width: 750px) 100vw, 750px\" \/>\t\t\t\t\t\t\t\t\t\t\t\t\t\t\t<\/div>\n\t\t\t\t<\/div>\n\t\t\t\t<\/div>\n\t\t\t\t\t<\/div>\n\t\t\t\t<\/div>\n\t\t<div class=\"elementor-element elementor-element-38059c95 e-flex e-con-boxed e-con e-parent\" data-id=\"38059c95\" data-element_type=\"container\" data-e-type=\"container\" data-settings=\"{&quot;background_background&quot;:&quot;classic&quot;}\">\n\t\t\t\t\t<div class=\"e-con-inner\">\n\t\t<div class=\"elementor-element elementor-element-668e462 e-con-full e-flex e-con e-child\" data-id=\"668e462\" data-element_type=\"container\" data-e-type=\"container\">\n\t\t\t\t<div class=\"elementor-element elementor-element-2fb8d273 elementor-widget elementor-widget-heading\" data-id=\"2fb8d273\" data-element_type=\"widget\" data-e-type=\"widget\" data-widget_type=\"heading.default\">\n\t\t\t\t<div class=\"elementor-widget-container\">\n\t\t\t\t\t<h2 class=\"elementor-heading-title elementor-size-default\">Pr\u00e4zision <\/h2>\t\t\t\t<\/div>\n\t\t\t\t<\/div>\n\t\t\t\t<div class=\"elementor-element elementor-element-3604cd1e elementor-widget elementor-widget-text-editor\" data-id=\"3604cd1e\" data-element_type=\"widget\" data-e-type=\"widget\" data-widget_type=\"text-editor.default\">\n\t\t\t\t<div class=\"elementor-widget-container\">\n\t\t\t\t\t\t\t\t\t<p>Unsere Ingenieurdienstleistungen erfordern viel Liebe zum Detail, genaue Messungen und eine pr\u00e4zise Ausf\u00fchrung, um ein H\u00f6chstma\u00df an Qualit\u00e4t und Leistung f\u00fcr Ihr Projekt sicherzustellen.<\/p>\t\t\t\t\t\t\t\t<\/div>\n\t\t\t\t<\/div>\n\t\t\t\t<\/div>\n\t\t<div class=\"elementor-element elementor-element-7122a946 e-con-full e-flex e-con e-child\" data-id=\"7122a946\" data-element_type=\"container\" data-e-type=\"container\">\n\t\t\t\t<div class=\"elementor-element elementor-element-37e18b72 elementor-widget elementor-widget-image\" data-id=\"37e18b72\" data-element_type=\"widget\" data-e-type=\"widget\" data-widget_type=\"image.default\">\n\t\t\t\t<div class=\"elementor-widget-container\">\n\t\t\t\t\t\t\t\t\t\t\t\t\t\t\t<img decoding=\"async\" width=\"750\" height=\"563\" src=\"https:\/\/pd-technik.eu\/wp-content\/uploads\/2024\/02\/3-6-1024x768.webp\" class=\"attachment-large size-large wp-image-29659\" alt=\"Unsere Ingenieurdienstleistungen erfordern viel Liebe zum Detail, genaue Messungen und eine pr\u00e4zise Ausf\u00fchrung, um ein H\u00f6chstma\u00df an Qualit\u00e4t und Leistung f\u00fcr Ihr Projekt sicherzustellen.\" srcset=\"https:\/\/pd-technik.eu\/wp-content\/uploads\/2024\/02\/3-6-1024x768.webp 1024w, https:\/\/pd-technik.eu\/wp-content\/uploads\/2024\/02\/3-6-300x225.webp 300w, https:\/\/pd-technik.eu\/wp-content\/uploads\/2024\/02\/3-6-768x576.webp 768w, https:\/\/pd-technik.eu\/wp-content\/uploads\/2024\/02\/3-6-1536x1152.webp 1536w, https:\/\/pd-technik.eu\/wp-content\/uploads\/2024\/02\/3-6-600x450.webp 600w, https:\/\/pd-technik.eu\/wp-content\/uploads\/2024\/02\/3-6.webp 2048w\" sizes=\"(max-width: 750px) 100vw, 750px\" \/>\t\t\t\t\t\t\t\t\t\t\t\t\t\t\t<\/div>\n\t\t\t\t<\/div>\n\t\t\t\t<\/div>\n\t\t\t\t\t<\/div>\n\t\t\t\t<\/div>\n\t\t<div class=\"elementor-element elementor-element-4cf32db e-flex e-con-boxed e-con e-parent\" data-id=\"4cf32db\" data-element_type=\"container\" data-e-type=\"container\" data-settings=\"{&quot;background_background&quot;:&quot;classic&quot;}\">\n\t\t\t\t\t<div class=\"e-con-inner\">\n\t\t<div class=\"elementor-element elementor-element-6e30e52 e-con-full e-flex e-con e-child\" data-id=\"6e30e52\" data-element_type=\"container\" data-e-type=\"container\">\n\t\t\t\t<div class=\"elementor-element elementor-element-4b6f9f26 elementor-widget elementor-widget-heading\" data-id=\"4b6f9f26\" data-element_type=\"widget\" data-e-type=\"widget\" data-widget_type=\"heading.default\">\n\t\t\t\t<div class=\"elementor-widget-container\">\n\t\t\t\t\t<h2 class=\"elementor-heading-title elementor-size-default\">Garantiert optimale Leistung<\/h2>\t\t\t\t<\/div>\n\t\t\t\t<\/div>\n\t\t\t\t<div class=\"elementor-element elementor-element-14851f04 elementor-widget elementor-widget-text-editor\" data-id=\"14851f04\" data-element_type=\"widget\" data-e-type=\"widget\" data-widget_type=\"text-editor.default\">\n\t\t\t\t<div class=\"elementor-widget-container\">\n\t\t\t\t\t\t\t\t\t<p>Unsere Ingenieursarbeit ist garantiert und gew\u00e4hrleistet erstklassige Ergebnisse.<\/p>\t\t\t\t\t\t\t\t<\/div>\n\t\t\t\t<\/div>\n\t\t\t\t<\/div>\n\t\t<div class=\"elementor-element elementor-element-3fbd3a3e e-con-full e-flex e-con e-child\" data-id=\"3fbd3a3e\" data-element_type=\"container\" data-e-type=\"container\">\n\t\t\t\t<div class=\"elementor-element elementor-element-61e448c1 elementor-widget elementor-widget-image\" data-id=\"61e448c1\" data-element_type=\"widget\" data-e-type=\"widget\" data-widget_type=\"image.default\">\n\t\t\t\t<div class=\"elementor-widget-container\">\n\t\t\t\t\t\t\t\t\t\t\t\t\t\t\t<img loading=\"lazy\" decoding=\"async\" width=\"750\" height=\"563\" src=\"https:\/\/pd-technik.eu\/wp-content\/uploads\/2024\/02\/4-6-1024x768.webp\" class=\"attachment-large size-large wp-image-29660\" alt=\"Unsere Ingenieursarbeit ist garantiert und gew\u00e4hrleistet erstklassige Ergebnisse.\" srcset=\"https:\/\/pd-technik.eu\/wp-content\/uploads\/2024\/02\/4-6-1024x768.webp 1024w, https:\/\/pd-technik.eu\/wp-content\/uploads\/2024\/02\/4-6-300x225.webp 300w, https:\/\/pd-technik.eu\/wp-content\/uploads\/2024\/02\/4-6-768x576.webp 768w, https:\/\/pd-technik.eu\/wp-content\/uploads\/2024\/02\/4-6-1536x1152.webp 1536w, https:\/\/pd-technik.eu\/wp-content\/uploads\/2024\/02\/4-6-600x450.webp 600w, https:\/\/pd-technik.eu\/wp-content\/uploads\/2024\/02\/4-6.webp 2048w\" sizes=\"(max-width: 750px) 100vw, 750px\" \/>\t\t\t\t\t\t\t\t\t\t\t\t\t\t\t<\/div>\n\t\t\t\t<\/div>\n\t\t\t\t<\/div>\n\t\t\t\t\t<\/div>\n\t\t\t\t<\/div>\n\t\t<div class=\"elementor-element elementor-element-20ff2398 e-con-full e-flex e-con e-parent\" data-id=\"20ff2398\" data-element_type=\"container\" data-e-type=\"container\" data-settings=\"{&quot;background_background&quot;:&quot;classic&quot;}\">\n\t\t\t\t<div class=\"elementor-element elementor-element-487149b elementor-widget__width-initial elementor-widget-tablet__width-initial elementor-widget elementor-widget-image\" data-id=\"487149b\" data-element_type=\"widget\" data-e-type=\"widget\" data-widget_type=\"image.default\">\n\t\t\t\t<div class=\"elementor-widget-container\">\n\t\t\t\t\t\t\t\t\t\t\t\t\t\t\t<img loading=\"lazy\" decoding=\"async\" width=\"750\" height=\"563\" src=\"https:\/\/pd-technik.eu\/wp-content\/uploads\/2024\/02\/5-4-1024x768.webp\" class=\"attachment-large size-large wp-image-29661\" alt=\"ON-SITE WORKSHOP Quality, Deliverability, and Performance.\" srcset=\"https:\/\/pd-technik.eu\/wp-content\/uploads\/2024\/02\/5-4-1024x768.webp 1024w, https:\/\/pd-technik.eu\/wp-content\/uploads\/2024\/02\/5-4-300x225.webp 300w, https:\/\/pd-technik.eu\/wp-content\/uploads\/2024\/02\/5-4-768x576.webp 768w, https:\/\/pd-technik.eu\/wp-content\/uploads\/2024\/02\/5-4-1536x1152.webp 1536w, https:\/\/pd-technik.eu\/wp-content\/uploads\/2024\/02\/5-4-600x450.webp 600w, https:\/\/pd-technik.eu\/wp-content\/uploads\/2024\/02\/5-4.webp 2048w\" sizes=\"(max-width: 750px) 100vw, 750px\" \/>\t\t\t\t\t\t\t\t\t\t\t\t\t\t\t<\/div>\n\t\t\t\t<\/div>\n\t\t<div class=\"elementor-element elementor-element-1d458b06 e-con-full e-flex e-con e-child\" data-id=\"1d458b06\" data-element_type=\"container\" data-e-type=\"container\">\n\t\t\t\t<div class=\"elementor-element elementor-element-301cd1c0 elementor-widget elementor-widget-heading\" data-id=\"301cd1c0\" data-element_type=\"widget\" data-e-type=\"widget\" data-widget_type=\"heading.default\">\n\t\t\t\t<div class=\"elementor-widget-container\">\n\t\t\t\t\t<h2 class=\"elementor-heading-title elementor-size-default\">Workshop vor Ort<\/h2>\t\t\t\t<\/div>\n\t\t\t\t<\/div>\n\t\t\t\t<div class=\"elementor-element elementor-element-7fe8bee3 elementor-widget-mobile__width-inherit elementor-widget elementor-widget-text-editor\" data-id=\"7fe8bee3\" data-element_type=\"widget\" data-e-type=\"widget\" data-widget_type=\"text-editor.default\">\n\t\t\t\t<div class=\"elementor-widget-container\">\n\t\t\t\t\t\t\t\t\t<p>Qualit\u00e4t, Zustellbarkeit und Leistung.<\/p>\t\t\t\t\t\t\t\t<\/div>\n\t\t\t\t<\/div>\n\t\t\t\t<\/div>\n\t\t\t\t<\/div>\n\t\t<div class=\"elementor-element elementor-element-16d7f605 e-flex e-con-boxed e-con e-parent\" data-id=\"16d7f605\" data-element_type=\"container\" data-e-type=\"container\" data-settings=\"{&quot;background_background&quot;:&quot;classic&quot;}\">\n\t\t\t\t\t<div class=\"e-con-inner\">\n\t\t\t\t<div class=\"elementor-element elementor-element-15452b0f elementor-widget elementor-widget-heading\" data-id=\"15452b0f\" data-element_type=\"widget\" data-e-type=\"widget\" data-widget_type=\"heading.default\">\n\t\t\t\t<div class=\"elementor-widget-container\">\n\t\t\t\t\t<h3 class=\"elementor-heading-title elementor-size-default\">Jetzt Vor-Ort-Service anfordern \n<\/h3>\t\t\t\t<\/div>\n\t\t\t\t<\/div>\n\t\t\t\t<div class=\"elementor-element elementor-element-95528ee elementor-mobile-align-center elementor-align-center elementor-widget elementor-widget-button\" data-id=\"95528ee\" data-element_type=\"widget\" data-e-type=\"widget\" data-widget_type=\"button.default\">\n\t\t\t\t<div class=\"elementor-widget-container\">\n\t\t\t\t\t\t\t\t\t<div class=\"elementor-button-wrapper\">\n\t\t\t\t\t<a class=\"elementor-button elementor-button-link elementor-size-sm\" href=\"https:\/\/pd-technik.eu\/de\/service-request\/\" target=\"_blank\">\n\t\t\t\t\t\t<span class=\"elementor-button-content-wrapper\">\n\t\t\t\t\t\t\t\t\t<span class=\"elementor-button-text\">Service anfordern<\/span>\n\t\t\t\t\t<\/span>\n\t\t\t\t\t<\/a>\n\t\t\t\t<\/div>\n\t\t\t\t\t\t\t\t<\/div>\n\t\t\t\t<\/div>\n\t\t\t\t\t<\/div>\n\t\t\t\t<\/div>\n\t\t\t\t<\/div>","protected":false},"excerpt":{"rendered":"<p>Services Program Maintenance Contracts On-Site Service Technical Reports Repair Warranty After-Sale Care Program Dedicated Support Our Services Our engineering services embody professionalism, excellence, teamwork, and a qualified team of experts [&hellip;]<\/p>\n","protected":false},"author":2,"featured_media":0,"parent":0,"menu_order":0,"comment_status":"closed","ping_status":"closed","template":"","meta":{"breadcrumbs_single_post":"","page_title_panel":"","breadcrumbs_single_page":"","single_page_alignment":"","single_page_margin":"","page_structure_type":"","content_style_source":"","content_style":"","blog_post_streched_ed":"","blog_page_streched_ed":"","has_transparent_header":"","disable_transparent_header":"","vertical_spacing_source":"","content_area_spacing":"","single_post_content_background":"","single_page_content_background":"","single_post_boxed_content_spacing":"","single_page_boxed_content_spacing":"","single_post_content_boxed_radius":"","single_page_content_boxed_radius":"","disable_featured_image":"","disable_post_tags":"","disable_author_box":"","disable_posts_navigation":"","disable_comments":"","disable_related_posts":"","disable_header":"","disable_footer":"","footnotes":""},"class_list":["post-21903","page","type-page","status-publish","hentry","rishi-post","no-post-thumbnail"],"_links":{"self":[{"href":"https:\/\/pd-technik.eu\/de\/wp-json\/wp\/v2\/pages\/21903","targetHints":{"allow":["GET"]}}],"collection":[{"href":"https:\/\/pd-technik.eu\/de\/wp-json\/wp\/v2\/pages"}],"about":[{"href":"https:\/\/pd-technik.eu\/de\/wp-json\/wp\/v2\/types\/page"}],"author":[{"embeddable":true,"href":"https:\/\/pd-technik.eu\/de\/wp-json\/wp\/v2\/users\/2"}],"replies":[{"embeddable":true,"href":"https:\/\/pd-technik.eu\/de\/wp-json\/wp\/v2\/comments?post=21903"}],"version-history":[{"count":260,"href":"https:\/\/pd-technik.eu\/de\/wp-json\/wp\/v2\/pages\/21903\/revisions"}],"predecessor-version":[{"id":32678,"href":"https:\/\/pd-technik.eu\/de\/wp-json\/wp\/v2\/pages\/21903\/revisions\/32678"}],"wp:attachment":[{"href":"https:\/\/pd-technik.eu\/de\/wp-json\/wp\/v2\/media?parent=21903"}],"curies":[{"name":"wp","href":"https:\/\/api.w.org\/{rel}","templated":true}]}}