{"id":25933,"date":"2024-02-22T17:32:06","date_gmt":"2024-02-22T17:32:06","guid":{"rendered":"https:\/\/pd-technik.eu\/?page_id=25933"},"modified":"2024-04-16T23:38:02","modified_gmt":"2024-04-16T23:38:02","slug":"tomato-sauce-production-application","status":"publish","type":"page","link":"https:\/\/pd-technik.eu\/de\/tomato-sauce-production-application\/","title":{"rendered":"Tomato Sauce Production Application"},"content":{"rendered":"<div data-elementor-type=\"wp-post\" data-elementor-id=\"25933\" class=\"elementor elementor-25933\" data-elementor-post-type=\"page\">\n\t\t\t\t<div class=\"elementor-element elementor-element-5d3655d1 e-flex e-con-boxed e-con e-parent\" data-id=\"5d3655d1\" data-element_type=\"container\" data-e-type=\"container\" data-settings=\"{&quot;background_background&quot;:&quot;classic&quot;}\">\n\t\t\t\t\t<div class=\"e-con-inner\">\n\t\t\t\t\t<\/div>\n\t\t\t\t<\/div>\n\t\t<div class=\"elementor-element elementor-element-1125f3ca e-flex e-con-boxed e-con e-parent\" data-id=\"1125f3ca\" data-element_type=\"container\" data-e-type=\"container\" data-settings=\"{&quot;background_background&quot;:&quot;classic&quot;}\">\n\t\t\t\t\t<div class=\"e-con-inner\">\n\t\t<div class=\"elementor-element elementor-element-3556aaff e-flex e-con-boxed e-con e-child\" data-id=\"3556aaff\" data-element_type=\"container\" data-e-type=\"container\">\n\t\t\t\t\t<div class=\"e-con-inner\">\n\t\t\t\t<div class=\"elementor-element elementor-element-69fdc279 elementor-widget elementor-widget-image-box\" data-id=\"69fdc279\" data-element_type=\"widget\" data-e-type=\"widget\" data-widget_type=\"image-box.default\">\n\t\t\t\t<div class=\"elementor-widget-container\">\n\t\t\t\t\t<div class=\"elementor-image-box-wrapper\"><div class=\"elementor-image-box-content\"><h3 class=\"elementor-image-box-title\">Herstellung von Tomatensauce<\/h3><\/div><\/div>\t\t\t\t<\/div>\n\t\t\t\t<\/div>\n\t\t\t\t<div class=\"elementor-element elementor-element-fc98f5d elementor-widget elementor-widget-text-editor\" data-id=\"fc98f5d\" data-element_type=\"widget\" data-e-type=\"widget\" data-widget_type=\"text-editor.default\">\n\t\t\t\t<div class=\"elementor-widget-container\">\n\t\t\t\t\t\t\t\t\t<div class=\"Message_row__ug_UU\"><div class=\"Message_botMessageBubble__aYctV\"><div class=\"Markdown_markdownContainer__Tz3HQ\"><p>In der Tomatensaucenproduktionsindustrie spielen Vakuumpumpen und Kreiselpumpen eine entscheidende Rolle bei der Gew\u00e4hrleistung einer effizienten und qualitativ hochwertigen Saucenproduktion. Vakuumpumpen werden f\u00fcr verschiedene Zwecke wie Entl\u00fcftungs-, Konzentrations-, Misch-, Abf\u00fcll- und Verpackungsprozesse eingesetzt. W\u00e4hrend der Entl\u00fcftung entfernen Vakuumpumpen Luft und Gase aus der So\u00dfe, bewahren so ihre Qualit\u00e4t und verhindern eine Oxidation. Beim Konzentrationsprozess unterst\u00fctzen Vakuumpumpen die Verdunstung, wodurch \u00fcbersch\u00fcssiges Wasser entfernt und die gew\u00fcnschte Saucenkonsistenz erreicht wird. Durch die Schaffung einer Vakuumumgebung tragen diese Pumpen zur Entfernung eingeschlossener Luftblasen bei und sorgen so f\u00fcr eine gleichm\u00e4\u00dfige Textur im Endprodukt. Dar\u00fcber hinaus tragen Vakuumpumpen dazu bei, die Haltbarkeit von Tomatensauce zu verl\u00e4ngern, indem sie Luft entfernen und das Risiko des Verderbens verringern.<\/p><p>Auch bei der Herstellung von Tomatensauce spielen Kreiselpumpen eine entscheidende Rolle. Sie werden haupts\u00e4chlich f\u00fcr den Zutatentransfer, das Erhitzen, K\u00fchlen, den Saucentransfer und Reinigungsprozesse verwendet. Kreiselpumpen erleichtern den Transport von So\u00dfe und Zutaten zwischen verschiedenen Produktionsstufen und sorgen so f\u00fcr einen reibungslosen und kontinuierlichen Arbeitsablauf. Diese Pumpen sorgen f\u00fcr eine pr\u00e4zise Temperaturregelung und erm\u00f6glichen so ein effizientes Erhitzen und K\u00fchlen der Sauce w\u00e4hrend der Verarbeitung. Sie erleichtern auch den Transfer der So\u00dfe von einem Gef\u00e4\u00df in ein anderes, wodurch die Integrit\u00e4t des Produkts erhalten bleibt und Verschwendung minimiert wird. Im Hinblick auf die Ger\u00e4tehygiene unterst\u00fctzen Kreiselpumpen den Reinigungsprozess, indem sie So\u00dfenreste effizient aussp\u00fclen und hygienische Bedingungen gew\u00e4hrleisten.<\/p><p>Zusammen tragen Vakuumpumpen und Kreiselpumpen zur Gesamteffizienz, Qualit\u00e4t und Hygiene der Tomatensaucenproduktion bei. Ihre Rolle bei den Prozessen Entl\u00fcftung, Konzentration, Mischen, Abf\u00fcllen, Verpacken, Zutatentransfer, Erhitzen, K\u00fchlen und Reinigen gew\u00e4hrleistet optimalen Geschmack, Textur und Konservierung w\u00e4hrend des gesamten Herstellungsprozesses. Durch den Einsatz dieser Pumpen k\u00f6nnen Tomatensaucenhersteller konsistente Ergebnisse erzielen, die Produktion rationalisieren und den Verbrauchern ein qualitativ hochwertiges Produkt liefern.<\/p><\/div><\/div><\/div>\t\t\t\t\t\t\t\t<\/div>\n\t\t\t\t<\/div>\n\t\t\t\t\t<\/div>\n\t\t\t\t<\/div>\n\t\t\t\t\t<\/div>\n\t\t\t\t<\/div>\n\t\t\t\t<\/div>","protected":false},"excerpt":{"rendered":"<p>Tomato Sauce Production In the tomato sauce production industry, vacuum pumps and centrifugal pumps play vital roles in ensuring efficient and high-quality sauce production. Vacuum pumps are utilized for various [&hellip;]<\/p>\n","protected":false},"author":2,"featured_media":0,"parent":0,"menu_order":0,"comment_status":"closed","ping_status":"closed","template":"","meta":{"breadcrumbs_single_post":"","page_title_panel":"","breadcrumbs_single_page":"","single_page_alignment":"","single_page_margin":"","page_structure_type":"","content_style_source":"","content_style":"","blog_post_streched_ed":"","blog_page_streched_ed":"","has_transparent_header":"","disable_transparent_header":"","vertical_spacing_source":"","content_area_spacing":"","single_post_content_background":"","single_page_content_background":"","single_post_boxed_content_spacing":"","single_page_boxed_content_spacing":"","single_post_content_boxed_radius":"","single_page_content_boxed_radius":"","disable_featured_image":"","disable_post_tags":"","disable_author_box":"","disable_posts_navigation":"","disable_comments":"","disable_related_posts":"","disable_header":"","disable_footer":"","footnotes":""},"class_list":["post-25933","page","type-page","status-publish","hentry","rishi-post","no-post-thumbnail"],"_links":{"self":[{"href":"https:\/\/pd-technik.eu\/de\/wp-json\/wp\/v2\/pages\/25933","targetHints":{"allow":["GET"]}}],"collection":[{"href":"https:\/\/pd-technik.eu\/de\/wp-json\/wp\/v2\/pages"}],"about":[{"href":"https:\/\/pd-technik.eu\/de\/wp-json\/wp\/v2\/types\/page"}],"author":[{"embeddable":true,"href":"https:\/\/pd-technik.eu\/de\/wp-json\/wp\/v2\/users\/2"}],"replies":[{"embeddable":true,"href":"https:\/\/pd-technik.eu\/de\/wp-json\/wp\/v2\/comments?post=25933"}],"version-history":[{"count":34,"href":"https:\/\/pd-technik.eu\/de\/wp-json\/wp\/v2\/pages\/25933\/revisions"}],"predecessor-version":[{"id":32717,"href":"https:\/\/pd-technik.eu\/de\/wp-json\/wp\/v2\/pages\/25933\/revisions\/32717"}],"wp:attachment":[{"href":"https:\/\/pd-technik.eu\/de\/wp-json\/wp\/v2\/media?parent=25933"}],"curies":[{"name":"wp","href":"https:\/\/api.w.org\/{rel}","templated":true}]}}