{"id":32795,"date":"2024-04-17T02:33:35","date_gmt":"2024-04-17T02:33:35","guid":{"rendered":"https:\/\/pd-technik.eu\/?page_id=32795"},"modified":"2024-04-17T02:56:57","modified_gmt":"2024-04-17T02:56:57","slug":"water-treatement-application","status":"publish","type":"page","link":"https:\/\/pd-technik.eu\/de\/water-treatement-application\/","title":{"rendered":"Water Treatement Application"},"content":{"rendered":"<div data-elementor-type=\"wp-post\" data-elementor-id=\"32795\" class=\"elementor elementor-32795\" data-elementor-post-type=\"page\">\n\t\t\t\t<div class=\"elementor-element elementor-element-6cfb1260 e-flex e-con-boxed e-con e-parent\" data-id=\"6cfb1260\" data-element_type=\"container\" data-e-type=\"container\" data-settings=\"{&quot;background_background&quot;:&quot;classic&quot;}\">\n\t\t\t\t\t<div class=\"e-con-inner\">\n\t\t\t\t\t<\/div>\n\t\t\t\t<\/div>\n\t\t<div class=\"elementor-element elementor-element-6634f74 e-flex e-con-boxed e-con e-parent\" data-id=\"6634f74\" data-element_type=\"container\" data-e-type=\"container\" data-settings=\"{&quot;background_background&quot;:&quot;classic&quot;}\">\n\t\t\t\t\t<div class=\"e-con-inner\">\n\t\t<div class=\"elementor-element elementor-element-168d7ae5 e-flex e-con-boxed e-con e-child\" data-id=\"168d7ae5\" data-element_type=\"container\" data-e-type=\"container\">\n\t\t\t\t\t<div class=\"e-con-inner\">\n\t\t\t\t<div class=\"elementor-element elementor-element-54d1f3f elementor-widget elementor-widget-image-box\" data-id=\"54d1f3f\" data-element_type=\"widget\" data-e-type=\"widget\" data-widget_type=\"image-box.default\">\n\t\t\t\t<div class=\"elementor-widget-container\">\n\t\t\t\t\t<div class=\"elementor-image-box-wrapper\"><div class=\"elementor-image-box-content\"><h3 class=\"elementor-image-box-title\">Wasserversorgung<\/h3><\/div><\/div>\t\t\t\t<\/div>\n\t\t\t\t<\/div>\n\t\t\t\t<div class=\"elementor-element elementor-element-2bf1e2cd elementor-widget elementor-widget-text-editor\" data-id=\"2bf1e2cd\" data-element_type=\"widget\" data-e-type=\"widget\" data-widget_type=\"text-editor.default\">\n\t\t\t\t<div class=\"elementor-widget-container\">\n\t\t\t\t\t\t\t\t\t<div class=\"Message_row__ug_UU\"><div class=\"Message_botMessageBubble__aYctV\"><div class=\"Markdown_markdownContainer__Tz3HQ\"><p>Bei der Wasseraufbereitung werden Gebl\u00e4se und Pumpen als wesentliche Komponenten in verschiedenen Phasen des Aufbereitungsprozesses eingesetzt. Diese Ger\u00e4te werden verwendet, um die Behandlungsvorg\u00e4nge zu erleichtern und zu optimieren. So werden Gebl\u00e4se und Pumpen \u00fcblicherweise bei der Wasseraufbereitung eingesetzt:<\/p><ol><li>Gebl\u00e4se:<br \/>Gebl\u00e4se werden haupts\u00e4chlich zur Bel\u00fcftung in Wasseraufbereitungsprozessen eingesetzt. Bel\u00fcftung ist der Prozess, bei dem Luft oder Sauerstoff in das Wasser eingebracht wird, um das Wachstum aerober Mikroorganismen zu unterst\u00fctzen, die beim Abbau organischer Stoffe und der Entfernung von Schadstoffen helfen. Gebl\u00e4se sorgen f\u00fcr die notwendige Luftversorgung f\u00fcr Prozesse wie:<\/li><\/ol><ul><li>Belebtschlammverfahren: Gebl\u00e4se versorgen die Belebungsbecken mit Luft, wo Mikroorganismen organisches Material verbrauchen und in Biomasse umwandeln.<\/li><li>Biologische Filter: Gebl\u00e4se f\u00f6rdern Luft zu Tropfk\u00f6rpern oder Biofilmreaktoren und f\u00f6rdern so das Wachstum von Mikroorganismen, die Schadstoffe abbauen.<\/li><li>Membranbioreaktoren: Gebl\u00e4se erzeugen den Luftreinigungseffekt, um die Membranoberfl\u00e4chen sauber zu halten und Verschmutzung zu verhindern.<br \/>Gebl\u00e4se werden in bestimmten Behandlungssystemen auch f\u00fcr andere Zwecke wie R\u00fchren, Mischen und Abgasbehandlung verwendet.<\/li><\/ul><ol start=\"2\"><li>Pumps<br \/>Pumpen sind f\u00fcr den Wassertransport innerhalb der Aufbereitungsanlage und die Aufrechterhaltung der erforderlichen Durchflussraten von entscheidender Bedeutung. Sie werden h\u00e4ufig in folgenden Anwendungen eingesetzt:<\/li><\/ol><ul><li>Rohwasseraufnahme: Pumpen saugen Wasser aus Quellen wie Fl\u00fcssen, Seen oder Brunnen und f\u00f6rdern es zur Aufbereitungsanlage.<\/li><li>Chemikaliendosierung: Pumpen werden verwendet, um Chemikalien wie Gerinnungsmittel, Desinfektionsmittel oder pH-Einstellmittel an bestimmten Stellen im Aufbereitungsprozess genau in das Wasser einzuspritzen.<\/li><li>Filtration: Pumpen erm\u00f6glichen die Bewegung von Wasser durch verschiedene Filtersysteme wie Sandfilter, Multimediafilter oder Membranfiltrationseinheiten, um suspendierte Feststoffe und Verunreinigungen zu entfernen.<\/li><li>Schlammbehandlung: Pumpen werden eingesetzt, um Schlamm aus Absetzbecken oder Schlammeindickungsprozessen zu weiteren Behandlungs- oder Entsorgungseinheiten zu transportieren.<\/li><li>Abwasserableitung: Pumpen helfen beim Pumpen des aufbereiteten Wassers oder Abwassers aus der Kl\u00e4ranlage zum Abflusspunkt, z. B. einem Fluss, einem Meeresauslass oder einem Speicherreservoir.<\/li><\/ul><p>Sowohl Gebl\u00e4se als auch Pumpen spielen bei Wasseraufbereitungsprozessen eine entscheidende Rolle und gew\u00e4hrleisten effiziente und effektive Aufbereitungsvorg\u00e4nge sowie die Lieferung von qualitativ hochwertigem aufbereitetem Wasser. Der spezifische Typ und die Gr\u00f6\u00dfe der verwendeten Gebl\u00e4se und Pumpen h\u00e4ngen von den Prozessanforderungen, der Aufbereitungskapazit\u00e4t und den Eigenschaften des zu behandelnden Wassers ab.<\/p><\/div><\/div><\/div>\t\t\t\t\t\t\t\t<\/div>\n\t\t\t\t<\/div>\n\t\t\t\t\t<\/div>\n\t\t\t\t<\/div>\n\t\t\t\t\t<\/div>\n\t\t\t\t<\/div>\n\t\t\t\t<\/div>","protected":false},"excerpt":{"rendered":"<p>Water Treatment Water treatment involves the use of blowers and pumps as essential components in various stages of the treatment process. These equipment are used to facilitate and optimize the [&hellip;]<\/p>\n","protected":false},"author":2,"featured_media":0,"parent":0,"menu_order":0,"comment_status":"closed","ping_status":"closed","template":"","meta":{"breadcrumbs_single_post":"","page_title_panel":"","breadcrumbs_single_page":"","single_page_alignment":"","single_page_margin":"","page_structure_type":"","content_style_source":"","content_style":"","blog_post_streched_ed":"","blog_page_streched_ed":"","has_transparent_header":"","disable_transparent_header":"","vertical_spacing_source":"","content_area_spacing":"","single_post_content_background":"","single_page_content_background":"","single_post_boxed_content_spacing":"","single_page_boxed_content_spacing":"","single_post_content_boxed_radius":"","single_page_content_boxed_radius":"","disable_featured_image":"","disable_post_tags":"","disable_author_box":"","disable_posts_navigation":"","disable_comments":"","disable_related_posts":"","disable_header":"","disable_footer":"","footnotes":""},"class_list":["post-32795","page","type-page","status-publish","hentry","rishi-post","no-post-thumbnail"],"_links":{"self":[{"href":"https:\/\/pd-technik.eu\/de\/wp-json\/wp\/v2\/pages\/32795","targetHints":{"allow":["GET"]}}],"collection":[{"href":"https:\/\/pd-technik.eu\/de\/wp-json\/wp\/v2\/pages"}],"about":[{"href":"https:\/\/pd-technik.eu\/de\/wp-json\/wp\/v2\/types\/page"}],"author":[{"embeddable":true,"href":"https:\/\/pd-technik.eu\/de\/wp-json\/wp\/v2\/users\/2"}],"replies":[{"embeddable":true,"href":"https:\/\/pd-technik.eu\/de\/wp-json\/wp\/v2\/comments?post=32795"}],"version-history":[{"count":12,"href":"https:\/\/pd-technik.eu\/de\/wp-json\/wp\/v2\/pages\/32795\/revisions"}],"predecessor-version":[{"id":32854,"href":"https:\/\/pd-technik.eu\/de\/wp-json\/wp\/v2\/pages\/32795\/revisions\/32854"}],"wp:attachment":[{"href":"https:\/\/pd-technik.eu\/de\/wp-json\/wp\/v2\/media?parent=32795"}],"curies":[{"name":"wp","href":"https:\/\/api.w.org\/{rel}","templated":true}]}}