{"id":32799,"date":"2024-04-17T02:35:42","date_gmt":"2024-04-17T02:35:42","guid":{"rendered":"https:\/\/pd-technik.eu\/?page_id=32799"},"modified":"2024-04-17T07:05:43","modified_gmt":"2024-04-17T07:05:43","slug":"tomato-processings","status":"publish","type":"page","link":"https:\/\/pd-technik.eu\/de\/tomato-processings\/","title":{"rendered":"Tomatenverarbeitung"},"content":{"rendered":"<div data-elementor-type=\"wp-post\" data-elementor-id=\"32799\" class=\"elementor elementor-32799\" data-elementor-post-type=\"page\">\n\t\t\t\t<div class=\"elementor-element elementor-element-67f3c742 e-flex e-con-boxed e-con e-parent\" data-id=\"67f3c742\" data-element_type=\"container\" data-e-type=\"container\" data-settings=\"{&quot;background_background&quot;:&quot;classic&quot;}\">\n\t\t\t\t\t<div class=\"e-con-inner\">\n\t\t\t\t\t<\/div>\n\t\t\t\t<\/div>\n\t\t<div class=\"elementor-element elementor-element-73872ea7 e-flex e-con-boxed e-con e-parent\" data-id=\"73872ea7\" data-element_type=\"container\" data-e-type=\"container\" data-settings=\"{&quot;background_background&quot;:&quot;classic&quot;}\">\n\t\t\t\t\t<div class=\"e-con-inner\">\n\t\t<div class=\"elementor-element elementor-element-212e1b2a e-flex e-con-boxed e-con e-child\" data-id=\"212e1b2a\" data-element_type=\"container\" data-e-type=\"container\">\n\t\t\t\t\t<div class=\"e-con-inner\">\n\t\t\t\t<div class=\"elementor-element elementor-element-ca0b844 elementor-widget elementor-widget-image-box\" data-id=\"ca0b844\" data-element_type=\"widget\" data-e-type=\"widget\" data-widget_type=\"image-box.default\">\n\t\t\t\t<div class=\"elementor-widget-container\">\n\t\t\t\t\t<div class=\"elementor-image-box-wrapper\"><div class=\"elementor-image-box-content\"><h3 class=\"elementor-image-box-title\">Tomatenverarbeitung <\/h3><\/div><\/div>\t\t\t\t<\/div>\n\t\t\t\t<\/div>\n\t\t\t\t<div class=\"elementor-element elementor-element-8d3dbb4 elementor-widget elementor-widget-text-editor\" data-id=\"8d3dbb4\" data-element_type=\"widget\" data-e-type=\"widget\" data-widget_type=\"text-editor.default\">\n\t\t\t\t<div class=\"elementor-widget-container\">\n\t\t\t\t\t\t\t\t\t<div class=\"Message_row__ug_UU\"><div class=\"Message_botMessageBubble__aYctV\"><div class=\"Markdown_markdownContainer__Tz3HQ\"><div class=\"Message_row__ug_UU\"><div class=\"Message_botMessageBubble__aYctV\"><div class=\"Markdown_markdownContainer__Tz3HQ\"><p>In der Tomatensaucenproduktionsindustrie sind verschiedene Prozesse wie Waschen, Empfangen, Sortieren und Zubereiten f\u00fcr die Herstellung hochwertiger Saucen unerl\u00e4sslich. W\u00e4hrend Vakuumpumpen und Kreiselpumpen h\u00e4ufig in industriellen Anwendungen eingesetzt werden, ist ihre spezifische Rolle in diesen Anfangsphasen der So\u00dfenproduktion m\u00f6glicherweise nicht so wichtig. In diesen Phasen werden jedoch typischerweise andere Ger\u00e4te und Prozesse eingesetzt. Schauen wir uns die Prozesse genauer an:<\/p><ol><li><p>Waschen: In der Waschphase werden frische Tomaten typischerweise wasserbasierten Reinigungssystemen unterzogen, bei denen es sich um Spr\u00fchger\u00e4te, B\u00fcrsten oder Tauchtanks handeln kann. Diese Systeme helfen dabei, Schmutz, Ablagerungen und Oberfl\u00e4chenverunreinigungen von den Tomaten zu entfernen.<\/p><\/li><li><p>Annahme und Sortierung: Nach dem Waschen werden die Tomaten entgegengenommen und nach Qualit\u00e4t und Gr\u00f6\u00dfe sortiert. Dieser Schritt kann F\u00f6rderb\u00e4nder, Inspektionsstationen und manuelle Sortierung umfassen, um sicherzustellen, dass nur geeignete Tomaten in die n\u00e4chste Stufe gelangen.<\/p><\/li><li><p>Vorbereitung: Sobald die Tomaten sortiert sind, werden sie vorbereitet. Dazu geh\u00f6ren Schritte wie Blanchieren, Sch\u00e4len und Zerkleinern. Beim Blanchieren werden die Tomaten kurz in hei\u00dfes Wasser getaucht, um das Entfernen der Haut zu erleichtern. Durch das Sch\u00e4len wird die Haut entfernt und durch das Zerkleinern werden die Tomaten zu einem Brei oder einer Paste zerkleinert. Typischerweise werden in dieser Phase Ger\u00e4te wie Blancher, Sch\u00e4ler, Zerkleinerer und Pulper eingesetzt.<\/p><\/li><\/ol><p>W\u00e4hrend Vakuumpumpen und Kreiselpumpen in diesen Anfangsphasen m\u00f6glicherweise nicht direkt beteiligt sind, spielen sie, wie in der vorherigen Antwort erw\u00e4hnt, in den nachfolgenden Phasen der Tomatensaucenproduktion eine wichtige Rolle. Zu diesen Phasen geh\u00f6ren Prozesse wie Entl\u00fcftung, Konzentration, Mischen, Abf\u00fcllen, Verpacken, Zutatentransfer, Erhitzen, K\u00fchlen, Saucentransfer und Reinigung.<\/p><p>Es ist wichtig zu beachten, dass die spezifischen Ger\u00e4te und Prozesse, die bei der Herstellung von Tomatensauce eingesetzt werden, je nach Produktionsumfang, den gew\u00fcnschten Sauceneigenschaften und der spezifischen Produktionsanlage variieren k\u00f6nnen.<\/p><\/div><\/div><\/div><\/div><\/div><\/div>\t\t\t\t\t\t\t\t<\/div>\n\t\t\t\t<\/div>\n\t\t\t\t\t<\/div>\n\t\t\t\t<\/div>\n\t\t\t\t\t<\/div>\n\t\t\t\t<\/div>\n\t\t\t\t<\/div>","protected":false},"excerpt":{"rendered":"<p>Tomato Processings In the tomato sauce production industry, various processes such as washing, receiving, sorting, and preparation are essential for creating high-quality sauce. While vacuum pumps and centrifugal pumps are [&hellip;]<\/p>\n","protected":false},"author":2,"featured_media":0,"parent":0,"menu_order":0,"comment_status":"closed","ping_status":"closed","template":"","meta":{"breadcrumbs_single_post":"","page_title_panel":"","breadcrumbs_single_page":"","single_page_alignment":"","single_page_margin":"","page_structure_type":"","content_style_source":"","content_style":"","blog_post_streched_ed":"","blog_page_streched_ed":"","has_transparent_header":"","disable_transparent_header":"","vertical_spacing_source":"","content_area_spacing":"","single_post_content_background":"","single_page_content_background":"","single_post_boxed_content_spacing":"","single_page_boxed_content_spacing":"","single_post_content_boxed_radius":"","single_page_content_boxed_radius":"","disable_featured_image":"","disable_post_tags":"","disable_author_box":"","disable_posts_navigation":"","disable_comments":"","disable_related_posts":"","disable_header":"","disable_footer":"","footnotes":""},"class_list":["post-32799","page","type-page","status-publish","hentry","rishi-post","no-post-thumbnail"],"_links":{"self":[{"href":"https:\/\/pd-technik.eu\/de\/wp-json\/wp\/v2\/pages\/32799","targetHints":{"allow":["GET"]}}],"collection":[{"href":"https:\/\/pd-technik.eu\/de\/wp-json\/wp\/v2\/pages"}],"about":[{"href":"https:\/\/pd-technik.eu\/de\/wp-json\/wp\/v2\/types\/page"}],"author":[{"embeddable":true,"href":"https:\/\/pd-technik.eu\/de\/wp-json\/wp\/v2\/users\/2"}],"replies":[{"embeddable":true,"href":"https:\/\/pd-technik.eu\/de\/wp-json\/wp\/v2\/comments?post=32799"}],"version-history":[{"count":12,"href":"https:\/\/pd-technik.eu\/de\/wp-json\/wp\/v2\/pages\/32799\/revisions"}],"predecessor-version":[{"id":32942,"href":"https:\/\/pd-technik.eu\/de\/wp-json\/wp\/v2\/pages\/32799\/revisions\/32942"}],"wp:attachment":[{"href":"https:\/\/pd-technik.eu\/de\/wp-json\/wp\/v2\/media?parent=32799"}],"curies":[{"name":"wp","href":"https:\/\/api.w.org\/{rel}","templated":true}]}}