{"id":4796,"date":"2024-01-08T14:35:22","date_gmt":"2024-01-08T14:35:22","guid":{"rendered":"https:\/\/test.pd-technik.eu\/?page_id=4796"},"modified":"2024-04-02T03:40:46","modified_gmt":"2024-04-02T03:40:46","slug":"sea-water-centerifugal-or-side-channel-pump","status":"publish","type":"page","link":"https:\/\/pd-technik.eu\/de\/sea-water-centerifugal-or-side-channel-pump\/","title":{"rendered":"Sea Water Centerifugal or Side Channel Pump"},"content":{"rendered":"<div data-elementor-type=\"wp-post\" data-elementor-id=\"4796\" class=\"elementor elementor-4796\" data-elementor-post-type=\"page\">\n\t\t\t\t<div class=\"elementor-element elementor-element-3fa66b0e e-flex e-con-boxed e-con e-parent\" data-id=\"3fa66b0e\" data-element_type=\"container\" data-e-type=\"container\">\n\t\t\t\t\t<div class=\"e-con-inner\">\n\t\t\t\t<div class=\"elementor-element elementor-element-4f610fb2 elementor-widget__width-auto elementor-widget-mobile__width-initial elementor-widget elementor-widget-heading\" data-id=\"4f610fb2\" data-element_type=\"widget\" data-e-type=\"widget\" data-widget_type=\"heading.default\">\n\t\t\t\t<div class=\"elementor-widget-container\">\n\t\t\t\t\t<h6 class=\"elementor-heading-title elementor-size-default\">Produkte &amp; Systeme &gt; <\/h6>\t\t\t\t<\/div>\n\t\t\t\t<\/div>\n\t\t\t\t<div class=\"elementor-element elementor-element-7037ccff elementor-widget__width-initial elementor-widget elementor-widget-heading\" data-id=\"7037ccff\" data-element_type=\"widget\" data-e-type=\"widget\" data-widget_type=\"heading.default\">\n\t\t\t\t<div class=\"elementor-widget-container\">\n\t\t\t\t\t<h6 class=\"elementor-heading-title elementor-size-default\">Zahnradpumpen<\/h6>\t\t\t\t<\/div>\n\t\t\t\t<\/div>\n\t\t\t\t\t<\/div>\n\t\t\t\t<\/div>\n\t\t<div class=\"elementor-element elementor-element-f380fc2 e-flex e-con-boxed e-con e-parent\" data-id=\"f380fc2\" data-element_type=\"container\" data-e-type=\"container\">\n\t\t\t\t\t<div class=\"e-con-inner\">\n\t\t<div class=\"elementor-element elementor-element-6b1013a e-con-full e-flex e-con e-child\" data-id=\"6b1013a\" data-element_type=\"container\" data-e-type=\"container\" data-settings=\"{&quot;background_background&quot;:&quot;classic&quot;}\">\n\t\t\t\t<div class=\"elementor-element elementor-element-03bbce6 elementor-widget-mobile__width-initial elementor-widget__width-initial To keep the dropdown menu open when an item is selected in Elementor Pro WordPress, you can add custom CSS code to override the default behavior. Here&#039;s an example of the CSS code you can use:  ```css \/* Add custom CSS to keep dropdown menu open when item is selected *\/ .elementor-nav-menu__dropdown.dropdown-click .elementor-nav-menu--dropdown .sub-menu {     display: block !important;     opacity: 1 !important;     visibility: visible !important;     max-height: none !important;     overflow: visible !important; } ```  You can add this CSS code by following these steps:  1. Edit the page with Elementor Pro where your dropdown menu is located. 2. Right-click on the section containing the dropdown menu and select &quot;Edit Section&quot; or &quot;Edit Widget&quot; (depending on how you&#039;ve added the menu). 3. In the left panel, go to the Advanced tab. 4. In the &quot;CSS Classes&quot; field, add a custom CSS class, for example, &quot;keep-dropdown-open&quot;. 5. Update the section\/widget and exit the Elementor editor. 6. Go to your WordPress Dashboard. 7. Navigate to Appearance &gt; Customize &gt; Additional CSS. 8. Add the CSS code provided above, targeting the custom CSS class you added. For example:  ```css .keep-dropdown-open .elementor-nav-menu__dropdown.dropdown-click .elementor-nav-menu--dropdown .sub-menu {     display: block !important;     opacity: 1 !important;     visibility: visible !important;     max-height: none !important;     overflow: visible !important; } ```  9. Publish the changes.  After adding the CSS code, the dropdown menu in Elementor Pro WordPress should remain open when an item is selected. elementor-nav-menu__text-align-aside elementor-widget elementor-widget-nav-menu\" data-id=\"03bbce6\" data-element_type=\"widget\" data-e-type=\"widget\" data-settings=\"{&quot;submenu_icon&quot;:{&quot;value&quot;:&quot;&lt;i aria-hidden=\\&quot;true\\&quot; class=\\&quot;\\&quot;&gt;&lt;\\\/i&gt;&quot;,&quot;library&quot;:&quot;&quot;},&quot;layout&quot;:&quot;dropdown&quot;}\" data-widget_type=\"nav-menu.default\">\n\t\t\t\t<div class=\"elementor-widget-container\">\n\t\t\t\t\t\t\t\t<nav class=\"elementor-nav-menu--dropdown elementor-nav-menu__container\" aria-hidden=\"true\">\n\t\t\t\t<ul id=\"menu-2-03bbce6\" class=\"elementor-nav-menu\"><li class=\"menu-item menu-item-type-post_type menu-item-object-page menu-item-28137\"><a href=\"https:\/\/pd-technik.eu\/de\/blower-standard-lobe-blower\/\" class=\"elementor-item\" tabindex=\"-1\">Drehkolbengebl\u00e4se Standard<\/a><\/li>\n<li class=\"menu-item menu-item-type-post_type menu-item-object-page menu-item-28138\"><a href=\"https:\/\/pd-technik.eu\/de\/blower-standard-side-channel-blower\/\" class=\"elementor-item\" tabindex=\"-1\">Seitenkanalgebl\u00e4se<\/a><\/li>\n<li class=\"menu-item menu-item-type-post_type menu-item-object-page menu-item-28143\"><a href=\"https:\/\/pd-technik.eu\/de\/compressor-standard\/\" class=\"elementor-item\" tabindex=\"-1\">Schraubenkompressor Standard<\/a><\/li>\n<li class=\"menu-item menu-item-type-post_type menu-item-object-page menu-item-28140\"><a href=\"https:\/\/pd-technik.eu\/de\/blower-compressor-special\/\" class=\"elementor-item\" tabindex=\"-1\">Gebl\u00e4se-Spezial<\/a><\/li>\n<li class=\"menu-item menu-item-type-post_type menu-item-object-page menu-item-30731\"><a href=\"https:\/\/pd-technik.eu\/de\/compressor-special\/\" class=\"elementor-item\" tabindex=\"-1\">Kompressor-Spezial<\/a><\/li>\n<li class=\"menu-item menu-item-type-post_type menu-item-object-page menu-item-28159\"><a href=\"https:\/\/pd-technik.eu\/de\/turbo-2\/\" class=\"elementor-item\" tabindex=\"-1\">Turbo-Standard<\/a><\/li>\n<li class=\"menu-item menu-item-type-post_type menu-item-object-page menu-item-28150\"><a href=\"https:\/\/pd-technik.eu\/de\/vacuum-systems\/\" class=\"elementor-item\" tabindex=\"-1\">Vakuumsysteme<\/a><\/li>\n<li class=\"menu-item menu-item-type-custom menu-item-object-custom menu-item-has-children menu-item-28160\"><a class=\"elementor-item\" tabindex=\"-1\">Pumpen<span class=\"submenu-toggle\" ><svg xmlns=\"http:\/\/www.w3.org\/2000\/svg\" width=\"10\" height=\"5\" viewbox=\"0 0 10 5\"><path id=\"Polygon_5\" data-name=\"Polygon 5\" d=\"M5,0l5,5H0Z\" transform=\"translate(10 5) rotate(180)\"\/><\/svg><\/span><\/a>\n<ul class=\"sub-menu elementor-nav-menu--dropdown\">\n\t<li class=\"menu-item menu-item-type-post_type menu-item-object-page menu-item-28153\"><a href=\"https:\/\/pd-technik.eu\/de\/multistage-pumps\/\" class=\"elementor-sub-item\" tabindex=\"-1\">Mehrstufige Pumpen<\/a><\/li>\n\t<li class=\"menu-item menu-item-type-post_type menu-item-object-page menu-item-28142\"><a href=\"https:\/\/pd-technik.eu\/de\/centrifugal-sr-pumps\/\" class=\"elementor-sub-item\" tabindex=\"-1\">Kreiselpumpen SR<\/a><\/li>\n\t<li class=\"menu-item menu-item-type-post_type menu-item-object-page menu-item-28141\"><a href=\"https:\/\/pd-technik.eu\/de\/centrifugal-rb-pumps\/\" class=\"elementor-sub-item\" tabindex=\"-1\">Kreiselpumpen RB<\/a><\/li>\n\t<li class=\"menu-item menu-item-type-post_type menu-item-object-page menu-item-28145\"><a href=\"https:\/\/pd-technik.eu\/de\/gear-pumps\/\" class=\"elementor-sub-item\" tabindex=\"-1\">Zahnradpumpen<\/a><\/li>\n\t<li class=\"menu-item menu-item-type-post_type menu-item-object-page menu-item-28149\"><a href=\"https:\/\/pd-technik.eu\/de\/vacuum-pumps\/\" class=\"elementor-sub-item\" tabindex=\"-1\">Vakuumpumpen<\/a><\/li>\n<\/ul>\n<\/li>\n<li class=\"menu-item menu-item-type-post_type menu-item-object-page menu-item-28146\"><a href=\"https:\/\/pd-technik.eu\/de\/lubrication-systems\/\" class=\"elementor-item\" tabindex=\"-1\">Schmiersysteme<\/a><\/li>\n<li class=\"menu-item menu-item-type-post_type menu-item-object-page menu-item-28144\"><a href=\"https:\/\/pd-technik.eu\/de\/electrical-actuators\/\" class=\"elementor-item\" tabindex=\"-1\">Elektrische Aktuatoren<\/a><\/li>\n<li class=\"menu-item menu-item-type-post_type menu-item-object-page menu-item-28151\"><a href=\"https:\/\/pd-technik.eu\/de\/air-slide-fabric\/\" class=\"elementor-item\" tabindex=\"-1\">Air-Slide-Gewebe<\/a><\/li>\n<li class=\"menu-item menu-item-type-post_type menu-item-object-page menu-item-28152\"><a href=\"https:\/\/pd-technik.eu\/de\/couplings\/\" class=\"elementor-item\" tabindex=\"-1\">Kupplungen<\/a><\/li>\n<\/ul>\t\t\t<\/nav>\n\t\t\t\t\t\t<\/div>\n\t\t\t\t<\/div>\n\t\t\t\t<\/div>\n\t\t<div class=\"elementor-element elementor-element-512bc585 e-con-full e-flex e-con e-child\" data-id=\"512bc585\" data-element_type=\"container\" data-e-type=\"container\">\n\t\t<div class=\"elementor-element elementor-element-2f84fb96 e-flex e-con-boxed e-con e-child\" data-id=\"2f84fb96\" data-element_type=\"container\" data-e-type=\"container\" data-settings=\"{&quot;background_background&quot;:&quot;classic&quot;}\">\n\t\t\t\t\t<div class=\"e-con-inner\">\n\t\t<div class=\"elementor-element elementor-element-1da771de e-flex e-con-boxed e-con e-child\" data-id=\"1da771de\" data-element_type=\"container\" data-e-type=\"container\">\n\t\t\t\t\t<div class=\"e-con-inner\">\n\t\t<div class=\"elementor-element elementor-element-f17e283 e-flex e-con-boxed e-con e-child\" data-id=\"f17e283\" data-element_type=\"container\" data-e-type=\"container\">\n\t\t\t\t\t<div class=\"e-con-inner\">\n\t\t\t\t<div class=\"elementor-element elementor-element-a14d515 elementor-align-justify elementor-widget elementor-widget-button\" data-id=\"a14d515\" data-element_type=\"widget\" data-e-type=\"widget\" data-widget_type=\"button.default\">\n\t\t\t\t<div class=\"elementor-widget-container\">\n\t\t\t\t\t\t\t\t\t<div class=\"elementor-button-wrapper\">\n\t\t\t\t\t<a class=\"elementor-button elementor-button-link elementor-size-sm\" href=\"https:\/\/pd-technik.eu\/de\/gear-pumps\/\">\n\t\t\t\t\t\t<span class=\"elementor-button-content-wrapper\">\n\t\t\t\t\t\t\t\t\t<span class=\"elementor-button-text\"> zur\u00fcck            <\/span>\n\t\t\t\t\t<\/span>\n\t\t\t\t\t<\/a>\n\t\t\t\t<\/div>\n\t\t\t\t\t\t\t\t<\/div>\n\t\t\t\t<\/div>\n\t\t\t\t\t<\/div>\n\t\t\t\t<\/div>\n\t\t\t\t\t<\/div>\n\t\t\t\t<\/div>\n\t\t<div class=\"elementor-element elementor-element-4cd058d4 e-grid e-con-full e-con e-child\" data-id=\"4cd058d4\" data-element_type=\"container\" data-e-type=\"container\" data-settings=\"{&quot;background_background&quot;:&quot;classic&quot;}\">\n\t\t\t\t<div class=\"elementor-element elementor-element-71614610 elementor-widget elementor-widget-image\" data-id=\"71614610\" data-element_type=\"widget\" data-e-type=\"widget\" data-widget_type=\"image.default\">\n\t\t\t\t<div class=\"elementor-widget-container\">\n\t\t\t\t\t\t\t\t\t\t\t\t\t\t\t<img fetchpriority=\"high\" decoding=\"async\" width=\"360\" height=\"360\" src=\"https:\/\/pd-technik.eu\/wp-content\/uploads\/2024\/01\/Untitled_design_3_-removebg-preview.png\" class=\"attachment-full size-full wp-image-4062\" alt=\"Meerwasser-Kreiselpumpe\" srcset=\"https:\/\/pd-technik.eu\/wp-content\/uploads\/2024\/01\/Untitled_design_3_-removebg-preview.png 360w, https:\/\/pd-technik.eu\/wp-content\/uploads\/2024\/01\/Untitled_design_3_-removebg-preview-300x300.png 300w, https:\/\/pd-technik.eu\/wp-content\/uploads\/2024\/01\/Untitled_design_3_-removebg-preview-100x100.png 100w, https:\/\/pd-technik.eu\/wp-content\/uploads\/2024\/01\/Untitled_design_3_-removebg-preview-150x150.png 150w\" sizes=\"(max-width: 360px) 100vw, 360px\" \/>\t\t\t\t\t\t\t\t\t\t\t\t\t\t\t<\/div>\n\t\t\t\t<\/div>\n\t\t<div class=\"elementor-element elementor-element-5b2bd13a e-flex e-con-boxed e-con e-child\" data-id=\"5b2bd13a\" data-element_type=\"container\" data-e-type=\"container\">\n\t\t\t\t\t<div class=\"e-con-inner\">\n\t\t<div class=\"elementor-element elementor-element-49853a96 e-flex e-con-boxed e-con e-child\" data-id=\"49853a96\" data-element_type=\"container\" data-e-type=\"container\">\n\t\t\t\t\t<div class=\"e-con-inner\">\n\t\t\t\t<div class=\"elementor-element elementor-element-3ec866d5 elementor-widget elementor-widget-heading\" data-id=\"3ec866d5\" data-element_type=\"widget\" data-e-type=\"widget\" data-widget_type=\"heading.default\">\n\t\t\t\t<div class=\"elementor-widget-container\">\n\t\t\t\t\t<h5 class=\"elementor-heading-title elementor-size-default\">Zentrifugal- oder Seitenkanal <\/h5>\t\t\t\t<\/div>\n\t\t\t\t<\/div>\n\t\t\t\t\t<\/div>\n\t\t\t\t<\/div>\n\t\t\t\t<div class=\"elementor-element elementor-element-5d2d2914 elementor-widget__width-initial elementor-widget elementor-widget-text-editor\" data-id=\"5d2d2914\" data-element_type=\"widget\" data-e-type=\"widget\" data-widget_type=\"text-editor.default\">\n\t\t\t\t<div class=\"elementor-widget-container\">\n\t\t\t\t\t\t\t\t\t<ul><li>F\u00f6rderleistung bis 350 m\u00b3\/h<\/li><li>Druckanstieg: max. 5 bar<\/li><li>Temperaturbereich: 0 bis 35 \u00b0C<\/li><\/ul>\t\t\t\t\t\t\t\t<\/div>\n\t\t\t\t<\/div>\n\t\t<div class=\"elementor-element elementor-element-1dee5f3d e-con-full e-flex e-con e-child\" data-id=\"1dee5f3d\" data-element_type=\"container\" data-e-type=\"container\">\n\t\t<div class=\"elementor-element elementor-element-1e7d67e5 e-flex e-con-boxed e-con e-child\" data-id=\"1e7d67e5\" data-element_type=\"container\" data-e-type=\"container\">\n\t\t\t\t\t<div class=\"e-con-inner\">\n\t\t\t\t<div class=\"elementor-element elementor-element-5f7dd957 elementor-align-justify elementor-widget__width-initial elementor-widget elementor-widget-button\" data-id=\"5f7dd957\" data-element_type=\"widget\" data-e-type=\"widget\" data-widget_type=\"button.default\">\n\t\t\t\t<div class=\"elementor-widget-container\">\n\t\t\t\t\t\t\t\t\t<div class=\"elementor-button-wrapper\">\n\t\t\t\t\t<a class=\"elementor-button elementor-button-link elementor-size-sm\" href=\"https:\/\/pd-technik.eu\/questionnaire-order-gear-pump-selection\/?geartype=Sea%20Water%20Centrifugal%20or%20Side%20Channel\" target=\"_blank\" id=\"geartype\">\n\t\t\t\t\t\t<span class=\"elementor-button-content-wrapper\">\n\t\t\t\t\t\t\t\t\t<span class=\"elementor-button-text\">Bestellen Sie nach technischen Spezifikationen<\/span>\n\t\t\t\t\t<\/span>\n\t\t\t\t\t<\/a>\n\t\t\t\t<\/div>\n\t\t\t\t\t\t\t\t<\/div>\n\t\t\t\t<\/div>\n\t\t\t\t\t<\/div>\n\t\t\t\t<\/div>\n\t\t<div class=\"elementor-element elementor-element-387f255e e-flex e-con-boxed e-con e-child\" data-id=\"387f255e\" data-element_type=\"container\" data-e-type=\"container\">\n\t\t\t\t\t<div class=\"e-con-inner\">\n\t\t\t\t<div class=\"elementor-element elementor-element-39b2e36d elementor-align-justify elementor-widget elementor-widget-button\" data-id=\"39b2e36d\" data-element_type=\"widget\" data-e-type=\"widget\" data-widget_type=\"button.default\">\n\t\t\t\t<div class=\"elementor-widget-container\">\n\t\t\t\t\t\t\t\t\t<div class=\"elementor-button-wrapper\">\n\t\t\t\t\t<a class=\"elementor-button elementor-button-link elementor-size-sm\" href=\"https:\/\/pd-technik.eu\/de\/service-request\/\" target=\"_blank\">\n\t\t\t\t\t\t<span class=\"elementor-button-content-wrapper\">\n\t\t\t\t\t\t\t\t\t<span class=\"elementor-button-text\">Service anfordern<\/span>\n\t\t\t\t\t<\/span>\n\t\t\t\t\t<\/a>\n\t\t\t\t<\/div>\n\t\t\t\t\t\t\t\t<\/div>\n\t\t\t\t<\/div>\n\t\t\t\t\t<\/div>\n\t\t\t\t<\/div>\n\t\t\t\t<\/div>\n\t\t\t\t\t<\/div>\n\t\t\t\t<\/div>\n\t\t\t\t<\/div>\n\t\t<div class=\"elementor-element elementor-element-1001f055 e-flex e-con-boxed e-con e-child\" data-id=\"1001f055\" data-element_type=\"container\" data-e-type=\"container\" data-settings=\"{&quot;background_background&quot;:&quot;classic&quot;}\">\n\t\t\t\t\t<div class=\"e-con-inner\">\n\t\t\t\t<div class=\"elementor-element elementor-element-739fe88c e-n-tabs-mobile elementor-widget elementor-widget-n-tabs\" data-id=\"739fe88c\" data-element_type=\"widget\" data-e-type=\"widget\" data-settings=\"{&quot;tabs_justify_horizontal&quot;:&quot;center&quot;,&quot;horizontal_scroll&quot;:&quot;disable&quot;}\" data-widget_type=\"nested-tabs.default\">\n\t\t\t\t<div class=\"elementor-widget-container\">\n\t\t\t\t\t\t\t<div class=\"e-n-tabs\" data-widget-number=\"1939859596\" aria-label=\"Tabs. Open items with Enter or Space, close with Escape and navigate using the Arrow keys.\">\n\t\t\t<div class=\"e-n-tabs-heading\" role=\"tablist\">\n\t\t\t\t\t<button id=\"#dis\" data-tab-title-id=\"e-n-tab-title-19398595961\" class=\"e-n-tab-title\" aria-selected=\"true\" data-tab-index=\"1\" role=\"tab\" tabindex=\"0\" aria-controls=\"e-n-tab-content-19398595961\" style=\"--n-tabs-title-order: 1;\">\n\t\t\t\t\t\t<span class=\"e-n-tab-title-text\">\n\t\t\t\tBeschreibung\t\t\t<\/span>\n\t\t<\/button>\n\t\t\t\t<button id=\"e-n-tab-title-19398595962\" data-tab-title-id=\"e-n-tab-title-19398595962\" class=\"e-n-tab-title\" aria-selected=\"false\" data-tab-index=\"2\" role=\"tab\" tabindex=\"-1\" aria-controls=\"e-n-tab-content-19398595962\" style=\"--n-tabs-title-order: 2;\">\n\t\t\t\t\t\t<span class=\"e-n-tab-title-text\">\n\t\t\t\tAnwendungen\t\t\t<\/span>\n\t\t<\/button>\n\t\t\t\t<button id=\"e-n-tab-title-19398595963\" data-tab-title-id=\"e-n-tab-title-19398595963\" class=\"e-n-tab-title\" aria-selected=\"false\" data-tab-index=\"3\" role=\"tab\" tabindex=\"-1\" aria-controls=\"e-n-tab-content-19398595963\" style=\"--n-tabs-title-order: 3;\">\n\t\t\t\t\t\t<span class=\"e-n-tab-title-text\">\n\t\t\t\tDownloads\t\t\t<\/span>\n\t\t<\/button>\n\t\t\t\t\t<\/div>\n\t\t\t<div class=\"e-n-tabs-content\">\n\t\t\t\t<div id=\"e-n-tab-content-19398595961 dis\" role=\"tabpanel\" aria-labelledby=\"#dis\" data-tab-index=\"1\" style=\"--n-tabs-title-order: 1;\" class=\"e-active elementor-element elementor-element-e262df7 e-con-full e-flex e-con e-child\" data-id=\"e262df7\" data-element_type=\"container\" data-e-type=\"container\">\n\t\t<div class=\"elementor-element elementor-element-30fb779e e-flex e-con-boxed e-con e-child\" data-id=\"30fb779e\" data-element_type=\"container\" data-e-type=\"container\">\n\t\t\t\t\t<div class=\"e-con-inner\">\n\t\t\t\t<div class=\"elementor-element elementor-element-7bb63581 elementor-widget elementor-widget-heading\" data-id=\"7bb63581\" data-element_type=\"widget\" data-e-type=\"widget\" data-widget_type=\"heading.default\">\n\t\t\t\t<div class=\"elementor-widget-container\">\n\t\t\t\t\t<h6 class=\"elementor-heading-title elementor-size-default\">Beschreibung<\/h6>\t\t\t\t<\/div>\n\t\t\t\t<\/div>\n\t\t\t\t<div class=\"elementor-element elementor-element-28161f91 elementor-widget__width-initial elementor-widget elementor-widget-text-editor\" data-id=\"28161f91\" data-element_type=\"widget\" data-e-type=\"widget\" data-widget_type=\"text-editor.default\">\n\t\t\t\t<div class=\"elementor-widget-container\">\n\t\t\t\t\t\t\t\t\t<p style=\"text-align: left;\">Die Meerwasserpumpen werden zur K\u00fchlung von schnell- und mittelschnell laufenden Diesel- und Gasmotoren \u00fcber W\u00e4rmetauscher eingesetzt. Sie k\u00f6nnen flanschmontiert oder riemengetrieben sein und bestimmte Modelle verf\u00fcgen \u00fcber eine Selbstansaugfunktion.<\/p>\t\t\t\t\t\t\t\t<\/div>\n\t\t\t\t<\/div>\n\t\t\t\t<div class=\"elementor-element elementor-element-11675d3d elementor-widget elementor-widget-heading\" data-id=\"11675d3d\" data-element_type=\"widget\" data-e-type=\"widget\" data-widget_type=\"heading.default\">\n\t\t\t\t<div class=\"elementor-widget-container\">\n\t\t\t\t\t<h6 class=\"elementor-heading-title elementor-size-default\">Information<\/h6>\t\t\t\t<\/div>\n\t\t\t\t<\/div>\n\t\t\t\t<div class=\"elementor-element elementor-element-38edad6e elementor-widget__width-initial elementor-widget elementor-widget-text-editor\" data-id=\"38edad6e\" data-element_type=\"widget\" data-e-type=\"widget\" data-widget_type=\"text-editor.default\">\n\t\t\t\t<div class=\"elementor-widget-container\">\n\t\t\t\t\t\t\t\t\t<p style=\"text-align: left;\">Zu den Konstruktionen von Meerwasserpumpen geh\u00f6ren Kreisel- oder Seitenkanalmodelle mit einer F\u00f6rderleistung von bis zu 350 m\u00b3\/h und einem maximalen Druckanstieg von 5 bar. Sie arbeiten in einem Temperaturbereich von 0 bis 35 \u00b0C und bestehen aus Materialien wie Edelstahl f\u00fcr die Antriebswelle und seewasserbest\u00e4ndiger Bronze f\u00fcr Laufrad und Geh\u00e4use. Das Lagergeh\u00e4use besteht aus Grauguss.<\/p>\t\t\t\t\t\t\t\t<\/div>\n\t\t\t\t<\/div>\n\t\t\t\t\t<\/div>\n\t\t\t\t<\/div>\n\t\t\t\t<\/div>\n\t\t<div id=\"e-n-tab-content-19398595962\" role=\"tabpanel\" aria-labelledby=\"e-n-tab-title-19398595962\" data-tab-index=\"2\" style=\"--n-tabs-title-order: 2;\" class=\"elementor-element elementor-element-5a53b055 e-con-full e-flex e-con e-child\" data-id=\"5a53b055\" data-element_type=\"container\" data-e-type=\"container\">\n\t\t<div class=\"elementor-element elementor-element-2c0ea1ee e-flex e-con-boxed e-con e-child\" data-id=\"2c0ea1ee\" data-element_type=\"container\" data-e-type=\"container\">\n\t\t\t\t\t<div class=\"e-con-inner\">\n\t\t\t\t<div class=\"elementor-element elementor-element-133ebf77 elementor-widget elementor-widget-heading\" data-id=\"133ebf77\" data-element_type=\"widget\" data-e-type=\"widget\" data-widget_type=\"heading.default\">\n\t\t\t\t<div class=\"elementor-widget-container\">\n\t\t\t\t\t<h6 class=\"elementor-heading-title elementor-size-default\">Anwendungen <\/h6>\t\t\t\t<\/div>\n\t\t\t\t<\/div>\n\t\t\t\t<div class=\"elementor-element elementor-element-5de82415 elementor-widget elementor-widget-text-editor\" data-id=\"5de82415\" data-element_type=\"widget\" data-e-type=\"widget\" data-widget_type=\"text-editor.default\">\n\t\t\t\t<div class=\"elementor-widget-container\">\n\t\t\t\t\t\t\t\t\t<p>K\u00fchlung \u00fcber W\u00e4rmetauscher von schnell- und mittelschnelllaufenden Diesel- und Gasmotoren.<\/p>\t\t\t\t\t\t\t\t<\/div>\n\t\t\t\t<\/div>\n\t\t\t\t\t<\/div>\n\t\t\t\t<\/div>\n\t\t\t\t<\/div>\n\t\t<div id=\"e-n-tab-content-19398595963\" role=\"tabpanel\" aria-labelledby=\"e-n-tab-title-19398595963\" data-tab-index=\"3\" style=\"--n-tabs-title-order: 3;\" class=\"elementor-element elementor-element-75904ce3 e-con-full e-flex e-con e-child\" data-id=\"75904ce3\" data-element_type=\"container\" data-e-type=\"container\">\n\t\t<div class=\"elementor-element elementor-element-f37eb18 e-flex e-con-boxed e-con e-child\" data-id=\"f37eb18\" data-element_type=\"container\" data-e-type=\"container\">\n\t\t\t\t\t<div class=\"e-con-inner\">\n\t\t<div class=\"elementor-element elementor-element-24f3c4a e-flex e-con-boxed e-con e-child\" data-id=\"24f3c4a\" data-element_type=\"container\" data-e-type=\"container\">\n\t\t\t\t\t<div class=\"e-con-inner\">\n\t\t<div class=\"elementor-element elementor-element-2818626 e-flex e-con-boxed e-con e-child\" data-id=\"2818626\" data-element_type=\"container\" data-e-type=\"container\">\n\t\t\t\t\t<div class=\"e-con-inner\">\n\t\t\t\t<div class=\"elementor-element elementor-element-1408543 elementor-widget elementor-widget-heading\" data-id=\"1408543\" data-element_type=\"widget\" data-e-type=\"widget\" data-widget_type=\"heading.default\">\n\t\t\t\t<div class=\"elementor-widget-container\">\n\t\t\t\t\t<div class=\"elementor-heading-title elementor-size-default\">Technisches Datenblatt<\/div>\t\t\t\t<\/div>\n\t\t\t\t<\/div>\n\t\t\t\t<div class=\"elementor-element elementor-element-b516691 elementor-widget elementor-widget-button\" data-id=\"b516691\" data-element_type=\"widget\" data-e-type=\"widget\" data-widget_type=\"button.default\">\n\t\t\t\t<div class=\"elementor-widget-container\">\n\t\t\t\t\t\t\t\t\t<div class=\"elementor-button-wrapper\">\n\t\t\t\t\t<a class=\"elementor-button elementor-button-link elementor-size-sm\" href=\"https:\/\/drive.google.com\/file\/d\/1vXBW-tIC7LU4k2hd4C-cQ9EYafDFCnLv\/view?usp=sharing\" target=\"_blank\">\n\t\t\t\t\t\t<span class=\"elementor-button-content-wrapper\">\n\t\t\t\t\t\t<span class=\"elementor-button-icon\">\n\t\t\t\t<svg aria-hidden=\"true\" class=\"e-font-icon-svg e-fas-file-pdf\" viewbox=\"0 0 384 512\" xmlns=\"http:\/\/www.w3.org\/2000\/svg\"><path d=\"M181.9 256.1c-5-16-4.9-46.9-2-46.9 8.4 0 7.6 36.9 2 46.9zm-1.7 47.2c-7.7 20.2-17.3 43.3-28.4 62.7 18.3-7 39-17.2 62.9-21.9-12.7-9.6-24.9-23.4-34.5-40.8zM86.1 428.1c0 .8 13.2-5.4 34.9-40.2-6.7 6.3-29.1 24.5-34.9 40.2zM248 160h136v328c0 13.3-10.7 24-24 24H24c-13.3 0-24-10.7-24-24V24C0 10.7 10.7 0 24 0h200v136c0 13.2 10.8 24 24 24zm-8 171.8c-20-12.2-33.3-29-42.7-53.8 4.5-18.5 11.6-46.6 6.2-64.2-4.7-29.4-42.4-26.5-47.8-6.8-5 18.3-.4 44.1 8.1 77-11.6 27.6-28.7 64.6-40.8 85.8-.1 0-.1.1-.2.1-27.1 13.9-73.6 44.5-54.5 68 5.6 6.9 16 10 21.5 10 17.9 0 35.7-18 61.1-61.8 25.8-8.5 54.1-19.1 79-23.2 21.7 11.8 47.1 19.5 64 19.5 29.2 0 31.2-32 19.7-43.4-13.9-13.6-54.3-9.7-73.6-7.2zM377 105L279 7c-4.5-4.5-10.6-7-17-7h-6v128h128v-6.1c0-6.3-2.5-12.4-7-16.9zm-74.1 255.3c4.1-2.7-2.5-11.9-42.8-9 37.1 15.8 42.8 9 42.8 9z\"><\/path><\/svg>\t\t\t<\/span>\n\t\t\t\t\t\t\t\t\t<span class=\"elementor-button-text\">herunterladen<\/span>\n\t\t\t\t\t<\/span>\n\t\t\t\t\t<\/a>\n\t\t\t\t<\/div>\n\t\t\t\t\t\t\t\t<\/div>\n\t\t\t\t<\/div>\n\t\t\t\t\t<\/div>\n\t\t\t\t<\/div>\n\t\t\t\t\t<\/div>\n\t\t\t\t<\/div>\n\t\t\t\t\t<\/div>\n\t\t\t\t<\/div>\n\t\t\t\t<\/div>\n\t\t\t\t\t<\/div>\n\t\t<\/div>\n\t\t\t\t\t\t<\/div>\n\t\t\t\t<\/div>\n\t\t\t\t\t<\/div>\n\t\t\t\t<\/div>\n\t\t\t\t\t<\/div>\n\t\t\t\t<\/div>\n\t\t\t\t<\/div>\n\t\t\t\t\t<\/div>\n\t\t\t\t<\/div>\n\t\t\t\t<\/div>","protected":false},"excerpt":{"rendered":"<p>Products &amp; Systems &gt; Gear Pumps back Sea Water Centerifugal or Side Channel Flow rate up to 350 m\u00b3 \/ h Pressure rise: max. 5 bar Temperature range: 0 to [&hellip;]<\/p>\n","protected":false},"author":2,"featured_media":0,"parent":0,"menu_order":0,"comment_status":"closed","ping_status":"closed","template":"","meta":{"breadcrumbs_single_post":"","page_title_panel":"","breadcrumbs_single_page":"","single_page_alignment":"","single_page_margin":"","page_structure_type":"","content_style_source":"","content_style":"","blog_post_streched_ed":"","blog_page_streched_ed":"","has_transparent_header":"","disable_transparent_header":"","vertical_spacing_source":"","content_area_spacing":"","single_post_content_background":"","single_page_content_background":"","single_post_boxed_content_spacing":"","single_page_boxed_content_spacing":"","single_post_content_boxed_radius":"","single_page_content_boxed_radius":"","disable_featured_image":"","disable_post_tags":"","disable_author_box":"","disable_posts_navigation":"","disable_comments":"","disable_related_posts":"","disable_header":"","disable_footer":"","footnotes":""},"class_list":["post-4796","page","type-page","status-publish","hentry","rishi-post","no-post-thumbnail"],"_links":{"self":[{"href":"https:\/\/pd-technik.eu\/de\/wp-json\/wp\/v2\/pages\/4796","targetHints":{"allow":["GET"]}}],"collection":[{"href":"https:\/\/pd-technik.eu\/de\/wp-json\/wp\/v2\/pages"}],"about":[{"href":"https:\/\/pd-technik.eu\/de\/wp-json\/wp\/v2\/types\/page"}],"author":[{"embeddable":true,"href":"https:\/\/pd-technik.eu\/de\/wp-json\/wp\/v2\/users\/2"}],"replies":[{"embeddable":true,"href":"https:\/\/pd-technik.eu\/de\/wp-json\/wp\/v2\/comments?post=4796"}],"version-history":[{"count":94,"href":"https:\/\/pd-technik.eu\/de\/wp-json\/wp\/v2\/pages\/4796\/revisions"}],"predecessor-version":[{"id":32622,"href":"https:\/\/pd-technik.eu\/de\/wp-json\/wp\/v2\/pages\/4796\/revisions\/32622"}],"wp:attachment":[{"href":"https:\/\/pd-technik.eu\/de\/wp-json\/wp\/v2\/media?parent=4796"}],"curies":[{"name":"wp","href":"https:\/\/api.w.org\/{rel}","templated":true}]}}