{"id":4798,"date":"2024-01-08T14:35:33","date_gmt":"2024-01-08T14:35:33","guid":{"rendered":"https:\/\/test.pd-technik.eu\/?page_id=4798"},"modified":"2024-04-02T03:40:32","modified_gmt":"2024-04-02T03:40:32","slug":"cooling-water-centrifugal-pump","status":"publish","type":"page","link":"https:\/\/pd-technik.eu\/de\/cooling-water-centrifugal-pump\/","title":{"rendered":"K\u00fchlwasserpumpe"},"content":{"rendered":"<div data-elementor-type=\"wp-post\" data-elementor-id=\"4798\" class=\"elementor elementor-4798\" data-elementor-post-type=\"page\">\n\t\t\t\t<div class=\"elementor-element elementor-element-36cc599 e-flex e-con-boxed e-con e-parent\" data-id=\"36cc599\" data-element_type=\"container\" data-e-type=\"container\">\n\t\t\t\t\t<div class=\"e-con-inner\">\n\t\t\t\t<div class=\"elementor-element elementor-element-3cd37dbd elementor-widget__width-auto elementor-widget-mobile__width-initial elementor-widget elementor-widget-heading\" data-id=\"3cd37dbd\" data-element_type=\"widget\" data-e-type=\"widget\" data-widget_type=\"heading.default\">\n\t\t\t\t<div class=\"elementor-widget-container\">\n\t\t\t\t\t<h6 class=\"elementor-heading-title elementor-size-default\">Produkte &amp; Systeme &gt; <\/h6>\t\t\t\t<\/div>\n\t\t\t\t<\/div>\n\t\t\t\t<div class=\"elementor-element elementor-element-6634aa18 elementor-widget__width-initial elementor-widget elementor-widget-heading\" data-id=\"6634aa18\" data-element_type=\"widget\" data-e-type=\"widget\" data-widget_type=\"heading.default\">\n\t\t\t\t<div class=\"elementor-widget-container\">\n\t\t\t\t\t<h6 class=\"elementor-heading-title elementor-size-default\">Zahnradpumpen<\/h6>\t\t\t\t<\/div>\n\t\t\t\t<\/div>\n\t\t\t\t\t<\/div>\n\t\t\t\t<\/div>\n\t\t<div class=\"elementor-element elementor-element-2446cb0a e-flex e-con-boxed e-con e-parent\" data-id=\"2446cb0a\" data-element_type=\"container\" data-e-type=\"container\">\n\t\t\t\t\t<div class=\"e-con-inner\">\n\t\t<div class=\"elementor-element elementor-element-a3e8647 e-con-full e-flex e-con e-child\" data-id=\"a3e8647\" data-element_type=\"container\" data-e-type=\"container\" data-settings=\"{&quot;background_background&quot;:&quot;classic&quot;}\">\n\t\t\t\t<div class=\"elementor-element elementor-element-f34c688 elementor-widget-mobile__width-initial elementor-widget__width-initial To keep the dropdown menu open when an item is selected in Elementor Pro WordPress, you can add custom CSS code to override the default behavior. Here&#039;s an example of the CSS code you can use:  ```css \/* Add custom CSS to keep dropdown menu open when item is selected *\/ .elementor-nav-menu__dropdown.dropdown-click .elementor-nav-menu--dropdown .sub-menu {     display: block !important;     opacity: 1 !important;     visibility: visible !important;     max-height: none !important;     overflow: visible !important; } ```  You can add this CSS code by following these steps:  1. Edit the page with Elementor Pro where your dropdown menu is located. 2. Right-click on the section containing the dropdown menu and select &quot;Edit Section&quot; or &quot;Edit Widget&quot; (depending on how you&#039;ve added the menu). 3. In the left panel, go to the Advanced tab. 4. In the &quot;CSS Classes&quot; field, add a custom CSS class, for example, &quot;keep-dropdown-open&quot;. 5. Update the section\/widget and exit the Elementor editor. 6. Go to your WordPress Dashboard. 7. Navigate to Appearance &gt; Customize &gt; Additional CSS. 8. Add the CSS code provided above, targeting the custom CSS class you added. For example:  ```css .keep-dropdown-open .elementor-nav-menu__dropdown.dropdown-click .elementor-nav-menu--dropdown .sub-menu {     display: block !important;     opacity: 1 !important;     visibility: visible !important;     max-height: none !important;     overflow: visible !important; } ```  9. Publish the changes.  After adding the CSS code, the dropdown menu in Elementor Pro WordPress should remain open when an item is selected. elementor-nav-menu__text-align-aside elementor-widget elementor-widget-nav-menu\" data-id=\"f34c688\" data-element_type=\"widget\" data-e-type=\"widget\" data-settings=\"{&quot;submenu_icon&quot;:{&quot;value&quot;:&quot;&lt;i aria-hidden=\\&quot;true\\&quot; class=\\&quot;\\&quot;&gt;&lt;\\\/i&gt;&quot;,&quot;library&quot;:&quot;&quot;},&quot;layout&quot;:&quot;dropdown&quot;}\" data-widget_type=\"nav-menu.default\">\n\t\t\t\t<div class=\"elementor-widget-container\">\n\t\t\t\t\t\t\t\t<nav class=\"elementor-nav-menu--dropdown elementor-nav-menu__container\" aria-hidden=\"true\">\n\t\t\t\t<ul id=\"menu-2-f34c688\" class=\"elementor-nav-menu\"><li class=\"menu-item menu-item-type-post_type menu-item-object-page menu-item-28137\"><a href=\"https:\/\/pd-technik.eu\/de\/blower-standard-lobe-blower\/\" class=\"elementor-item\" tabindex=\"-1\">Drehkolbengebl\u00e4se Standard<\/a><\/li>\n<li class=\"menu-item menu-item-type-post_type menu-item-object-page menu-item-28138\"><a href=\"https:\/\/pd-technik.eu\/de\/blower-standard-side-channel-blower\/\" class=\"elementor-item\" tabindex=\"-1\">Seitenkanalgebl\u00e4se<\/a><\/li>\n<li class=\"menu-item menu-item-type-post_type menu-item-object-page menu-item-28143\"><a href=\"https:\/\/pd-technik.eu\/de\/compressor-standard\/\" class=\"elementor-item\" tabindex=\"-1\">Schraubenkompressor Standard<\/a><\/li>\n<li class=\"menu-item menu-item-type-post_type menu-item-object-page menu-item-28140\"><a href=\"https:\/\/pd-technik.eu\/de\/blower-compressor-special\/\" class=\"elementor-item\" tabindex=\"-1\">Gebl\u00e4se-Spezial<\/a><\/li>\n<li class=\"menu-item menu-item-type-post_type menu-item-object-page menu-item-30731\"><a href=\"https:\/\/pd-technik.eu\/de\/compressor-special\/\" class=\"elementor-item\" tabindex=\"-1\">Kompressor-Spezial<\/a><\/li>\n<li class=\"menu-item menu-item-type-post_type menu-item-object-page menu-item-28159\"><a href=\"https:\/\/pd-technik.eu\/de\/turbo-2\/\" class=\"elementor-item\" tabindex=\"-1\">Turbo-Standard<\/a><\/li>\n<li class=\"menu-item menu-item-type-post_type menu-item-object-page menu-item-28150\"><a href=\"https:\/\/pd-technik.eu\/de\/vacuum-systems\/\" class=\"elementor-item\" tabindex=\"-1\">Vakuumsysteme<\/a><\/li>\n<li class=\"menu-item menu-item-type-custom menu-item-object-custom menu-item-has-children menu-item-28160\"><a class=\"elementor-item\" tabindex=\"-1\">Pumpen<span class=\"submenu-toggle\" ><svg xmlns=\"http:\/\/www.w3.org\/2000\/svg\" width=\"10\" height=\"5\" viewbox=\"0 0 10 5\"><path id=\"Polygon_5\" data-name=\"Polygon 5\" d=\"M5,0l5,5H0Z\" transform=\"translate(10 5) rotate(180)\"\/><\/svg><\/span><\/a>\n<ul class=\"sub-menu elementor-nav-menu--dropdown\">\n\t<li class=\"menu-item menu-item-type-post_type menu-item-object-page menu-item-28153\"><a href=\"https:\/\/pd-technik.eu\/de\/multistage-pumps\/\" class=\"elementor-sub-item\" tabindex=\"-1\">Mehrstufige Pumpen<\/a><\/li>\n\t<li class=\"menu-item menu-item-type-post_type menu-item-object-page menu-item-28142\"><a href=\"https:\/\/pd-technik.eu\/de\/centrifugal-sr-pumps\/\" class=\"elementor-sub-item\" tabindex=\"-1\">Kreiselpumpen SR<\/a><\/li>\n\t<li class=\"menu-item menu-item-type-post_type menu-item-object-page menu-item-28141\"><a href=\"https:\/\/pd-technik.eu\/de\/centrifugal-rb-pumps\/\" class=\"elementor-sub-item\" tabindex=\"-1\">Kreiselpumpen RB<\/a><\/li>\n\t<li class=\"menu-item menu-item-type-post_type menu-item-object-page menu-item-28145\"><a href=\"https:\/\/pd-technik.eu\/de\/gear-pumps\/\" class=\"elementor-sub-item\" tabindex=\"-1\">Zahnradpumpen<\/a><\/li>\n\t<li class=\"menu-item menu-item-type-post_type menu-item-object-page menu-item-28149\"><a href=\"https:\/\/pd-technik.eu\/de\/vacuum-pumps\/\" class=\"elementor-sub-item\" tabindex=\"-1\">Vakuumpumpen<\/a><\/li>\n<\/ul>\n<\/li>\n<li class=\"menu-item menu-item-type-post_type menu-item-object-page menu-item-28146\"><a href=\"https:\/\/pd-technik.eu\/de\/lubrication-systems\/\" class=\"elementor-item\" tabindex=\"-1\">Schmiersysteme<\/a><\/li>\n<li class=\"menu-item menu-item-type-post_type menu-item-object-page menu-item-28144\"><a href=\"https:\/\/pd-technik.eu\/de\/electrical-actuators\/\" class=\"elementor-item\" tabindex=\"-1\">Elektrische Aktuatoren<\/a><\/li>\n<li class=\"menu-item menu-item-type-post_type menu-item-object-page menu-item-28151\"><a href=\"https:\/\/pd-technik.eu\/de\/air-slide-fabric\/\" class=\"elementor-item\" tabindex=\"-1\">Air-Slide-Gewebe<\/a><\/li>\n<li class=\"menu-item menu-item-type-post_type menu-item-object-page menu-item-28152\"><a href=\"https:\/\/pd-technik.eu\/de\/couplings\/\" class=\"elementor-item\" tabindex=\"-1\">Kupplungen<\/a><\/li>\n<\/ul>\t\t\t<\/nav>\n\t\t\t\t\t\t<\/div>\n\t\t\t\t<\/div>\n\t\t\t\t<\/div>\n\t\t<div class=\"elementor-element elementor-element-7f9c71bb e-con-full e-flex e-con e-child\" data-id=\"7f9c71bb\" data-element_type=\"container\" data-e-type=\"container\">\n\t\t<div class=\"elementor-element elementor-element-6962a8fa e-flex e-con-boxed e-con e-child\" data-id=\"6962a8fa\" data-element_type=\"container\" data-e-type=\"container\" data-settings=\"{&quot;background_background&quot;:&quot;classic&quot;}\">\n\t\t\t\t\t<div class=\"e-con-inner\">\n\t\t<div class=\"elementor-element elementor-element-7f73be66 e-flex e-con-boxed e-con e-child\" data-id=\"7f73be66\" data-element_type=\"container\" data-e-type=\"container\">\n\t\t\t\t\t<div class=\"e-con-inner\">\n\t\t<div class=\"elementor-element elementor-element-e584a57 e-flex e-con-boxed e-con e-child\" data-id=\"e584a57\" data-element_type=\"container\" data-e-type=\"container\">\n\t\t\t\t\t<div class=\"e-con-inner\">\n\t\t\t\t<div class=\"elementor-element elementor-element-94e1982 elementor-align-justify elementor-widget elementor-widget-button\" data-id=\"94e1982\" data-element_type=\"widget\" data-e-type=\"widget\" data-widget_type=\"button.default\">\n\t\t\t\t<div class=\"elementor-widget-container\">\n\t\t\t\t\t\t\t\t\t<div class=\"elementor-button-wrapper\">\n\t\t\t\t\t<a class=\"elementor-button elementor-button-link elementor-size-sm\" href=\"https:\/\/pd-technik.eu\/de\/gear-pumps\/\">\n\t\t\t\t\t\t<span class=\"elementor-button-content-wrapper\">\n\t\t\t\t\t\t\t\t\t<span class=\"elementor-button-text\"> zur\u00fcck            <\/span>\n\t\t\t\t\t<\/span>\n\t\t\t\t\t<\/a>\n\t\t\t\t<\/div>\n\t\t\t\t\t\t\t\t<\/div>\n\t\t\t\t<\/div>\n\t\t\t\t\t<\/div>\n\t\t\t\t<\/div>\n\t\t\t\t\t<\/div>\n\t\t\t\t<\/div>\n\t\t<div class=\"elementor-element elementor-element-7f2964a5 e-grid e-con-full e-con e-child\" data-id=\"7f2964a5\" data-element_type=\"container\" data-e-type=\"container\" data-settings=\"{&quot;background_background&quot;:&quot;classic&quot;}\">\n\t\t\t\t<div class=\"elementor-element elementor-element-1f7e9b88 elementor-widget elementor-widget-image\" data-id=\"1f7e9b88\" data-element_type=\"widget\" data-e-type=\"widget\" data-widget_type=\"image.default\">\n\t\t\t\t<div class=\"elementor-widget-container\">\n\t\t\t\t\t\t\t\t\t\t\t\t\t\t\t<img fetchpriority=\"high\" decoding=\"async\" width=\"360\" height=\"360\" src=\"https:\/\/pd-technik.eu\/wp-content\/uploads\/2024\/01\/Untitled_design_4_-removebg-preview.png\" class=\"attachment-full size-full wp-image-4063\" alt=\"K\u00fchlwasserpumpe\" srcset=\"https:\/\/pd-technik.eu\/wp-content\/uploads\/2024\/01\/Untitled_design_4_-removebg-preview.png 360w, https:\/\/pd-technik.eu\/wp-content\/uploads\/2024\/01\/Untitled_design_4_-removebg-preview-300x300.png 300w, https:\/\/pd-technik.eu\/wp-content\/uploads\/2024\/01\/Untitled_design_4_-removebg-preview-100x100.png 100w, https:\/\/pd-technik.eu\/wp-content\/uploads\/2024\/01\/Untitled_design_4_-removebg-preview-150x150.png 150w\" sizes=\"(max-width: 360px) 100vw, 360px\" \/>\t\t\t\t\t\t\t\t\t\t\t\t\t\t\t<\/div>\n\t\t\t\t<\/div>\n\t\t<div class=\"elementor-element elementor-element-1d678199 e-flex e-con-boxed e-con e-child\" data-id=\"1d678199\" data-element_type=\"container\" data-e-type=\"container\">\n\t\t\t\t\t<div class=\"e-con-inner\">\n\t\t<div class=\"elementor-element elementor-element-7fa6901c e-flex e-con-boxed e-con e-child\" data-id=\"7fa6901c\" data-element_type=\"container\" data-e-type=\"container\">\n\t\t\t\t\t<div class=\"e-con-inner\">\n\t\t\t\t<div class=\"elementor-element elementor-element-1e3d149d elementor-widget elementor-widget-heading\" data-id=\"1e3d149d\" data-element_type=\"widget\" data-e-type=\"widget\" data-widget_type=\"heading.default\">\n\t\t\t\t<div class=\"elementor-widget-container\">\n\t\t\t\t\t<h5 class=\"elementor-heading-title elementor-size-default\">K\u00fchlwasserpumpe<\/h5>\t\t\t\t<\/div>\n\t\t\t\t<\/div>\n\t\t\t\t\t<\/div>\n\t\t\t\t<\/div>\n\t\t\t\t<div class=\"elementor-element elementor-element-6d37f9aa elementor-widget__width-initial elementor-widget elementor-widget-text-editor\" data-id=\"6d37f9aa\" data-element_type=\"widget\" data-e-type=\"widget\" data-widget_type=\"text-editor.default\">\n\t\t\t\t<div class=\"elementor-widget-container\">\n\t\t\t\t\t\t\t\t\t<ul><li>F\u00f6rderleistung bis 350 m\u00b3\/h<\/li><li>Druckanstieg: max. 5 bar<\/li><li>Temperaturbereich: -10 bis 105 \u00b0C<\/li><\/ul>\t\t\t\t\t\t\t\t<\/div>\n\t\t\t\t<\/div>\n\t\t<div class=\"elementor-element elementor-element-1e68a062 e-con-full e-flex e-con e-child\" data-id=\"1e68a062\" data-element_type=\"container\" data-e-type=\"container\">\n\t\t<div class=\"elementor-element elementor-element-68760742 e-flex e-con-boxed e-con e-child\" data-id=\"68760742\" data-element_type=\"container\" data-e-type=\"container\">\n\t\t\t\t\t<div class=\"e-con-inner\">\n\t\t\t\t<div class=\"elementor-element elementor-element-4c4efa36 elementor-align-justify elementor-widget__width-initial elementor-widget elementor-widget-button\" data-id=\"4c4efa36\" data-element_type=\"widget\" data-e-type=\"widget\" data-widget_type=\"button.default\">\n\t\t\t\t<div class=\"elementor-widget-container\">\n\t\t\t\t\t\t\t\t\t<div class=\"elementor-button-wrapper\">\n\t\t\t\t\t<a class=\"elementor-button elementor-button-link elementor-size-sm\" href=\"https:\/\/pd-technik.eu\/questionnaire-order-gear-pump-selection\/?geartype=Cooling%20Water%20Centrifugal%20Pump\" target=\"_blank\" id=\"geartype\">\n\t\t\t\t\t\t<span class=\"elementor-button-content-wrapper\">\n\t\t\t\t\t\t\t\t\t<span class=\"elementor-button-text\">Bestellen Sie nach technischen Spezifikationen<\/span>\n\t\t\t\t\t<\/span>\n\t\t\t\t\t<\/a>\n\t\t\t\t<\/div>\n\t\t\t\t\t\t\t\t<\/div>\n\t\t\t\t<\/div>\n\t\t\t\t\t<\/div>\n\t\t\t\t<\/div>\n\t\t<div class=\"elementor-element elementor-element-409059c0 e-flex e-con-boxed e-con e-child\" data-id=\"409059c0\" data-element_type=\"container\" data-e-type=\"container\">\n\t\t\t\t\t<div class=\"e-con-inner\">\n\t\t\t\t<div class=\"elementor-element elementor-element-1388c9d7 elementor-align-justify elementor-widget elementor-widget-button\" data-id=\"1388c9d7\" data-element_type=\"widget\" data-e-type=\"widget\" data-widget_type=\"button.default\">\n\t\t\t\t<div class=\"elementor-widget-container\">\n\t\t\t\t\t\t\t\t\t<div class=\"elementor-button-wrapper\">\n\t\t\t\t\t<a class=\"elementor-button elementor-button-link elementor-size-sm\" href=\"https:\/\/pd-technik.eu\/de\/service-request\/\" target=\"_blank\">\n\t\t\t\t\t\t<span class=\"elementor-button-content-wrapper\">\n\t\t\t\t\t\t\t\t\t<span class=\"elementor-button-text\">Service anfordern<\/span>\n\t\t\t\t\t<\/span>\n\t\t\t\t\t<\/a>\n\t\t\t\t<\/div>\n\t\t\t\t\t\t\t\t<\/div>\n\t\t\t\t<\/div>\n\t\t\t\t\t<\/div>\n\t\t\t\t<\/div>\n\t\t\t\t<\/div>\n\t\t\t\t\t<\/div>\n\t\t\t\t<\/div>\n\t\t\t\t<\/div>\n\t\t<div class=\"elementor-element elementor-element-7472a833 e-flex e-con-boxed e-con e-child\" data-id=\"7472a833\" data-element_type=\"container\" data-e-type=\"container\" data-settings=\"{&quot;background_background&quot;:&quot;classic&quot;}\">\n\t\t\t\t\t<div class=\"e-con-inner\">\n\t\t\t\t<div class=\"elementor-element elementor-element-760854e3 e-n-tabs-mobile elementor-widget elementor-widget-n-tabs\" data-id=\"760854e3\" data-element_type=\"widget\" data-e-type=\"widget\" data-settings=\"{&quot;tabs_justify_horizontal&quot;:&quot;center&quot;,&quot;horizontal_scroll&quot;:&quot;disable&quot;}\" data-widget_type=\"nested-tabs.default\">\n\t\t\t\t<div class=\"elementor-widget-container\">\n\t\t\t\t\t\t\t<div class=\"e-n-tabs\" data-widget-number=\"1980257507\" aria-label=\"Onglets. Ouvrez des \u00e9l\u00e9ments avec Entrer ou Espace, fermez-les avec Echape et naviguez \u00e0 l&#039;aide des touches fl\u00e9ch\u00e9es.\" data-no-translation-aria-label=\"\">\n\t\t\t<div class=\"e-n-tabs-heading\" role=\"tablist\">\n\t\t\t\t\t<button id=\"#dis\" data-tab-title-id=\"e-n-tab-title-19802575071\" class=\"e-n-tab-title\" aria-selected=\"true\" data-tab-index=\"1\" role=\"tab\" tabindex=\"0\" aria-controls=\"e-n-tab-content-19802575071\" style=\"--n-tabs-title-order: 1;\">\n\t\t\t\t\t\t<span class=\"e-n-tab-title-text\">\n\t\t\t\tBeschreibung\t\t\t<\/span>\n\t\t<\/button>\n\t\t\t\t<button id=\"e-n-tab-title-19802575072\" data-tab-title-id=\"e-n-tab-title-19802575072\" class=\"e-n-tab-title\" aria-selected=\"false\" data-tab-index=\"2\" role=\"tab\" tabindex=\"-1\" aria-controls=\"e-n-tab-content-19802575072\" style=\"--n-tabs-title-order: 2;\">\n\t\t\t\t\t\t<span class=\"e-n-tab-title-text\">\n\t\t\t\tAnwendungen\t\t\t<\/span>\n\t\t<\/button>\n\t\t\t\t<button id=\"e-n-tab-title-19802575073\" data-tab-title-id=\"e-n-tab-title-19802575073\" class=\"e-n-tab-title\" aria-selected=\"false\" data-tab-index=\"3\" role=\"tab\" tabindex=\"-1\" aria-controls=\"e-n-tab-content-19802575073\" style=\"--n-tabs-title-order: 3;\">\n\t\t\t\t\t\t<span class=\"e-n-tab-title-text\">\n\t\t\t\tDownloads\t\t\t<\/span>\n\t\t<\/button>\n\t\t\t\t\t<\/div>\n\t\t\t<div class=\"e-n-tabs-content\">\n\t\t\t\t<div id=\"e-n-tab-content-19802575071 dis\" role=\"tabpanel\" aria-labelledby=\"#dis\" data-tab-index=\"1\" style=\"--n-tabs-title-order: 1;\" class=\"e-active elementor-element elementor-element-5270e36 e-con-full e-flex e-con e-child\" data-id=\"5270e36\" data-element_type=\"container\" data-e-type=\"container\">\n\t\t<div class=\"elementor-element elementor-element-3311d520 e-flex e-con-boxed e-con e-child\" data-id=\"3311d520\" data-element_type=\"container\" data-e-type=\"container\">\n\t\t\t\t\t<div class=\"e-con-inner\">\n\t\t\t\t<div class=\"elementor-element elementor-element-55d2cef6 elementor-widget elementor-widget-heading\" data-id=\"55d2cef6\" data-element_type=\"widget\" data-e-type=\"widget\" data-widget_type=\"heading.default\">\n\t\t\t\t<div class=\"elementor-widget-container\">\n\t\t\t\t\t<h6 class=\"elementor-heading-title elementor-size-default\">Beschreibung<\/h6>\t\t\t\t<\/div>\n\t\t\t\t<\/div>\n\t\t\t\t<div class=\"elementor-element elementor-element-2cb856c5 elementor-widget__width-initial elementor-widget elementor-widget-text-editor\" data-id=\"2cb856c5\" data-element_type=\"widget\" data-e-type=\"widget\" data-widget_type=\"text-editor.default\">\n\t\t\t\t<div class=\"elementor-widget-container\">\n\t\t\t\t\t\t\t\t\t<p style=\"text-align: left;\">Die K\u00fchlwasserpumpen werden in den K\u00fchlkreisl\u00e4ufen schnell- und mittelschnelllaufender Diesel- und Gasmotoren eingesetzt. Sie werden gem\u00e4\u00df den Spezifikationen des Motorenherstellers entworfen und konstruiert und auf die Anforderungen des K\u00fchlsystems zugeschnitten.<\/p>\t\t\t\t\t\t\t\t<\/div>\n\t\t\t\t<\/div>\n\t\t\t\t<div class=\"elementor-element elementor-element-4d7c995f elementor-widget elementor-widget-heading\" data-id=\"4d7c995f\" data-element_type=\"widget\" data-e-type=\"widget\" data-widget_type=\"heading.default\">\n\t\t\t\t<div class=\"elementor-widget-container\">\n\t\t\t\t\t<h6 class=\"elementor-heading-title elementor-size-default\">Information<\/h6>\t\t\t\t<\/div>\n\t\t\t\t<\/div>\n\t\t\t\t<div class=\"elementor-element elementor-element-17a6b274 elementor-widget__width-initial elementor-widget elementor-widget-text-editor\" data-id=\"17a6b274\" data-element_type=\"widget\" data-e-type=\"widget\" data-widget_type=\"text-editor.default\">\n\t\t\t\t<div class=\"elementor-widget-container\">\n\t\t\t\t\t\t\t\t\t<p style=\"text-align: left;\">K\u00fchlwasserpumpen sind Kreiselpumpen mit einer F\u00f6rderleistung bis 350 m\u00b3\/h und einem maximalen Druckanstieg von 5 bar. Sie arbeiten in einem Temperaturbereich von -10 bis 105 \u00b0C und verf\u00fcgen \u00fcber eine Selbstansaugoption. Zu den Komponenten geh\u00f6ren eine Antriebswelle aus Q&amp;T-Stahl, ein Laufrad und Geh\u00e4use aus Grauguss sowie ein Lagergeh\u00e4use aus Grauguss.<\/p>\t\t\t\t\t\t\t\t<\/div>\n\t\t\t\t<\/div>\n\t\t\t\t\t<\/div>\n\t\t\t\t<\/div>\n\t\t\t\t<\/div>\n\t\t<div id=\"e-n-tab-content-19802575072\" role=\"tabpanel\" aria-labelledby=\"e-n-tab-title-19802575072\" data-tab-index=\"2\" style=\"--n-tabs-title-order: 2;\" class=\"elementor-element elementor-element-2810adfa e-con-full e-flex e-con e-child\" data-id=\"2810adfa\" data-element_type=\"container\" data-e-type=\"container\">\n\t\t<div class=\"elementor-element elementor-element-64f6848d e-flex e-con-boxed e-con e-child\" data-id=\"64f6848d\" data-element_type=\"container\" data-e-type=\"container\">\n\t\t\t\t\t<div class=\"e-con-inner\">\n\t\t\t\t<div class=\"elementor-element elementor-element-72656242 elementor-widget elementor-widget-heading\" data-id=\"72656242\" data-element_type=\"widget\" data-e-type=\"widget\" data-widget_type=\"heading.default\">\n\t\t\t\t<div class=\"elementor-widget-container\">\n\t\t\t\t\t<h6 class=\"elementor-heading-title elementor-size-default\">Anwendungen <\/h6>\t\t\t\t<\/div>\n\t\t\t\t<\/div>\n\t\t\t\t<div class=\"elementor-element elementor-element-15fccf8e elementor-widget elementor-widget-text-editor\" data-id=\"15fccf8e\" data-element_type=\"widget\" data-e-type=\"widget\" data-widget_type=\"text-editor.default\">\n\t\t\t\t<div class=\"elementor-widget-container\">\n\t\t\t\t\t\t\t\t\t<p>K\u00fchlkreisl\u00e4ufe schnell- und mittelschnelllaufender Diesel- und Gasmotoren.\u00a0<\/p>\t\t\t\t\t\t\t\t<\/div>\n\t\t\t\t<\/div>\n\t\t\t\t\t<\/div>\n\t\t\t\t<\/div>\n\t\t\t\t<\/div>\n\t\t<div id=\"e-n-tab-content-19802575073\" role=\"tabpanel\" aria-labelledby=\"e-n-tab-title-19802575073\" data-tab-index=\"3\" style=\"--n-tabs-title-order: 3;\" class=\"elementor-element elementor-element-77a1b9fe e-con-full e-flex e-con e-child\" data-id=\"77a1b9fe\" data-element_type=\"container\" data-e-type=\"container\">\n\t\t<div class=\"elementor-element elementor-element-92c985e e-flex e-con-boxed e-con e-child\" data-id=\"92c985e\" data-element_type=\"container\" data-e-type=\"container\">\n\t\t\t\t\t<div class=\"e-con-inner\">\n\t\t<div class=\"elementor-element elementor-element-1384f29 e-flex e-con-boxed e-con e-child\" data-id=\"1384f29\" data-element_type=\"container\" data-e-type=\"container\">\n\t\t\t\t\t<div class=\"e-con-inner\">\n\t\t<div class=\"elementor-element elementor-element-ffccdaa e-flex e-con-boxed e-con e-child\" data-id=\"ffccdaa\" data-element_type=\"container\" data-e-type=\"container\">\n\t\t\t\t\t<div class=\"e-con-inner\">\n\t\t\t\t<div class=\"elementor-element elementor-element-21ead99 elementor-widget elementor-widget-heading\" data-id=\"21ead99\" data-element_type=\"widget\" data-e-type=\"widget\" data-widget_type=\"heading.default\">\n\t\t\t\t<div class=\"elementor-widget-container\">\n\t\t\t\t\t<div class=\"elementor-heading-title elementor-size-default\">Technisches Datenblatt<\/div>\t\t\t\t<\/div>\n\t\t\t\t<\/div>\n\t\t\t\t<div class=\"elementor-element elementor-element-5ff8e90 elementor-widget elementor-widget-button\" data-id=\"5ff8e90\" data-element_type=\"widget\" data-e-type=\"widget\" data-widget_type=\"button.default\">\n\t\t\t\t<div class=\"elementor-widget-container\">\n\t\t\t\t\t\t\t\t\t<div class=\"elementor-button-wrapper\">\n\t\t\t\t\t<a class=\"elementor-button elementor-button-link elementor-size-sm\" href=\"https:\/\/drive.google.com\/file\/d\/1vXBW-tIC7LU4k2hd4C-cQ9EYafDFCnLv\/view?usp=sharing\" target=\"_blank\">\n\t\t\t\t\t\t<span class=\"elementor-button-content-wrapper\">\n\t\t\t\t\t\t<span class=\"elementor-button-icon\">\n\t\t\t\t<svg aria-hidden=\"true\" class=\"e-font-icon-svg e-fas-file-pdf\" viewbox=\"0 0 384 512\" xmlns=\"http:\/\/www.w3.org\/2000\/svg\"><path d=\"M181.9 256.1c-5-16-4.9-46.9-2-46.9 8.4 0 7.6 36.9 2 46.9zm-1.7 47.2c-7.7 20.2-17.3 43.3-28.4 62.7 18.3-7 39-17.2 62.9-21.9-12.7-9.6-24.9-23.4-34.5-40.8zM86.1 428.1c0 .8 13.2-5.4 34.9-40.2-6.7 6.3-29.1 24.5-34.9 40.2zM248 160h136v328c0 13.3-10.7 24-24 24H24c-13.3 0-24-10.7-24-24V24C0 10.7 10.7 0 24 0h200v136c0 13.2 10.8 24 24 24zm-8 171.8c-20-12.2-33.3-29-42.7-53.8 4.5-18.5 11.6-46.6 6.2-64.2-4.7-29.4-42.4-26.5-47.8-6.8-5 18.3-.4 44.1 8.1 77-11.6 27.6-28.7 64.6-40.8 85.8-.1 0-.1.1-.2.1-27.1 13.9-73.6 44.5-54.5 68 5.6 6.9 16 10 21.5 10 17.9 0 35.7-18 61.1-61.8 25.8-8.5 54.1-19.1 79-23.2 21.7 11.8 47.1 19.5 64 19.5 29.2 0 31.2-32 19.7-43.4-13.9-13.6-54.3-9.7-73.6-7.2zM377 105L279 7c-4.5-4.5-10.6-7-17-7h-6v128h128v-6.1c0-6.3-2.5-12.4-7-16.9zm-74.1 255.3c4.1-2.7-2.5-11.9-42.8-9 37.1 15.8 42.8 9 42.8 9z\"><\/path><\/svg>\t\t\t<\/span>\n\t\t\t\t\t\t\t\t\t<span class=\"elementor-button-text\">herunterladen<\/span>\n\t\t\t\t\t<\/span>\n\t\t\t\t\t<\/a>\n\t\t\t\t<\/div>\n\t\t\t\t\t\t\t\t<\/div>\n\t\t\t\t<\/div>\n\t\t\t\t\t<\/div>\n\t\t\t\t<\/div>\n\t\t\t\t\t<\/div>\n\t\t\t\t<\/div>\n\t\t\t\t\t<\/div>\n\t\t\t\t<\/div>\n\t\t\t\t<\/div>\n\t\t\t\t\t<\/div>\n\t\t<\/div>\n\t\t\t\t\t\t<\/div>\n\t\t\t\t<\/div>\n\t\t\t\t\t<\/div>\n\t\t\t\t<\/div>\n\t\t\t\t\t<\/div>\n\t\t\t\t<\/div>\n\t\t\t\t<\/div>\n\t\t\t\t\t<\/div>\n\t\t\t\t<\/div>\n\t\t\t\t<\/div>","protected":false},"excerpt":{"rendered":"<p>Products &amp; Systems &gt; Gear Pumps back Cooling Water Centrifugal Pump Flow rate up to 350 m\u00b3 \/ h Pressure rise: max. 5 bar Temperature range: -10 to 105 \u00b0C [&hellip;]<\/p>\n","protected":false},"author":2,"featured_media":0,"parent":0,"menu_order":0,"comment_status":"closed","ping_status":"closed","template":"","meta":{"breadcrumbs_single_post":"","page_title_panel":"","breadcrumbs_single_page":"","single_page_alignment":"","single_page_margin":"","page_structure_type":"","content_style_source":"","content_style":"","blog_post_streched_ed":"","blog_page_streched_ed":"","has_transparent_header":"","disable_transparent_header":"","vertical_spacing_source":"","content_area_spacing":"","single_post_content_background":"","single_page_content_background":"","single_post_boxed_content_spacing":"","single_page_boxed_content_spacing":"","single_post_content_boxed_radius":"","single_page_content_boxed_radius":"","disable_featured_image":"","disable_post_tags":"","disable_author_box":"","disable_posts_navigation":"","disable_comments":"","disable_related_posts":"","disable_header":"","disable_footer":"","footnotes":""},"class_list":["post-4798","page","type-page","status-publish","hentry","rishi-post","no-post-thumbnail"],"_links":{"self":[{"href":"https:\/\/pd-technik.eu\/de\/wp-json\/wp\/v2\/pages\/4798","targetHints":{"allow":["GET"]}}],"collection":[{"href":"https:\/\/pd-technik.eu\/de\/wp-json\/wp\/v2\/pages"}],"about":[{"href":"https:\/\/pd-technik.eu\/de\/wp-json\/wp\/v2\/types\/page"}],"author":[{"embeddable":true,"href":"https:\/\/pd-technik.eu\/de\/wp-json\/wp\/v2\/users\/2"}],"replies":[{"embeddable":true,"href":"https:\/\/pd-technik.eu\/de\/wp-json\/wp\/v2\/comments?post=4798"}],"version-history":[{"count":91,"href":"https:\/\/pd-technik.eu\/de\/wp-json\/wp\/v2\/pages\/4798\/revisions"}],"predecessor-version":[{"id":32619,"href":"https:\/\/pd-technik.eu\/de\/wp-json\/wp\/v2\/pages\/4798\/revisions\/32619"}],"wp:attachment":[{"href":"https:\/\/pd-technik.eu\/de\/wp-json\/wp\/v2\/media?parent=4798"}],"curies":[{"name":"wp","href":"https:\/\/api.w.org\/{rel}","templated":true}]}}