{"id":4800,"date":"2024-01-08T14:35:55","date_gmt":"2024-01-08T14:35:55","guid":{"rendered":"https:\/\/test.pd-technik.eu\/?page_id=4800"},"modified":"2024-04-02T03:39:38","modified_gmt":"2024-04-02T03:39:38","slug":"feed-pump","status":"publish","type":"page","link":"https:\/\/pd-technik.eu\/de\/feed-pump\/","title":{"rendered":"F\u00f6rderpumpe"},"content":{"rendered":"<div data-elementor-type=\"wp-post\" data-elementor-id=\"4800\" class=\"elementor elementor-4800\" data-elementor-post-type=\"page\">\n\t\t\t\t<div class=\"elementor-element elementor-element-67e87891 e-flex e-con-boxed e-con e-parent\" data-id=\"67e87891\" data-element_type=\"container\" data-e-type=\"container\">\n\t\t\t\t\t<div class=\"e-con-inner\">\n\t\t\t\t<div class=\"elementor-element elementor-element-1483436b elementor-widget__width-auto elementor-widget-mobile__width-initial elementor-widget elementor-widget-heading\" data-id=\"1483436b\" data-element_type=\"widget\" data-e-type=\"widget\" data-widget_type=\"heading.default\">\n\t\t\t\t<div class=\"elementor-widget-container\">\n\t\t\t\t\t<h6 class=\"elementor-heading-title elementor-size-default\">Produkte &amp; Systeme &gt; <\/h6>\t\t\t\t<\/div>\n\t\t\t\t<\/div>\n\t\t\t\t<div class=\"elementor-element elementor-element-2c262f34 elementor-widget__width-initial elementor-widget elementor-widget-heading\" data-id=\"2c262f34\" data-element_type=\"widget\" data-e-type=\"widget\" data-widget_type=\"heading.default\">\n\t\t\t\t<div class=\"elementor-widget-container\">\n\t\t\t\t\t<h6 class=\"elementor-heading-title elementor-size-default\">Zahnradpumpen<\/h6>\t\t\t\t<\/div>\n\t\t\t\t<\/div>\n\t\t\t\t\t<\/div>\n\t\t\t\t<\/div>\n\t\t<div class=\"elementor-element elementor-element-ae956bd e-flex e-con-boxed e-con e-parent\" data-id=\"ae956bd\" data-element_type=\"container\" data-e-type=\"container\">\n\t\t\t\t\t<div class=\"e-con-inner\">\n\t\t<div class=\"elementor-element elementor-element-559b268 e-con-full e-flex e-con e-child\" data-id=\"559b268\" data-element_type=\"container\" data-e-type=\"container\" data-settings=\"{&quot;background_background&quot;:&quot;classic&quot;}\">\n\t\t\t\t<div class=\"elementor-element elementor-element-0558f27 elementor-widget-mobile__width-initial elementor-widget__width-initial To keep the dropdown menu open when an item is selected in Elementor Pro WordPress, you can add custom CSS code to override the default behavior. Here&#039;s an example of the CSS code you can use:  ```css \/* Add custom CSS to keep dropdown menu open when item is selected *\/ .elementor-nav-menu__dropdown.dropdown-click .elementor-nav-menu--dropdown .sub-menu {     display: block !important;     opacity: 1 !important;     visibility: visible !important;     max-height: none !important;     overflow: visible !important; } ```  You can add this CSS code by following these steps:  1. Edit the page with Elementor Pro where your dropdown menu is located. 2. Right-click on the section containing the dropdown menu and select &quot;Edit Section&quot; or &quot;Edit Widget&quot; (depending on how you&#039;ve added the menu). 3. In the left panel, go to the Advanced tab. 4. In the &quot;CSS Classes&quot; field, add a custom CSS class, for example, &quot;keep-dropdown-open&quot;. 5. Update the section\/widget and exit the Elementor editor. 6. Go to your WordPress Dashboard. 7. Navigate to Appearance &gt; Customize &gt; Additional CSS. 8. Add the CSS code provided above, targeting the custom CSS class you added. For example:  ```css .keep-dropdown-open .elementor-nav-menu__dropdown.dropdown-click .elementor-nav-menu--dropdown .sub-menu {     display: block !important;     opacity: 1 !important;     visibility: visible !important;     max-height: none !important;     overflow: visible !important; } ```  9. Publish the changes.  After adding the CSS code, the dropdown menu in Elementor Pro WordPress should remain open when an item is selected. elementor-nav-menu__text-align-aside elementor-widget elementor-widget-nav-menu\" data-id=\"0558f27\" data-element_type=\"widget\" data-e-type=\"widget\" data-settings=\"{&quot;submenu_icon&quot;:{&quot;value&quot;:&quot;&lt;i aria-hidden=\\&quot;true\\&quot; class=\\&quot;\\&quot;&gt;&lt;\\\/i&gt;&quot;,&quot;library&quot;:&quot;&quot;},&quot;layout&quot;:&quot;dropdown&quot;}\" data-widget_type=\"nav-menu.default\">\n\t\t\t\t<div class=\"elementor-widget-container\">\n\t\t\t\t\t\t\t\t<nav class=\"elementor-nav-menu--dropdown elementor-nav-menu__container\" aria-hidden=\"true\">\n\t\t\t\t<ul id=\"menu-2-0558f27\" class=\"elementor-nav-menu\"><li class=\"menu-item menu-item-type-post_type menu-item-object-page menu-item-28137\"><a href=\"https:\/\/pd-technik.eu\/de\/blower-standard-lobe-blower\/\" class=\"elementor-item\" tabindex=\"-1\">Drehkolbengebl\u00e4se Standard<\/a><\/li>\n<li class=\"menu-item menu-item-type-post_type menu-item-object-page menu-item-28138\"><a href=\"https:\/\/pd-technik.eu\/de\/blower-standard-side-channel-blower\/\" class=\"elementor-item\" tabindex=\"-1\">Seitenkanalgebl\u00e4se<\/a><\/li>\n<li class=\"menu-item menu-item-type-post_type menu-item-object-page menu-item-28143\"><a href=\"https:\/\/pd-technik.eu\/de\/compressor-standard\/\" class=\"elementor-item\" tabindex=\"-1\">Schraubenkompressor Standard<\/a><\/li>\n<li class=\"menu-item menu-item-type-post_type menu-item-object-page menu-item-28140\"><a href=\"https:\/\/pd-technik.eu\/de\/blower-compressor-special\/\" class=\"elementor-item\" tabindex=\"-1\">Gebl\u00e4se-Spezial<\/a><\/li>\n<li class=\"menu-item menu-item-type-post_type menu-item-object-page menu-item-30731\"><a href=\"https:\/\/pd-technik.eu\/de\/compressor-special\/\" class=\"elementor-item\" tabindex=\"-1\">Kompressor-Spezial<\/a><\/li>\n<li class=\"menu-item menu-item-type-post_type menu-item-object-page menu-item-28159\"><a href=\"https:\/\/pd-technik.eu\/de\/turbo-2\/\" class=\"elementor-item\" tabindex=\"-1\">Turbo-Standard<\/a><\/li>\n<li class=\"menu-item menu-item-type-post_type menu-item-object-page menu-item-28150\"><a href=\"https:\/\/pd-technik.eu\/de\/vacuum-systems\/\" class=\"elementor-item\" tabindex=\"-1\">Vakuumsysteme<\/a><\/li>\n<li class=\"menu-item menu-item-type-custom menu-item-object-custom menu-item-has-children menu-item-28160\"><a class=\"elementor-item\" tabindex=\"-1\">Pumpen<span class=\"submenu-toggle\" ><svg xmlns=\"http:\/\/www.w3.org\/2000\/svg\" width=\"10\" height=\"5\" viewbox=\"0 0 10 5\"><path id=\"Polygon_5\" data-name=\"Polygon 5\" d=\"M5,0l5,5H0Z\" transform=\"translate(10 5) rotate(180)\"\/><\/svg><\/span><\/a>\n<ul class=\"sub-menu elementor-nav-menu--dropdown\">\n\t<li class=\"menu-item menu-item-type-post_type menu-item-object-page menu-item-28153\"><a href=\"https:\/\/pd-technik.eu\/de\/multistage-pumps\/\" class=\"elementor-sub-item\" tabindex=\"-1\">Mehrstufige Pumpen<\/a><\/li>\n\t<li class=\"menu-item menu-item-type-post_type menu-item-object-page menu-item-28142\"><a href=\"https:\/\/pd-technik.eu\/de\/centrifugal-sr-pumps\/\" class=\"elementor-sub-item\" tabindex=\"-1\">Kreiselpumpen SR<\/a><\/li>\n\t<li class=\"menu-item menu-item-type-post_type menu-item-object-page menu-item-28141\"><a href=\"https:\/\/pd-technik.eu\/de\/centrifugal-rb-pumps\/\" class=\"elementor-sub-item\" tabindex=\"-1\">Kreiselpumpen RB<\/a><\/li>\n\t<li class=\"menu-item menu-item-type-post_type menu-item-object-page menu-item-28145\"><a href=\"https:\/\/pd-technik.eu\/de\/gear-pumps\/\" class=\"elementor-sub-item\" tabindex=\"-1\">Zahnradpumpen<\/a><\/li>\n\t<li class=\"menu-item menu-item-type-post_type menu-item-object-page menu-item-28149\"><a href=\"https:\/\/pd-technik.eu\/de\/vacuum-pumps\/\" class=\"elementor-sub-item\" tabindex=\"-1\">Vakuumpumpen<\/a><\/li>\n<\/ul>\n<\/li>\n<li class=\"menu-item menu-item-type-post_type menu-item-object-page menu-item-28146\"><a href=\"https:\/\/pd-technik.eu\/de\/lubrication-systems\/\" class=\"elementor-item\" tabindex=\"-1\">Schmiersysteme<\/a><\/li>\n<li class=\"menu-item menu-item-type-post_type menu-item-object-page menu-item-28144\"><a href=\"https:\/\/pd-technik.eu\/de\/electrical-actuators\/\" class=\"elementor-item\" tabindex=\"-1\">Elektrische Aktuatoren<\/a><\/li>\n<li class=\"menu-item menu-item-type-post_type menu-item-object-page menu-item-28151\"><a href=\"https:\/\/pd-technik.eu\/de\/air-slide-fabric\/\" class=\"elementor-item\" tabindex=\"-1\">Air-Slide-Gewebe<\/a><\/li>\n<li class=\"menu-item menu-item-type-post_type menu-item-object-page menu-item-28152\"><a href=\"https:\/\/pd-technik.eu\/de\/couplings\/\" class=\"elementor-item\" tabindex=\"-1\">Kupplungen<\/a><\/li>\n<\/ul>\t\t\t<\/nav>\n\t\t\t\t\t\t<\/div>\n\t\t\t\t<\/div>\n\t\t\t\t<\/div>\n\t\t<div class=\"elementor-element elementor-element-4a85688c e-con-full e-flex e-con e-child\" data-id=\"4a85688c\" data-element_type=\"container\" data-e-type=\"container\">\n\t\t<div class=\"elementor-element elementor-element-678ff962 e-flex e-con-boxed e-con e-child\" data-id=\"678ff962\" data-element_type=\"container\" data-e-type=\"container\" data-settings=\"{&quot;background_background&quot;:&quot;classic&quot;}\">\n\t\t\t\t\t<div class=\"e-con-inner\">\n\t\t<div class=\"elementor-element elementor-element-536807a4 e-flex e-con-boxed e-con e-child\" data-id=\"536807a4\" data-element_type=\"container\" data-e-type=\"container\">\n\t\t\t\t\t<div class=\"e-con-inner\">\n\t\t<div class=\"elementor-element elementor-element-8218fb6 e-flex e-con-boxed e-con e-child\" data-id=\"8218fb6\" data-element_type=\"container\" data-e-type=\"container\">\n\t\t\t\t\t<div class=\"e-con-inner\">\n\t\t\t\t<div class=\"elementor-element elementor-element-3b18c92 elementor-align-justify elementor-widget elementor-widget-button\" data-id=\"3b18c92\" data-element_type=\"widget\" data-e-type=\"widget\" data-widget_type=\"button.default\">\n\t\t\t\t<div class=\"elementor-widget-container\">\n\t\t\t\t\t\t\t\t\t<div class=\"elementor-button-wrapper\">\n\t\t\t\t\t<a class=\"elementor-button elementor-button-link elementor-size-sm\" href=\"https:\/\/pd-technik.eu\/de\/gear-pumps\/\">\n\t\t\t\t\t\t<span class=\"elementor-button-content-wrapper\">\n\t\t\t\t\t\t\t\t\t<span class=\"elementor-button-text\"> zur\u00fcck            <\/span>\n\t\t\t\t\t<\/span>\n\t\t\t\t\t<\/a>\n\t\t\t\t<\/div>\n\t\t\t\t\t\t\t\t<\/div>\n\t\t\t\t<\/div>\n\t\t\t\t\t<\/div>\n\t\t\t\t<\/div>\n\t\t\t\t\t<\/div>\n\t\t\t\t<\/div>\n\t\t<div class=\"elementor-element elementor-element-1fcd42ae e-grid e-con-full e-con e-child\" data-id=\"1fcd42ae\" data-element_type=\"container\" data-e-type=\"container\" data-settings=\"{&quot;background_background&quot;:&quot;classic&quot;}\">\n\t\t\t\t<div class=\"elementor-element elementor-element-126fd79f elementor-widget elementor-widget-image\" data-id=\"126fd79f\" data-element_type=\"widget\" data-e-type=\"widget\" data-widget_type=\"image.default\">\n\t\t\t\t<div class=\"elementor-widget-container\">\n\t\t\t\t\t\t\t\t\t\t\t\t\t\t\t<img fetchpriority=\"high\" decoding=\"async\" width=\"360\" height=\"360\" src=\"https:\/\/pd-technik.eu\/wp-content\/uploads\/2024\/01\/6-Gear-Pump.png\" class=\"attachment-full size-full wp-image-3766\" alt=\"Gear Feed Pump\" srcset=\"https:\/\/pd-technik.eu\/wp-content\/uploads\/2024\/01\/6-Gear-Pump.png 360w, https:\/\/pd-technik.eu\/wp-content\/uploads\/2024\/01\/6-Gear-Pump-300x300.png 300w, https:\/\/pd-technik.eu\/wp-content\/uploads\/2024\/01\/6-Gear-Pump-100x100.png 100w, https:\/\/pd-technik.eu\/wp-content\/uploads\/2024\/01\/6-Gear-Pump-150x150.png 150w\" sizes=\"(max-width: 360px) 100vw, 360px\" \/>\t\t\t\t\t\t\t\t\t\t\t\t\t\t\t<\/div>\n\t\t\t\t<\/div>\n\t\t<div class=\"elementor-element elementor-element-14f3c483 e-flex e-con-boxed e-con e-child\" data-id=\"14f3c483\" data-element_type=\"container\" data-e-type=\"container\">\n\t\t\t\t\t<div class=\"e-con-inner\">\n\t\t<div class=\"elementor-element elementor-element-48e41f56 e-flex e-con-boxed e-con e-child\" data-id=\"48e41f56\" data-element_type=\"container\" data-e-type=\"container\">\n\t\t\t\t\t<div class=\"e-con-inner\">\n\t\t\t\t<div class=\"elementor-element elementor-element-6a6c336c elementor-widget elementor-widget-heading\" data-id=\"6a6c336c\" data-element_type=\"widget\" data-e-type=\"widget\" data-widget_type=\"heading.default\">\n\t\t\t\t<div class=\"elementor-widget-container\">\n\t\t\t\t\t<h5 class=\"elementor-heading-title elementor-size-default\">F\u00f6rderpumpe<\/h5>\t\t\t\t<\/div>\n\t\t\t\t<\/div>\n\t\t\t\t\t<\/div>\n\t\t\t\t<\/div>\n\t\t\t\t<div class=\"elementor-element elementor-element-79b53bc9 elementor-widget__width-initial elementor-widget elementor-widget-text-editor\" data-id=\"79b53bc9\" data-element_type=\"widget\" data-e-type=\"widget\" data-widget_type=\"text-editor.default\">\n\t\t\t\t<div class=\"elementor-widget-container\">\n\t\t\t\t\t\t\t\t\t<ul><li>Durchflussmenge: max. 3.400 cm\u00b3\/U<\/li><li>Maximaler Druck: max. 25 bar<\/li><li>Betriebstemperatur: max. 250 \u00b0C<\/li><li>Viskosit\u00e4t: max. 100.000 mm\u00b2\/s<\/li><\/ul>\t\t\t\t\t\t\t\t<\/div>\n\t\t\t\t<\/div>\n\t\t<div class=\"elementor-element elementor-element-366b33ac e-con-full e-flex e-con e-child\" data-id=\"366b33ac\" data-element_type=\"container\" data-e-type=\"container\">\n\t\t<div class=\"elementor-element elementor-element-5671ff99 e-flex e-con-boxed e-con e-child\" data-id=\"5671ff99\" data-element_type=\"container\" data-e-type=\"container\">\n\t\t\t\t\t<div class=\"e-con-inner\">\n\t\t\t\t<div class=\"elementor-element elementor-element-77b3fb30 elementor-align-justify elementor-widget__width-initial elementor-widget elementor-widget-button\" data-id=\"77b3fb30\" data-element_type=\"widget\" data-e-type=\"widget\" data-widget_type=\"button.default\">\n\t\t\t\t<div class=\"elementor-widget-container\">\n\t\t\t\t\t\t\t\t\t<div class=\"elementor-button-wrapper\">\n\t\t\t\t\t<a class=\"elementor-button elementor-button-link elementor-size-sm\" href=\"https:\/\/pd-technik.eu\/questionnaire-order-gear-pump-selection\/?geartype=Feed%20Pump\" target=\"_blank\" id=\"geartype\">\n\t\t\t\t\t\t<span class=\"elementor-button-content-wrapper\">\n\t\t\t\t\t\t\t\t\t<span class=\"elementor-button-text\">Bestellen Sie nach technischen Spezifikationen<\/span>\n\t\t\t\t\t<\/span>\n\t\t\t\t\t<\/a>\n\t\t\t\t<\/div>\n\t\t\t\t\t\t\t\t<\/div>\n\t\t\t\t<\/div>\n\t\t\t\t\t<\/div>\n\t\t\t\t<\/div>\n\t\t<div class=\"elementor-element elementor-element-242ed05f e-flex e-con-boxed e-con e-child\" data-id=\"242ed05f\" data-element_type=\"container\" data-e-type=\"container\">\n\t\t\t\t\t<div class=\"e-con-inner\">\n\t\t\t\t<div class=\"elementor-element elementor-element-4c573f82 elementor-align-justify elementor-widget elementor-widget-button\" data-id=\"4c573f82\" data-element_type=\"widget\" data-e-type=\"widget\" data-widget_type=\"button.default\">\n\t\t\t\t<div class=\"elementor-widget-container\">\n\t\t\t\t\t\t\t\t\t<div class=\"elementor-button-wrapper\">\n\t\t\t\t\t<a class=\"elementor-button elementor-button-link elementor-size-sm\" href=\"https:\/\/pd-technik.eu\/de\/service-request\/\" target=\"_blank\">\n\t\t\t\t\t\t<span class=\"elementor-button-content-wrapper\">\n\t\t\t\t\t\t\t\t\t<span class=\"elementor-button-text\">Service anfordern<\/span>\n\t\t\t\t\t<\/span>\n\t\t\t\t\t<\/a>\n\t\t\t\t<\/div>\n\t\t\t\t\t\t\t\t<\/div>\n\t\t\t\t<\/div>\n\t\t\t\t\t<\/div>\n\t\t\t\t<\/div>\n\t\t\t\t<\/div>\n\t\t\t\t\t<\/div>\n\t\t\t\t<\/div>\n\t\t\t\t<\/div>\n\t\t<div class=\"elementor-element elementor-element-b746753 e-flex e-con-boxed e-con e-child\" data-id=\"b746753\" data-element_type=\"container\" data-e-type=\"container\" data-settings=\"{&quot;background_background&quot;:&quot;classic&quot;}\">\n\t\t\t\t\t<div class=\"e-con-inner\">\n\t\t\t\t<div class=\"elementor-element elementor-element-1cf792cb e-n-tabs-mobile elementor-widget elementor-widget-n-tabs\" data-id=\"1cf792cb\" data-element_type=\"widget\" data-e-type=\"widget\" data-settings=\"{&quot;tabs_justify_horizontal&quot;:&quot;center&quot;,&quot;horizontal_scroll&quot;:&quot;disable&quot;}\" data-widget_type=\"nested-tabs.default\">\n\t\t\t\t<div class=\"elementor-widget-container\">\n\t\t\t\t\t\t\t<div class=\"e-n-tabs\" data-widget-number=\"485987019\" aria-label=\"Tabs. Open items with Enter or Space, close with Escape and navigate using the Arrow keys.\">\n\t\t\t<div class=\"e-n-tabs-heading\" role=\"tablist\">\n\t\t\t\t\t<button id=\"#dis\" data-tab-title-id=\"e-n-tab-title-4859870191\" class=\"e-n-tab-title\" aria-selected=\"true\" data-tab-index=\"1\" role=\"tab\" tabindex=\"0\" aria-controls=\"e-n-tab-content-4859870191\" style=\"--n-tabs-title-order: 1;\">\n\t\t\t\t\t\t<span class=\"e-n-tab-title-text\">\n\t\t\t\tBeschreibung\t\t\t<\/span>\n\t\t<\/button>\n\t\t\t\t<button id=\"e-n-tab-title-4859870192\" data-tab-title-id=\"e-n-tab-title-4859870192\" class=\"e-n-tab-title\" aria-selected=\"false\" data-tab-index=\"2\" role=\"tab\" tabindex=\"-1\" aria-controls=\"e-n-tab-content-4859870192\" style=\"--n-tabs-title-order: 2;\">\n\t\t\t\t\t\t<span class=\"e-n-tab-title-text\">\n\t\t\t\tAnwendungen\t\t\t<\/span>\n\t\t<\/button>\n\t\t\t\t<button id=\"e-n-tab-title-4859870193\" data-tab-title-id=\"e-n-tab-title-4859870193\" class=\"e-n-tab-title\" aria-selected=\"false\" data-tab-index=\"3\" role=\"tab\" tabindex=\"-1\" aria-controls=\"e-n-tab-content-4859870193\" style=\"--n-tabs-title-order: 3;\">\n\t\t\t\t\t\t<span class=\"e-n-tab-title-text\">\n\t\t\t\tDownloads\t\t\t<\/span>\n\t\t<\/button>\n\t\t\t\t\t<\/div>\n\t\t\t<div class=\"e-n-tabs-content\">\n\t\t\t\t<div id=\"e-n-tab-content-4859870191 dis\" role=\"tabpanel\" aria-labelledby=\"#dis\" data-tab-index=\"1\" style=\"--n-tabs-title-order: 1;\" class=\"e-active elementor-element elementor-element-76c2100c e-con-full e-flex e-con e-child\" data-id=\"76c2100c\" data-element_type=\"container\" data-e-type=\"container\">\n\t\t<div class=\"elementor-element elementor-element-18c3c177 e-flex e-con-boxed e-con e-child\" data-id=\"18c3c177\" data-element_type=\"container\" data-e-type=\"container\">\n\t\t\t\t\t<div class=\"e-con-inner\">\n\t\t\t\t<div class=\"elementor-element elementor-element-5e4e1430 elementor-widget elementor-widget-heading\" data-id=\"5e4e1430\" data-element_type=\"widget\" data-e-type=\"widget\" data-widget_type=\"heading.default\">\n\t\t\t\t<div class=\"elementor-widget-container\">\n\t\t\t\t\t<h6 class=\"elementor-heading-title elementor-size-default\">Beschreibung<\/h6>\t\t\t\t<\/div>\n\t\t\t\t<\/div>\n\t\t\t\t<div class=\"elementor-element elementor-element-2114843d elementor-widget__width-initial elementor-widget elementor-widget-text-editor\" data-id=\"2114843d\" data-element_type=\"widget\" data-e-type=\"widget\" data-widget_type=\"text-editor.default\">\n\t\t\t\t<div class=\"elementor-widget-container\">\n\t\t\t\t\t\t\t\t\t<p style=\"text-align: left;\">F\u00f6rderpumpen sind f\u00fcr die F\u00f6rderung von Fl\u00fcssigkeiten in der Industrie von entscheidender Bedeutung und sorgen f\u00fcr einen reibungslosen und effizienten Fluss. Mit pulsationsfreier F\u00f6rderung und kompaktem Design bieten diese Pumpen zuverl\u00e4ssige Leistung und minimieren St\u00f6rungen.<\/p>\t\t\t\t\t\t\t\t<\/div>\n\t\t\t\t<\/div>\n\t\t\t\t<div class=\"elementor-element elementor-element-75a26b9c elementor-widget elementor-widget-heading\" data-id=\"75a26b9c\" data-element_type=\"widget\" data-e-type=\"widget\" data-widget_type=\"heading.default\">\n\t\t\t\t<div class=\"elementor-widget-container\">\n\t\t\t\t\t<h6 class=\"elementor-heading-title elementor-size-default\">Information<\/h6>\t\t\t\t<\/div>\n\t\t\t\t<\/div>\n\t\t\t\t<div class=\"elementor-element elementor-element-4d88224f elementor-widget__width-initial elementor-widget elementor-widget-text-editor\" data-id=\"4d88224f\" data-element_type=\"widget\" data-e-type=\"widget\" data-widget_type=\"text-editor.default\">\n\t\t\t\t<div class=\"elementor-widget-container\">\n\t\t\t\t\t\t\t\t\t<p style=\"text-align: left;\">Ausgestattet mit einstellbaren Ventilen und vielseitigen Montagem\u00f6glichkeiten finden F\u00f6rderpumpen Anwendung in verschiedenen Branchen wie der chemischen Verarbeitung, der Systemtechnik und der Schiffstechnik. Sie spielen eine wichtige Rolle bei der Wartung von Schmiersystemen und der Unterst\u00fctzung von Filtrationsprozessen.<\/p>\t\t\t\t\t\t\t\t<\/div>\n\t\t\t\t<\/div>\n\t\t\t\t\t<\/div>\n\t\t\t\t<\/div>\n\t\t\t\t<\/div>\n\t\t<div id=\"e-n-tab-content-4859870192\" role=\"tabpanel\" aria-labelledby=\"e-n-tab-title-4859870192\" data-tab-index=\"2\" style=\"--n-tabs-title-order: 2;\" class=\"elementor-element elementor-element-7bc3aa4c e-con-full e-flex e-con e-child\" data-id=\"7bc3aa4c\" data-element_type=\"container\" data-e-type=\"container\">\n\t\t<div class=\"elementor-element elementor-element-6aefc956 e-flex e-con-boxed e-con e-child\" data-id=\"6aefc956\" data-element_type=\"container\" data-e-type=\"container\">\n\t\t\t\t\t<div class=\"e-con-inner\">\n\t\t\t\t<div class=\"elementor-element elementor-element-6e7db4c elementor-widget elementor-widget-heading\" data-id=\"6e7db4c\" data-element_type=\"widget\" data-e-type=\"widget\" data-widget_type=\"heading.default\">\n\t\t\t\t<div class=\"elementor-widget-container\">\n\t\t\t\t\t<h6 class=\"elementor-heading-title elementor-size-default\">Anwendungen <\/h6>\t\t\t\t<\/div>\n\t\t\t\t<\/div>\n\t\t\t\t<div class=\"elementor-element elementor-element-7a4daf49 elementor-widget elementor-widget-text-editor\" data-id=\"7a4daf49\" data-element_type=\"widget\" data-e-type=\"widget\" data-widget_type=\"text-editor.default\">\n\t\t\t\t<div class=\"elementor-widget-container\">\n\t\t\t\t\t\t\t\t\t<p>Geeignet zur F\u00f6rderung aller Medien, die eine Mindestschmierf\u00e4higkeit gew\u00e4hrleisten, aber keine Feststoffe enthalten<\/p>\t\t\t\t\t\t\t\t<\/div>\n\t\t\t\t<\/div>\n\t\t\t\t\t<\/div>\n\t\t\t\t<\/div>\n\t\t\t\t<\/div>\n\t\t<div id=\"e-n-tab-content-4859870193\" role=\"tabpanel\" aria-labelledby=\"e-n-tab-title-4859870193\" data-tab-index=\"3\" style=\"--n-tabs-title-order: 3;\" class=\"elementor-element elementor-element-67a3916c e-con-full e-flex e-con e-child\" data-id=\"67a3916c\" data-element_type=\"container\" data-e-type=\"container\">\n\t\t<div class=\"elementor-element elementor-element-65ddaea0 e-flex e-con-boxed e-con e-child\" data-id=\"65ddaea0\" data-element_type=\"container\" data-e-type=\"container\">\n\t\t\t\t\t<div class=\"e-con-inner\">\n\t\t<div class=\"elementor-element elementor-element-4e6779f2 e-flex e-con-boxed e-con e-child\" data-id=\"4e6779f2\" data-element_type=\"container\" data-e-type=\"container\">\n\t\t\t\t\t<div class=\"e-con-inner\">\n\t\t<div class=\"elementor-element elementor-element-586bb2a3 e-flex e-con-boxed e-con e-child\" data-id=\"586bb2a3\" data-element_type=\"container\" data-e-type=\"container\">\n\t\t\t\t\t<div class=\"e-con-inner\">\n\t\t\t\t<div class=\"elementor-element elementor-element-38b2a2d0 elementor-widget elementor-widget-heading\" data-id=\"38b2a2d0\" data-element_type=\"widget\" data-e-type=\"widget\" data-widget_type=\"heading.default\">\n\t\t\t\t<div class=\"elementor-widget-container\">\n\t\t\t\t\t<div class=\"elementor-heading-title elementor-size-default\">Technisches Datenblatt<\/div>\t\t\t\t<\/div>\n\t\t\t\t<\/div>\n\t\t\t\t<div class=\"elementor-element elementor-element-c55930c elementor-widget elementor-widget-button\" data-id=\"c55930c\" data-element_type=\"widget\" data-e-type=\"widget\" data-widget_type=\"button.default\">\n\t\t\t\t<div class=\"elementor-widget-container\">\n\t\t\t\t\t\t\t\t\t<div class=\"elementor-button-wrapper\">\n\t\t\t\t\t<a class=\"elementor-button elementor-button-link elementor-size-sm\" href=\"https:\/\/drive.google.com\/file\/d\/1vXBW-tIC7LU4k2hd4C-cQ9EYafDFCnLv\/view?usp=sharing\" target=\"_blank\">\n\t\t\t\t\t\t<span class=\"elementor-button-content-wrapper\">\n\t\t\t\t\t\t<span class=\"elementor-button-icon\">\n\t\t\t\t<svg aria-hidden=\"true\" class=\"e-font-icon-svg e-fas-file-pdf\" viewbox=\"0 0 384 512\" xmlns=\"http:\/\/www.w3.org\/2000\/svg\"><path d=\"M181.9 256.1c-5-16-4.9-46.9-2-46.9 8.4 0 7.6 36.9 2 46.9zm-1.7 47.2c-7.7 20.2-17.3 43.3-28.4 62.7 18.3-7 39-17.2 62.9-21.9-12.7-9.6-24.9-23.4-34.5-40.8zM86.1 428.1c0 .8 13.2-5.4 34.9-40.2-6.7 6.3-29.1 24.5-34.9 40.2zM248 160h136v328c0 13.3-10.7 24-24 24H24c-13.3 0-24-10.7-24-24V24C0 10.7 10.7 0 24 0h200v136c0 13.2 10.8 24 24 24zm-8 171.8c-20-12.2-33.3-29-42.7-53.8 4.5-18.5 11.6-46.6 6.2-64.2-4.7-29.4-42.4-26.5-47.8-6.8-5 18.3-.4 44.1 8.1 77-11.6 27.6-28.7 64.6-40.8 85.8-.1 0-.1.1-.2.1-27.1 13.9-73.6 44.5-54.5 68 5.6 6.9 16 10 21.5 10 17.9 0 35.7-18 61.1-61.8 25.8-8.5 54.1-19.1 79-23.2 21.7 11.8 47.1 19.5 64 19.5 29.2 0 31.2-32 19.7-43.4-13.9-13.6-54.3-9.7-73.6-7.2zM377 105L279 7c-4.5-4.5-10.6-7-17-7h-6v128h128v-6.1c0-6.3-2.5-12.4-7-16.9zm-74.1 255.3c4.1-2.7-2.5-11.9-42.8-9 37.1 15.8 42.8 9 42.8 9z\"><\/path><\/svg>\t\t\t<\/span>\n\t\t\t\t\t\t\t\t\t<span class=\"elementor-button-text\">herunterladen<\/span>\n\t\t\t\t\t<\/span>\n\t\t\t\t\t<\/a>\n\t\t\t\t<\/div>\n\t\t\t\t\t\t\t\t<\/div>\n\t\t\t\t<\/div>\n\t\t\t\t\t<\/div>\n\t\t\t\t<\/div>\n\t\t\t\t\t<\/div>\n\t\t\t\t<\/div>\n\t\t\t\t\t<\/div>\n\t\t\t\t<\/div>\n\t\t\t\t<\/div>\n\t\t\t\t\t<\/div>\n\t\t<\/div>\n\t\t\t\t\t\t<\/div>\n\t\t\t\t<\/div>\n\t\t\t\t\t<\/div>\n\t\t\t\t<\/div>\n\t\t\t\t\t<\/div>\n\t\t\t\t<\/div>\n\t\t\t\t<\/div>\n\t\t\t\t\t<\/div>\n\t\t\t\t<\/div>\n\t\t\t\t<\/div>","protected":false},"excerpt":{"rendered":"<p>Products &amp; Systems &gt; Gear Pumps back Feed Pump Flow rate: max. 3.400 cm\u00b3 \/ rev Maxim pressure: max. 25 bar Operating temp: max. 250 \u00b0C Viscosity : max. 100.000 [&hellip;]<\/p>\n","protected":false},"author":2,"featured_media":0,"parent":0,"menu_order":0,"comment_status":"closed","ping_status":"closed","template":"","meta":{"breadcrumbs_single_post":"","page_title_panel":"","breadcrumbs_single_page":"","single_page_alignment":"","single_page_margin":"","page_structure_type":"","content_style_source":"","content_style":"","blog_post_streched_ed":"","blog_page_streched_ed":"","has_transparent_header":"","disable_transparent_header":"","vertical_spacing_source":"","content_area_spacing":"","single_post_content_background":"","single_page_content_background":"","single_post_boxed_content_spacing":"","single_page_boxed_content_spacing":"","single_post_content_boxed_radius":"","single_page_content_boxed_radius":"","disable_featured_image":"","disable_post_tags":"","disable_author_box":"","disable_posts_navigation":"","disable_comments":"","disable_related_posts":"","disable_header":"","disable_footer":"","footnotes":""},"class_list":["post-4800","page","type-page","status-publish","hentry","rishi-post","no-post-thumbnail"],"_links":{"self":[{"href":"https:\/\/pd-technik.eu\/de\/wp-json\/wp\/v2\/pages\/4800","targetHints":{"allow":["GET"]}}],"collection":[{"href":"https:\/\/pd-technik.eu\/de\/wp-json\/wp\/v2\/pages"}],"about":[{"href":"https:\/\/pd-technik.eu\/de\/wp-json\/wp\/v2\/types\/page"}],"author":[{"embeddable":true,"href":"https:\/\/pd-technik.eu\/de\/wp-json\/wp\/v2\/users\/2"}],"replies":[{"embeddable":true,"href":"https:\/\/pd-technik.eu\/de\/wp-json\/wp\/v2\/comments?post=4800"}],"version-history":[{"count":94,"href":"https:\/\/pd-technik.eu\/de\/wp-json\/wp\/v2\/pages\/4800\/revisions"}],"predecessor-version":[{"id":32607,"href":"https:\/\/pd-technik.eu\/de\/wp-json\/wp\/v2\/pages\/4800\/revisions\/32607"}],"wp:attachment":[{"href":"https:\/\/pd-technik.eu\/de\/wp-json\/wp\/v2\/media?parent=4800"}],"curies":[{"name":"wp","href":"https:\/\/api.w.org\/{rel}","templated":true}]}}