{"id":6770,"date":"2024-01-11T16:25:07","date_gmt":"2024-01-11T16:25:07","guid":{"rendered":"https:\/\/test.pd-technik.eu\/?page_id=6770"},"modified":"2024-02-29T15:03:43","modified_gmt":"2024-02-29T15:03:43","slug":"blowers-spare-parts","status":"publish","type":"page","link":"https:\/\/pd-technik.eu\/de\/blowers-spare-parts\/","title":{"rendered":"Blowers spare parts"},"content":{"rendered":"<div data-elementor-type=\"wp-post\" data-elementor-id=\"6770\" class=\"elementor elementor-6770\" data-elementor-post-type=\"page\">\n\t\t\t\t<div class=\"elementor-element elementor-element-6d52b180 e-flex e-con-boxed e-con e-parent\" data-id=\"6d52b180\" data-element_type=\"container\" data-e-type=\"container\">\n\t\t\t\t\t<div class=\"e-con-inner\">\n\t\t\t\t<div class=\"elementor-element elementor-element-634c0fb3 elementor-widget__width-auto elementor-widget-mobile__width-initial elementor-widget elementor-widget-heading\" data-id=\"634c0fb3\" data-element_type=\"widget\" data-e-type=\"widget\" data-widget_type=\"heading.default\">\n\t\t\t\t<div class=\"elementor-widget-container\">\n\t\t\t\t\t<h6 class=\"elementor-heading-title elementor-size-default\">Ersatzteile&gt;<\/h6>\t\t\t\t<\/div>\n\t\t\t\t<\/div>\n\t\t\t\t<div class=\"elementor-element elementor-element-5828ba79 elementor-widget__width-initial elementor-widget elementor-widget-heading\" data-id=\"5828ba79\" data-element_type=\"widget\" data-e-type=\"widget\" data-widget_type=\"heading.default\">\n\t\t\t\t<div class=\"elementor-widget-container\">\n\t\t\t\t\t<h6 class=\"elementor-heading-title elementor-size-default\">Ersatzteile f\u00fcr Gebl\u00e4se<\/h6>\t\t\t\t<\/div>\n\t\t\t\t<\/div>\n\t\t\t\t\t<\/div>\n\t\t\t\t<\/div>\n\t\t<div class=\"elementor-element elementor-element-70ee82cc e-flex e-con-boxed e-con e-parent\" data-id=\"70ee82cc\" data-element_type=\"container\" data-e-type=\"container\">\n\t\t\t\t\t<div class=\"e-con-inner\">\n\t\t<div class=\"elementor-element elementor-element-29ac1397 e-con-full e-flex e-con e-child\" data-id=\"29ac1397\" data-element_type=\"container\" data-e-type=\"container\" data-settings=\"{&quot;background_background&quot;:&quot;classic&quot;}\">\n\t\t\t\t<div class=\"elementor-element elementor-element-6595a232 elementor-nav-menu__text-align-aside elementor-widget elementor-widget-nav-menu\" data-id=\"6595a232\" data-element_type=\"widget\" data-e-type=\"widget\" data-settings=\"{&quot;layout&quot;:&quot;dropdown&quot;,&quot;submenu_icon&quot;:{&quot;value&quot;:&quot;&lt;svg aria-hidden=\\&quot;true\\&quot; class=\\&quot;e-font-icon-svg e-fas-caret-right\\&quot; viewBox=\\&quot;0 0 192 512\\&quot; xmlns=\\&quot;http:\\\/\\\/www.w3.org\\\/2000\\\/svg\\&quot;&gt;&lt;path d=\\&quot;M0 384.662V127.338c0-17.818 21.543-26.741 34.142-14.142l128.662 128.662c7.81 7.81 7.81 20.474 0 28.284L34.142 398.804C21.543 411.404 0 402.48 0 384.662z\\&quot;&gt;&lt;\\\/path&gt;&lt;\\\/svg&gt;&quot;,&quot;library&quot;:&quot;fa-solid&quot;}}\" data-widget_type=\"nav-menu.default\">\n\t\t\t\t<div class=\"elementor-widget-container\">\n\t\t\t\t\t\t\t\t<nav class=\"elementor-nav-menu--dropdown elementor-nav-menu__container\" aria-hidden=\"true\">\n\t\t\t\t<ul id=\"menu-2-6595a232\" class=\"elementor-nav-menu\"><li class=\"menu-item menu-item-type-post_type menu-item-object-page menu-item-7160\"><a href=\"https:\/\/pd-technik.eu\/de\/blowers-spare-parts\/\" class=\"elementor-item\" tabindex=\"-1\">Gebl\u00e4seteile<\/a><\/li>\n<li class=\"menu-item menu-item-type-post_type menu-item-object-page menu-item-7159\"><a href=\"https:\/\/pd-technik.eu\/de\/blower-units-spare-parts\/\" class=\"elementor-item\" tabindex=\"-1\">Teile der Gebl\u00e4seeinheiten<\/a><\/li>\n<li class=\"menu-item menu-item-type-post_type menu-item-object-page menu-item-7158\"><a href=\"https:\/\/pd-technik.eu\/de\/compressor-spare-parts\/\" class=\"elementor-item\" tabindex=\"-1\">Compressor Parts<\/a><\/li>\n<li class=\"menu-item menu-item-type-post_type menu-item-object-page menu-item-7157\"><a href=\"https:\/\/pd-technik.eu\/de\/compressor-unit-spare-parts\/\" class=\"elementor-item\" tabindex=\"-1\">Teile der Kompressoreinheit<\/a><\/li>\n<li class=\"menu-item menu-item-type-post_type menu-item-object-page menu-item-7156\"><a href=\"https:\/\/pd-technik.eu\/de\/vacuum-pumps-spare-parts\/\" class=\"elementor-item\" tabindex=\"-1\">Teile f\u00fcr Vakuumpumpen<\/a><\/li>\n<\/ul>\t\t\t<\/nav>\n\t\t\t\t\t\t<\/div>\n\t\t\t\t<\/div>\n\t\t\t\t<\/div>\n\t\t<div class=\"elementor-element elementor-element-26fd2134 e-con-full e-flex e-con e-child\" data-id=\"26fd2134\" data-element_type=\"container\" data-e-type=\"container\" data-settings=\"{&quot;background_background&quot;:&quot;classic&quot;}\">\n\t\t<div class=\"elementor-element elementor-element-5a4294d e-con-full e-flex e-con e-child\" data-id=\"5a4294d\" data-element_type=\"container\" data-e-type=\"container\" data-settings=\"{&quot;background_background&quot;:&quot;classic&quot;}\">\n\t\t<div class=\"elementor-element elementor-element-cae501b e-con-full e-grid e-con e-child\" data-id=\"cae501b\" data-element_type=\"container\" data-e-type=\"container\" data-settings=\"{&quot;background_background&quot;:&quot;classic&quot;}\">\n\t\t<div class=\"elementor-element elementor-element-5df42d4 e-flex e-con-boxed e-con e-child\" data-id=\"5df42d4\" data-element_type=\"container\" data-e-type=\"container\">\n\t\t\t\t\t<div class=\"e-con-inner\">\n\t\t<div class=\"elementor-element elementor-element-0cf05f2 e-con-full e-flex e-con e-child\" data-id=\"0cf05f2\" data-element_type=\"container\" data-e-type=\"container\" data-settings=\"{&quot;background_background&quot;:&quot;classic&quot;}\">\n\t\t\t\t<div class=\"elementor-element elementor-element-5d7f8e1 elementor-widget__width-initial elementor-widget elementor-widget-image\" data-id=\"5d7f8e1\" data-element_type=\"widget\" data-e-type=\"widget\" data-widget_type=\"image.default\">\n\t\t\t\t<div class=\"elementor-widget-container\">\n\t\t\t\t\t\t\t\t\t\t\t\t<figure class=\"wp-caption\">\n\t\t\t\t\t\t\t\t\t\t<img fetchpriority=\"high\" decoding=\"async\" width=\"360\" height=\"360\" src=\"https:\/\/pd-technik.eu\/wp-content\/uploads\/2024\/01\/1.png\" class=\"attachment-full size-full wp-image-2358\" alt=\"3-Lappen-Gebl\u00e4se mit freier Welle\" srcset=\"https:\/\/pd-technik.eu\/wp-content\/uploads\/2024\/01\/1.png 360w, https:\/\/pd-technik.eu\/wp-content\/uploads\/2024\/01\/1-300x300.png 300w, https:\/\/pd-technik.eu\/wp-content\/uploads\/2024\/01\/1-100x100.png 100w, https:\/\/pd-technik.eu\/wp-content\/uploads\/2024\/01\/1-150x150.png 150w\" sizes=\"(max-width: 360px) 100vw, 360px\" \/>\t\t\t\t\t\t\t\t\t\t\t<figcaption class=\"widget-image-caption wp-caption-text\">Tri Lobe Blower 15-225<\/figcaption>\n\t\t\t\t\t\t\t\t\t\t<\/figure>\n\t\t\t\t\t\t\t\t\t<\/div>\n\t\t\t\t<\/div>\n\t\t\t\t<div class=\"elementor-element elementor-element-fb4a3a1 elementor-nav-menu__text-align-center elementor-widget elementor-widget-nav-menu\" data-id=\"fb4a3a1\" data-element_type=\"widget\" data-e-type=\"widget\" data-settings=\"{&quot;layout&quot;:&quot;dropdown&quot;,&quot;submenu_icon&quot;:{&quot;value&quot;:&quot;&lt;svg aria-hidden=\\&quot;true\\&quot; class=\\&quot;e-font-icon-svg e-fas-caret-down\\&quot; viewBox=\\&quot;0 0 320 512\\&quot; xmlns=\\&quot;http:\\\/\\\/www.w3.org\\\/2000\\\/svg\\&quot;&gt;&lt;path d=\\&quot;M31.3 192h257.3c17.8 0 26.7 21.5 14.1 34.1L174.1 354.8c-7.8 7.8-20.5 7.8-28.3 0L17.2 226.1C4.6 213.5 13.5 192 31.3 192z\\&quot;&gt;&lt;\\\/path&gt;&lt;\\\/svg&gt;&quot;,&quot;library&quot;:&quot;fa-solid&quot;}}\" data-widget_type=\"nav-menu.default\">\n\t\t\t\t<div class=\"elementor-widget-container\">\n\t\t\t\t\t\t\t\t<nav class=\"elementor-nav-menu--dropdown elementor-nav-menu__container\" aria-hidden=\"true\">\n\t\t\t\t<ul id=\"menu-2-fb4a3a1\" class=\"elementor-nav-menu\"><li class=\"menu-item menu-item-type-custom menu-item-object-custom menu-item-has-children menu-item-11313\"><a class=\"elementor-item\" tabindex=\"-1\">W\u00e4hle die Gr\u00f6\u00dfe aus<span class=\"submenu-toggle\" ><svg xmlns=\"http:\/\/www.w3.org\/2000\/svg\" width=\"10\" height=\"5\" viewbox=\"0 0 10 5\"><path id=\"Polygon_5\" data-name=\"Polygon 5\" d=\"M5,0l5,5H0Z\" transform=\"translate(10 5) rotate(180)\"\/><\/svg><\/span><\/a>\n<ul class=\"sub-menu elementor-nav-menu--dropdown\">\n\t<li class=\"menu-item menu-item-type-post_type menu-item-object-page menu-item-11817\"><a href=\"https:\/\/pd-technik.eu\/de\/pressure-blower-15-25\/\" class=\"elementor-sub-item\" tabindex=\"-1\">15-25<\/a><\/li>\n\t<li class=\"menu-item menu-item-type-post_type menu-item-object-page menu-item-11818\"><a href=\"https:\/\/pd-technik.eu\/de\/pressure-blower-35-45-46\/\" class=\"elementor-sub-item\" tabindex=\"-1\">35-45-46<\/a><\/li>\n\t<li class=\"menu-item menu-item-type-post_type menu-item-object-page menu-item-11801\"><a href=\"https:\/\/pd-technik.eu\/de\/pressure-blower-55-65-66\/\" class=\"elementor-sub-item\" tabindex=\"-1\">55-65-66<\/a><\/li>\n\t<li class=\"menu-item menu-item-type-post_type menu-item-object-page menu-item-11803\"><a href=\"https:\/\/pd-technik.eu\/de\/pressure-blower-75-85-86\/\" class=\"elementor-sub-item\" tabindex=\"-1\">75-85-86<\/a><\/li>\n\t<li class=\"menu-item menu-item-type-post_type menu-item-object-page menu-item-11804\"><a href=\"https:\/\/pd-technik.eu\/de\/pressure-blower-75-85-86-2\/\" class=\"elementor-sub-item\" tabindex=\"-1\">95-105-106<\/a><\/li>\n\t<li class=\"menu-item menu-item-type-post_type menu-item-object-page menu-item-11807\"><a href=\"https:\/\/pd-technik.eu\/de\/pressure-blower-115-125-126\/\" class=\"elementor-sub-item\" tabindex=\"-1\">115-125-126<\/a><\/li>\n\t<li class=\"menu-item menu-item-type-post_type menu-item-object-page menu-item-19000\"><a href=\"https:\/\/pd-technik.eu\/de\/pressure-blower-135-145-155\/\" class=\"elementor-sub-item\" tabindex=\"-1\">135-145-155<\/a><\/li>\n\t<li class=\"menu-item menu-item-type-post_type menu-item-object-page menu-item-11813\"><a href=\"https:\/\/pd-technik.eu\/de\/pressure-blower-165\/\" class=\"elementor-sub-item\" tabindex=\"-1\">165<\/a><\/li>\n\t<li class=\"menu-item menu-item-type-post_type menu-item-object-page menu-item-11814\"><a href=\"https:\/\/pd-technik.eu\/de\/pressure-blower-175\/\" class=\"elementor-sub-item\" tabindex=\"-1\">175<\/a><\/li>\n\t<li class=\"menu-item menu-item-type-post_type menu-item-object-page menu-item-18990\"><a href=\"https:\/\/pd-technik.eu\/de\/pressure-blower-205\/\" class=\"elementor-sub-item\" tabindex=\"-1\">205<\/a><\/li>\n\t<li class=\"menu-item menu-item-type-post_type menu-item-object-page menu-item-11816\"><a href=\"https:\/\/pd-technik.eu\/de\/pressure-blower-225\/\" class=\"elementor-sub-item\" tabindex=\"-1\">225<\/a><\/li>\n<\/ul>\n<\/li>\n<\/ul>\t\t\t<\/nav>\n\t\t\t\t\t\t<\/div>\n\t\t\t\t<\/div>\n\t\t\t\t<\/div>\n\t\t\t\t\t<\/div>\n\t\t\t\t<\/div>\n\t\t<div class=\"elementor-element elementor-element-026b4f9 e-flex e-con-boxed e-con e-child\" data-id=\"026b4f9\" data-element_type=\"container\" data-e-type=\"container\">\n\t\t\t\t\t<div class=\"e-con-inner\">\n\t\t<div class=\"elementor-element elementor-element-aeaf29c e-con-full e-flex e-con e-child\" data-id=\"aeaf29c\" data-element_type=\"container\" data-e-type=\"container\" data-settings=\"{&quot;background_background&quot;:&quot;classic&quot;}\">\n\t\t\t\t<div class=\"elementor-element elementor-element-62d87d9 elementor-widget__width-initial elementor-widget elementor-widget-image\" data-id=\"62d87d9\" data-element_type=\"widget\" data-e-type=\"widget\" data-widget_type=\"image.default\">\n\t\t\t\t<div class=\"elementor-widget-container\">\n\t\t\t\t\t\t\t\t\t\t\t\t<figure class=\"wp-caption\">\n\t\t\t\t\t\t\t\t\t\t<img decoding=\"async\" width=\"360\" height=\"360\" src=\"https:\/\/pd-technik.eu\/wp-content\/uploads\/2024\/01\/Untitled_design-removebg-preview.png\" class=\"attachment-full size-full wp-image-2881\" alt=\"DV Blower\" srcset=\"https:\/\/pd-technik.eu\/wp-content\/uploads\/2024\/01\/Untitled_design-removebg-preview.png 360w, https:\/\/pd-technik.eu\/wp-content\/uploads\/2024\/01\/Untitled_design-removebg-preview-300x300.png 300w, https:\/\/pd-technik.eu\/wp-content\/uploads\/2024\/01\/Untitled_design-removebg-preview-100x100.png 100w, https:\/\/pd-technik.eu\/wp-content\/uploads\/2024\/01\/Untitled_design-removebg-preview-150x150.png 150w\" sizes=\"(max-width: 360px) 100vw, 360px\" \/>\t\t\t\t\t\t\t\t\t\t\t<figcaption class=\"widget-image-caption wp-caption-text\">DV Blower 45-65-85-105-125-145<\/figcaption>\n\t\t\t\t\t\t\t\t\t\t<\/figure>\n\t\t\t\t\t\t\t\t\t<\/div>\n\t\t\t\t<\/div>\n\t\t\t\t<div class=\"elementor-element elementor-element-7812c54 elementor-nav-menu__text-align-center elementor-widget elementor-widget-nav-menu\" data-id=\"7812c54\" data-element_type=\"widget\" data-e-type=\"widget\" data-settings=\"{&quot;layout&quot;:&quot;dropdown&quot;,&quot;submenu_icon&quot;:{&quot;value&quot;:&quot;&lt;svg aria-hidden=\\&quot;true\\&quot; class=\\&quot;e-font-icon-svg e-fas-caret-down\\&quot; viewBox=\\&quot;0 0 320 512\\&quot; xmlns=\\&quot;http:\\\/\\\/www.w3.org\\\/2000\\\/svg\\&quot;&gt;&lt;path d=\\&quot;M31.3 192h257.3c17.8 0 26.7 21.5 14.1 34.1L174.1 354.8c-7.8 7.8-20.5 7.8-28.3 0L17.2 226.1C4.6 213.5 13.5 192 31.3 192z\\&quot;&gt;&lt;\\\/path&gt;&lt;\\\/svg&gt;&quot;,&quot;library&quot;:&quot;fa-solid&quot;}}\" data-widget_type=\"nav-menu.default\">\n\t\t\t\t<div class=\"elementor-widget-container\">\n\t\t\t\t\t\t\t\t<nav class=\"elementor-nav-menu--dropdown elementor-nav-menu__container\" aria-hidden=\"true\">\n\t\t\t\t<ul id=\"menu-2-7812c54\" class=\"elementor-nav-menu\"><li class=\"menu-item menu-item-type-custom menu-item-object-custom menu-item-has-children menu-item-11953\"><a class=\"elementor-item\" tabindex=\"-1\">W\u00e4hle die Gr\u00f6\u00dfe aus<span class=\"submenu-toggle\" ><svg xmlns=\"http:\/\/www.w3.org\/2000\/svg\" width=\"10\" height=\"5\" viewbox=\"0 0 10 5\"><path id=\"Polygon_5\" data-name=\"Polygon 5\" d=\"M5,0l5,5H0Z\" transform=\"translate(10 5) rotate(180)\"\/><\/svg><\/span><\/a>\n<ul class=\"sub-menu elementor-nav-menu--dropdown\">\n\t<li class=\"menu-item menu-item-type-post_type menu-item-object-page menu-item-12075\"><a href=\"https:\/\/pd-technik.eu\/de\/vacuum-blower-45\/\" class=\"elementor-sub-item\" tabindex=\"-1\">45<\/a><\/li>\n\t<li class=\"menu-item menu-item-type-post_type menu-item-object-page menu-item-12074\"><a href=\"https:\/\/pd-technik.eu\/de\/vacuum-blower-65\/\" class=\"elementor-sub-item\" tabindex=\"-1\">65<\/a><\/li>\n\t<li class=\"menu-item menu-item-type-post_type menu-item-object-page menu-item-12073\"><a href=\"https:\/\/pd-technik.eu\/de\/vacuum-blower-85\/\" class=\"elementor-sub-item\" tabindex=\"-1\">85<\/a><\/li>\n\t<li class=\"menu-item menu-item-type-post_type menu-item-object-page menu-item-12072\"><a href=\"https:\/\/pd-technik.eu\/de\/vacuum-blower-105\/\" class=\"elementor-sub-item\" tabindex=\"-1\">105<\/a><\/li>\n\t<li class=\"menu-item menu-item-type-post_type menu-item-object-page menu-item-12071\"><a href=\"https:\/\/pd-technik.eu\/de\/vacuum-blower-125\/\" class=\"elementor-sub-item\" tabindex=\"-1\">125<\/a><\/li>\n\t<li class=\"menu-item menu-item-type-post_type menu-item-object-page menu-item-12070\"><a href=\"https:\/\/pd-technik.eu\/de\/vacuum-blower-145\/\" class=\"elementor-sub-item\" tabindex=\"-1\">145<\/a><\/li>\n<\/ul>\n<\/li>\n<\/ul>\t\t\t<\/nav>\n\t\t\t\t\t\t<\/div>\n\t\t\t\t<\/div>\n\t\t\t\t<\/div>\n\t\t\t\t\t<\/div>\n\t\t\t\t<\/div>\n\t\t\t\t<\/div>\n\t\t\t\t<\/div>\n\t\t\t\t<\/div>\n\t\t\t\t\t<\/div>\n\t\t\t\t<\/div>\n\t\t<div class=\"elementor-element elementor-element-3629259 e-flex e-con-boxed e-con e-parent\" data-id=\"3629259\" data-element_type=\"container\" data-e-type=\"container\">\n\t\t\t\t\t<div class=\"e-con-inner\">\n\t\t\t\t\t<\/div>\n\t\t\t\t<\/div>\n\t\t\t\t<\/div>","protected":false},"excerpt":{"rendered":"<p>Spare Parts&gt; Blower Spare Parts Tri Lobe Blower 15-225 DV Blower 45-65-85-105-125-145<\/p>","protected":false},"author":2,"featured_media":0,"parent":0,"menu_order":0,"comment_status":"closed","ping_status":"closed","template":"","meta":{"breadcrumbs_single_post":"","page_title_panel":"","breadcrumbs_single_page":"","single_page_alignment":"","single_page_margin":"","page_structure_type":"","content_style_source":"","content_style":"","blog_post_streched_ed":"","blog_page_streched_ed":"","has_transparent_header":"","disable_transparent_header":"","vertical_spacing_source":"","content_area_spacing":"","single_post_content_background":"","single_page_content_background":"","single_post_boxed_content_spacing":"","single_page_boxed_content_spacing":"","single_post_content_boxed_radius":"","single_page_content_boxed_radius":"","disable_featured_image":"","disable_post_tags":"","disable_author_box":"","disable_posts_navigation":"","disable_comments":"","disable_related_posts":"","disable_header":"","disable_footer":"","footnotes":""},"class_list":["post-6770","page","type-page","status-publish","hentry","rishi-post","no-post-thumbnail"],"_links":{"self":[{"href":"https:\/\/pd-technik.eu\/de\/wp-json\/wp\/v2\/pages\/6770","targetHints":{"allow":["GET"]}}],"collection":[{"href":"https:\/\/pd-technik.eu\/de\/wp-json\/wp\/v2\/pages"}],"about":[{"href":"https:\/\/pd-technik.eu\/de\/wp-json\/wp\/v2\/types\/page"}],"author":[{"embeddable":true,"href":"https:\/\/pd-technik.eu\/de\/wp-json\/wp\/v2\/users\/2"}],"replies":[{"embeddable":true,"href":"https:\/\/pd-technik.eu\/de\/wp-json\/wp\/v2\/comments?post=6770"}],"version-history":[{"count":246,"href":"https:\/\/pd-technik.eu\/de\/wp-json\/wp\/v2\/pages\/6770\/revisions"}],"predecessor-version":[{"id":22275,"href":"https:\/\/pd-technik.eu\/de\/wp-json\/wp\/v2\/pages\/6770\/revisions\/22275"}],"wp:attachment":[{"href":"https:\/\/pd-technik.eu\/de\/wp-json\/wp\/v2\/media?parent=6770"}],"curies":[{"name":"wp","href":"https:\/\/api.w.org\/{rel}","templated":true}]}}