{"id":6778,"date":"2024-01-11T17:35:05","date_gmt":"2024-01-11T17:35:05","guid":{"rendered":"https:\/\/test.pd-technik.eu\/?page_id=6778"},"modified":"2024-02-05T12:17:17","modified_gmt":"2024-02-05T12:17:17","slug":"vacuum-pumps-spare-parts","status":"publish","type":"page","link":"https:\/\/pd-technik.eu\/de\/vacuum-pumps-spare-parts\/","title":{"rendered":"Vacuum pumps spare parts"},"content":{"rendered":"<div data-elementor-type=\"wp-post\" data-elementor-id=\"6778\" class=\"elementor elementor-6778\" data-elementor-post-type=\"page\">\n\t\t\t\t<div class=\"elementor-element elementor-element-284cbe2b e-flex e-con-boxed e-con e-parent\" data-id=\"284cbe2b\" data-element_type=\"container\" data-e-type=\"container\">\n\t\t\t\t\t<div class=\"e-con-inner\">\n\t\t\t\t<div class=\"elementor-element elementor-element-43b0059 elementor-widget__width-auto elementor-widget-mobile__width-initial elementor-widget elementor-widget-heading\" data-id=\"43b0059\" data-element_type=\"widget\" data-e-type=\"widget\" data-widget_type=\"heading.default\">\n\t\t\t\t<div class=\"elementor-widget-container\">\n\t\t\t\t\t<h6 class=\"elementor-heading-title elementor-size-default\">Ersatzteile&gt;<\/h6>\t\t\t\t<\/div>\n\t\t\t\t<\/div>\n\t\t\t\t<div class=\"elementor-element elementor-element-2104f724 elementor-widget__width-initial elementor-widget elementor-widget-heading\" data-id=\"2104f724\" data-element_type=\"widget\" data-e-type=\"widget\" data-widget_type=\"heading.default\">\n\t\t\t\t<div class=\"elementor-widget-container\">\n\t\t\t\t\t<h6 class=\"elementor-heading-title elementor-size-default\">Vacuum Pumps Spare Parts<\/h6>\t\t\t\t<\/div>\n\t\t\t\t<\/div>\n\t\t\t\t\t<\/div>\n\t\t\t\t<\/div>\n\t\t<div class=\"elementor-element elementor-element-5cc7f762 e-flex e-con-boxed e-con e-parent\" data-id=\"5cc7f762\" data-element_type=\"container\" data-e-type=\"container\">\n\t\t\t\t\t<div class=\"e-con-inner\">\n\t\t<div class=\"elementor-element elementor-element-5630b85c e-con-full e-flex e-con e-child\" data-id=\"5630b85c\" data-element_type=\"container\" data-e-type=\"container\" data-settings=\"{&quot;background_background&quot;:&quot;classic&quot;}\">\n\t\t\t\t<div class=\"elementor-element elementor-element-27ae5314 elementor-nav-menu__text-align-aside elementor-widget elementor-widget-nav-menu\" data-id=\"27ae5314\" data-element_type=\"widget\" data-e-type=\"widget\" data-settings=\"{&quot;layout&quot;:&quot;dropdown&quot;,&quot;submenu_icon&quot;:{&quot;value&quot;:&quot;&lt;svg aria-hidden=\\&quot;true\\&quot; class=\\&quot;e-font-icon-svg e-fas-caret-right\\&quot; viewBox=\\&quot;0 0 192 512\\&quot; xmlns=\\&quot;http:\\\/\\\/www.w3.org\\\/2000\\\/svg\\&quot;&gt;&lt;path d=\\&quot;M0 384.662V127.338c0-17.818 21.543-26.741 34.142-14.142l128.662 128.662c7.81 7.81 7.81 20.474 0 28.284L34.142 398.804C21.543 411.404 0 402.48 0 384.662z\\&quot;&gt;&lt;\\\/path&gt;&lt;\\\/svg&gt;&quot;,&quot;library&quot;:&quot;fa-solid&quot;}}\" data-widget_type=\"nav-menu.default\">\n\t\t\t\t<div class=\"elementor-widget-container\">\n\t\t\t\t\t\t\t\t<nav class=\"elementor-nav-menu--dropdown elementor-nav-menu__container\" aria-hidden=\"true\">\n\t\t\t\t<ul id=\"menu-2-27ae5314\" class=\"elementor-nav-menu\"><li class=\"menu-item menu-item-type-post_type menu-item-object-page menu-item-7160\"><a href=\"https:\/\/pd-technik.eu\/de\/blowers-spare-parts\/\" class=\"elementor-item\" tabindex=\"-1\">Gebl\u00e4seteile<\/a><\/li>\n<li class=\"menu-item menu-item-type-post_type menu-item-object-page menu-item-7159\"><a href=\"https:\/\/pd-technik.eu\/de\/blower-units-spare-parts\/\" class=\"elementor-item\" tabindex=\"-1\">Teile der Gebl\u00e4seeinheiten<\/a><\/li>\n<li class=\"menu-item menu-item-type-post_type menu-item-object-page menu-item-7158\"><a href=\"https:\/\/pd-technik.eu\/de\/compressor-spare-parts\/\" class=\"elementor-item\" tabindex=\"-1\">Compressor Parts<\/a><\/li>\n<li class=\"menu-item menu-item-type-post_type menu-item-object-page menu-item-7157\"><a href=\"https:\/\/pd-technik.eu\/de\/compressor-unit-spare-parts\/\" class=\"elementor-item\" tabindex=\"-1\">Teile der Kompressoreinheit<\/a><\/li>\n<li class=\"menu-item menu-item-type-post_type menu-item-object-page menu-item-7156\"><a href=\"https:\/\/pd-technik.eu\/de\/vacuum-pumps-spare-parts\/\" class=\"elementor-item\" tabindex=\"-1\">Teile f\u00fcr Vakuumpumpen<\/a><\/li>\n<\/ul>\t\t\t<\/nav>\n\t\t\t\t\t\t<\/div>\n\t\t\t\t<\/div>\n\t\t\t\t<\/div>\n\t\t<div class=\"elementor-element elementor-element-42ee4457 e-con-full e-flex e-con e-child\" data-id=\"42ee4457\" data-element_type=\"container\" data-e-type=\"container\">\n\t\t<div class=\"elementor-element elementor-element-27db7f70 e-con-full e-flex e-con e-child\" data-id=\"27db7f70\" data-element_type=\"container\" data-e-type=\"container\" data-settings=\"{&quot;background_background&quot;:&quot;classic&quot;}\">\n\t\t<div class=\"elementor-element elementor-element-e3a5976 e-flex e-con-boxed e-con e-child\" data-id=\"e3a5976\" data-element_type=\"container\" data-e-type=\"container\">\n\t\t\t\t\t<div class=\"e-con-inner\">\n\t\t<div class=\"elementor-element elementor-element-bfd72e5 e-grid e-con-boxed e-con e-child\" data-id=\"bfd72e5\" data-element_type=\"container\" data-e-type=\"container\">\n\t\t\t\t\t<div class=\"e-con-inner\">\n\t\t<div class=\"elementor-element elementor-element-1b964bd e-flex e-con-boxed e-con e-child\" data-id=\"1b964bd\" data-element_type=\"container\" data-e-type=\"container\">\n\t\t\t\t\t<div class=\"e-con-inner\">\n\t\t<div class=\"elementor-element elementor-element-632da18 e-flex e-con-boxed e-con e-child\" data-id=\"632da18\" data-element_type=\"container\" data-e-type=\"container\">\n\t\t\t\t\t<div class=\"e-con-inner\">\n\t\t<div class=\"elementor-element elementor-element-40efc27 e-con-full e-flex e-con e-child\" data-id=\"40efc27\" data-element_type=\"container\" data-e-type=\"container\" data-settings=\"{&quot;background_background&quot;:&quot;classic&quot;}\">\n\t\t\t\t<div class=\"elementor-element elementor-element-c9894bd elementor-widget__width-initial elementor-widget elementor-widget-image\" data-id=\"c9894bd\" data-element_type=\"widget\" data-e-type=\"widget\" data-widget_type=\"image.default\">\n\t\t\t\t<div class=\"elementor-widget-container\">\n\t\t\t\t\t\t\t\t\t\t\t\t<figure class=\"wp-caption\">\n\t\t\t\t\t\t\t\t\t\t<img fetchpriority=\"high\" decoding=\"async\" width=\"360\" height=\"360\" src=\"https:\/\/pd-technik.eu\/wp-content\/uploads\/2024\/01\/LIQUID-RING-VACUUM-PUMP-DIRECT-COUPLED.png\" class=\"attachment-full size-full wp-image-5791\" alt=\"PD Technik Maschinenbau GmbH\" srcset=\"https:\/\/pd-technik.eu\/wp-content\/uploads\/2024\/01\/LIQUID-RING-VACUUM-PUMP-DIRECT-COUPLED.png 360w, https:\/\/pd-technik.eu\/wp-content\/uploads\/2024\/01\/LIQUID-RING-VACUUM-PUMP-DIRECT-COUPLED-300x300.png 300w, https:\/\/pd-technik.eu\/wp-content\/uploads\/2024\/01\/LIQUID-RING-VACUUM-PUMP-DIRECT-COUPLED-100x100.png 100w, https:\/\/pd-technik.eu\/wp-content\/uploads\/2024\/01\/LIQUID-RING-VACUUM-PUMP-DIRECT-COUPLED-150x150.png 150w\" sizes=\"(max-width: 360px) 100vw, 360px\" \/>\t\t\t\t\t\t\t\t\t\t\t<figcaption class=\"widget-image-caption wp-caption-text\">RVS 3-16 M<\/figcaption>\n\t\t\t\t\t\t\t\t\t\t<\/figure>\n\t\t\t\t\t\t\t\t\t<\/div>\n\t\t\t\t<\/div>\n\t\t\t\t<div class=\"elementor-element elementor-element-5eef910 elementor-nav-menu__text-align-center elementor-widget elementor-widget-nav-menu\" data-id=\"5eef910\" data-element_type=\"widget\" data-e-type=\"widget\" data-settings=\"{&quot;layout&quot;:&quot;dropdown&quot;,&quot;submenu_icon&quot;:{&quot;value&quot;:&quot;&lt;svg aria-hidden=\\&quot;true\\&quot; class=\\&quot;e-font-icon-svg e-fas-caret-down\\&quot; viewBox=\\&quot;0 0 320 512\\&quot; xmlns=\\&quot;http:\\\/\\\/www.w3.org\\\/2000\\\/svg\\&quot;&gt;&lt;path d=\\&quot;M31.3 192h257.3c17.8 0 26.7 21.5 14.1 34.1L174.1 354.8c-7.8 7.8-20.5 7.8-28.3 0L17.2 226.1C4.6 213.5 13.5 192 31.3 192z\\&quot;&gt;&lt;\\\/path&gt;&lt;\\\/svg&gt;&quot;,&quot;library&quot;:&quot;fa-solid&quot;}}\" data-widget_type=\"nav-menu.default\">\n\t\t\t\t<div class=\"elementor-widget-container\">\n\t\t\t\t\t\t\t\t<nav class=\"elementor-nav-menu--dropdown elementor-nav-menu__container\" aria-hidden=\"true\">\n\t\t\t\t<ul id=\"menu-2-5eef910\" class=\"elementor-nav-menu\"><li class=\"menu-item menu-item-type-custom menu-item-object-custom menu-item-has-children menu-item-12892\"><a class=\"elementor-item\" tabindex=\"-1\">W\u00e4hle die Gr\u00f6\u00dfe aus<span class=\"submenu-toggle\" ><svg xmlns=\"http:\/\/www.w3.org\/2000\/svg\" width=\"10\" height=\"5\" viewbox=\"0 0 10 5\"><path id=\"Polygon_5\" data-name=\"Polygon 5\" d=\"M5,0l5,5H0Z\" transform=\"translate(10 5) rotate(180)\"\/><\/svg><\/span><\/a>\n<ul class=\"sub-menu elementor-nav-menu--dropdown\">\n\t<li class=\"menu-item menu-item-type-post_type menu-item-object-page menu-item-12891\"><a href=\"https:\/\/pd-technik.eu\/de\/rvs-3-m-02\/\" class=\"elementor-sub-item\" tabindex=\"-1\">RVS 3 M-02<\/a><\/li>\n\t<li class=\"menu-item menu-item-type-post_type menu-item-object-page menu-item-12890\"><a href=\"https:\/\/pd-technik.eu\/de\/rvs-7-m-sg\/\" class=\"elementor-sub-item\" tabindex=\"-1\">RVS 7 M<\/a><\/li>\n\t<li class=\"menu-item menu-item-type-post_type menu-item-object-page menu-item-13244\"><a href=\"https:\/\/pd-technik.eu\/de\/rvs-14-m-sg\/\" class=\"elementor-sub-item\" tabindex=\"-1\">RVS 14 M<\/a><\/li>\n\t<li class=\"menu-item menu-item-type-post_type menu-item-object-page menu-item-12889\"><a href=\"https:\/\/pd-technik.eu\/de\/rvs-16-m-sg\/\" class=\"elementor-sub-item\" tabindex=\"-1\">RVS 16 M<\/a><\/li>\n<\/ul>\n<\/li>\n<\/ul>\t\t\t<\/nav>\n\t\t\t\t\t\t<\/div>\n\t\t\t\t<\/div>\n\t\t\t\t<\/div>\n\t\t\t\t\t<\/div>\n\t\t\t\t<\/div>\n\t\t\t\t\t<\/div>\n\t\t\t\t<\/div>\n\t\t<div class=\"elementor-element elementor-element-f208cbc e-flex e-con-boxed e-con e-child\" data-id=\"f208cbc\" data-element_type=\"container\" data-e-type=\"container\">\n\t\t\t\t\t<div class=\"e-con-inner\">\n\t\t<div class=\"elementor-element elementor-element-4eb328c e-con-full e-flex e-con e-child\" data-id=\"4eb328c\" data-element_type=\"container\" data-e-type=\"container\" data-settings=\"{&quot;background_background&quot;:&quot;classic&quot;}\">\n\t\t\t\t<div class=\"elementor-element elementor-element-38af73d elementor-widget__width-initial elementor-widget elementor-widget-image\" data-id=\"38af73d\" data-element_type=\"widget\" data-e-type=\"widget\" data-widget_type=\"image.default\">\n\t\t\t\t<div class=\"elementor-widget-container\">\n\t\t\t\t\t\t\t\t\t\t\t\t<figure class=\"wp-caption\">\n\t\t\t\t\t\t\t\t\t\t<img decoding=\"async\" width=\"360\" height=\"360\" src=\"https:\/\/pd-technik.eu\/wp-content\/uploads\/2024\/01\/LIQUID-RING-VACUUM-PUMP-DIRECT-COUPLED-1.png\" class=\"attachment-full size-full wp-image-5795\" alt=\"PD Technik Maschinenbau GmbH\" srcset=\"https:\/\/pd-technik.eu\/wp-content\/uploads\/2024\/01\/LIQUID-RING-VACUUM-PUMP-DIRECT-COUPLED-1.png 360w, https:\/\/pd-technik.eu\/wp-content\/uploads\/2024\/01\/LIQUID-RING-VACUUM-PUMP-DIRECT-COUPLED-1-300x300.png 300w, https:\/\/pd-technik.eu\/wp-content\/uploads\/2024\/01\/LIQUID-RING-VACUUM-PUMP-DIRECT-COUPLED-1-100x100.png 100w, https:\/\/pd-technik.eu\/wp-content\/uploads\/2024\/01\/LIQUID-RING-VACUUM-PUMP-DIRECT-COUPLED-1-150x150.png 150w\" sizes=\"(max-width: 360px) 100vw, 360px\" \/>\t\t\t\t\t\t\t\t\t\t\t<figcaption class=\"widget-image-caption wp-caption-text\">RVS 7-21 SG<\/figcaption>\n\t\t\t\t\t\t\t\t\t\t<\/figure>\n\t\t\t\t\t\t\t\t\t<\/div>\n\t\t\t\t<\/div>\n\t\t\t\t<div class=\"elementor-element elementor-element-c536467 elementor-nav-menu__text-align-center elementor-widget elementor-widget-nav-menu\" data-id=\"c536467\" data-element_type=\"widget\" data-e-type=\"widget\" data-settings=\"{&quot;layout&quot;:&quot;dropdown&quot;,&quot;submenu_icon&quot;:{&quot;value&quot;:&quot;&lt;svg aria-hidden=\\&quot;true\\&quot; class=\\&quot;e-font-icon-svg e-fas-caret-down\\&quot; viewBox=\\&quot;0 0 320 512\\&quot; xmlns=\\&quot;http:\\\/\\\/www.w3.org\\\/2000\\\/svg\\&quot;&gt;&lt;path d=\\&quot;M31.3 192h257.3c17.8 0 26.7 21.5 14.1 34.1L174.1 354.8c-7.8 7.8-20.5 7.8-28.3 0L17.2 226.1C4.6 213.5 13.5 192 31.3 192z\\&quot;&gt;&lt;\\\/path&gt;&lt;\\\/svg&gt;&quot;,&quot;library&quot;:&quot;fa-solid&quot;}}\" data-widget_type=\"nav-menu.default\">\n\t\t\t\t<div class=\"elementor-widget-container\">\n\t\t\t\t\t\t\t\t<nav class=\"elementor-nav-menu--dropdown elementor-nav-menu__container\" aria-hidden=\"true\">\n\t\t\t\t<ul id=\"menu-2-c536467\" class=\"elementor-nav-menu\"><li class=\"menu-item menu-item-type-custom menu-item-object-custom menu-item-has-children menu-item-12897\"><a class=\"elementor-item\" tabindex=\"-1\">W\u00e4hle die Gr\u00f6\u00dfe aus<span class=\"submenu-toggle\" ><svg xmlns=\"http:\/\/www.w3.org\/2000\/svg\" width=\"10\" height=\"5\" viewbox=\"0 0 10 5\"><path id=\"Polygon_5\" data-name=\"Polygon 5\" d=\"M5,0l5,5H0Z\" transform=\"translate(10 5) rotate(180)\"\/><\/svg><\/span><\/a>\n<ul class=\"sub-menu elementor-nav-menu--dropdown\">\n\t<li class=\"menu-item menu-item-type-post_type menu-item-object-page menu-item-12896\"><a href=\"https:\/\/pd-technik.eu\/de\/rvs-7-m-sg\/\" class=\"elementor-sub-item\" tabindex=\"-1\">RVS 7 SG<\/a><\/li>\n\t<li class=\"menu-item menu-item-type-post_type menu-item-object-page menu-item-13245\"><a href=\"https:\/\/pd-technik.eu\/de\/rvs-14-m-sg\/\" class=\"elementor-sub-item\" tabindex=\"-1\">RVS 14 SG<\/a><\/li>\n\t<li class=\"menu-item menu-item-type-post_type menu-item-object-page menu-item-12895\"><a href=\"https:\/\/pd-technik.eu\/de\/rvs-16-m-sg\/\" class=\"elementor-sub-item\" tabindex=\"-1\">RVS 16 SG<\/a><\/li>\n\t<li class=\"menu-item menu-item-type-post_type menu-item-object-page menu-item-12894\"><a href=\"https:\/\/pd-technik.eu\/de\/rvs-17-sg\/\" class=\"elementor-sub-item\" tabindex=\"-1\">RVS 17 SG<\/a><\/li>\n\t<li class=\"menu-item menu-item-type-post_type menu-item-object-page menu-item-12893\"><a href=\"https:\/\/pd-technik.eu\/de\/rvs-21-sg\/\" class=\"elementor-sub-item\" tabindex=\"-1\">RVS 21 SG<\/a><\/li>\n<\/ul>\n<\/li>\n<\/ul>\t\t\t<\/nav>\n\t\t\t\t\t\t<\/div>\n\t\t\t\t<\/div>\n\t\t\t\t<\/div>\n\t\t\t\t\t<\/div>\n\t\t\t\t<\/div>\n\t\t<div class=\"elementor-element elementor-element-280d8a7 e-flex e-con-boxed e-con e-child\" data-id=\"280d8a7\" data-element_type=\"container\" data-e-type=\"container\">\n\t\t\t\t\t<div class=\"e-con-inner\">\n\t\t<div class=\"elementor-element elementor-element-17ec02d e-con-full e-flex e-con e-child\" data-id=\"17ec02d\" data-element_type=\"container\" data-e-type=\"container\" data-settings=\"{&quot;background_background&quot;:&quot;classic&quot;}\">\n\t\t\t\t<div class=\"elementor-element elementor-element-c7e10df elementor-widget__width-initial elementor-widget elementor-widget-image\" data-id=\"c7e10df\" data-element_type=\"widget\" data-e-type=\"widget\" data-widget_type=\"image.default\">\n\t\t\t\t<div class=\"elementor-widget-container\">\n\t\t\t\t\t\t\t\t\t\t\t\t<figure class=\"wp-caption\">\n\t\t\t\t\t\t\t\t\t\t<img decoding=\"async\" width=\"360\" height=\"360\" src=\"https:\/\/pd-technik.eu\/wp-content\/uploads\/2024\/01\/5.png\" class=\"attachment-full size-full wp-image-2342\" alt=\"Liquid Ring Vacuum Pump 23-60\" srcset=\"https:\/\/pd-technik.eu\/wp-content\/uploads\/2024\/01\/5.png 360w, https:\/\/pd-technik.eu\/wp-content\/uploads\/2024\/01\/5-300x300.png 300w, https:\/\/pd-technik.eu\/wp-content\/uploads\/2024\/01\/5-100x100.png 100w, https:\/\/pd-technik.eu\/wp-content\/uploads\/2024\/01\/5-150x150.png 150w\" sizes=\"(max-width: 360px) 100vw, 360px\" \/>\t\t\t\t\t\t\t\t\t\t\t<figcaption class=\"widget-image-caption wp-caption-text\">RVS 23-60<\/figcaption>\n\t\t\t\t\t\t\t\t\t\t<\/figure>\n\t\t\t\t\t\t\t\t\t<\/div>\n\t\t\t\t<\/div>\n\t\t\t\t<div class=\"elementor-element elementor-element-26f617e elementor-nav-menu__text-align-center elementor-widget elementor-widget-nav-menu\" data-id=\"26f617e\" data-element_type=\"widget\" data-e-type=\"widget\" data-settings=\"{&quot;layout&quot;:&quot;dropdown&quot;,&quot;submenu_icon&quot;:{&quot;value&quot;:&quot;&lt;svg aria-hidden=\\&quot;true\\&quot; class=\\&quot;e-font-icon-svg e-fas-caret-down\\&quot; viewBox=\\&quot;0 0 320 512\\&quot; xmlns=\\&quot;http:\\\/\\\/www.w3.org\\\/2000\\\/svg\\&quot;&gt;&lt;path d=\\&quot;M31.3 192h257.3c17.8 0 26.7 21.5 14.1 34.1L174.1 354.8c-7.8 7.8-20.5 7.8-28.3 0L17.2 226.1C4.6 213.5 13.5 192 31.3 192z\\&quot;&gt;&lt;\\\/path&gt;&lt;\\\/svg&gt;&quot;,&quot;library&quot;:&quot;fa-solid&quot;}}\" data-widget_type=\"nav-menu.default\">\n\t\t\t\t<div class=\"elementor-widget-container\">\n\t\t\t\t\t\t\t\t<nav class=\"elementor-nav-menu--dropdown elementor-nav-menu__container\" aria-hidden=\"true\">\n\t\t\t\t<ul id=\"menu-2-26f617e\" class=\"elementor-nav-menu\"><li class=\"menu-item menu-item-type-custom menu-item-object-custom menu-item-has-children menu-item-12888\"><a class=\"elementor-item\" tabindex=\"-1\">W\u00e4hle die Gr\u00f6\u00dfe aus<span class=\"submenu-toggle\" ><svg xmlns=\"http:\/\/www.w3.org\/2000\/svg\" width=\"10\" height=\"5\" viewbox=\"0 0 10 5\"><path id=\"Polygon_5\" data-name=\"Polygon 5\" d=\"M5,0l5,5H0Z\" transform=\"translate(10 5) rotate(180)\"\/><\/svg><\/span><\/a>\n<ul class=\"sub-menu elementor-nav-menu--dropdown\">\n\t<li class=\"menu-item menu-item-type-post_type menu-item-object-page menu-item-12886\"><a href=\"https:\/\/pd-technik.eu\/de\/rvs-23\/\" class=\"elementor-sub-item\" tabindex=\"-1\">RVS 23<\/a><\/li>\n\t<li class=\"menu-item menu-item-type-post_type menu-item-object-page menu-item-12887\"><a href=\"https:\/\/pd-technik.eu\/de\/rvs-25\/\" class=\"elementor-sub-item\" tabindex=\"-1\">RVS 25<\/a><\/li>\n\t<li class=\"menu-item menu-item-type-post_type menu-item-object-page menu-item-19289\"><a href=\"https:\/\/pd-technik.eu\/de\/rvs-30-spare-parts\/\" class=\"elementor-sub-item\" tabindex=\"-1\">RVS 30<\/a><\/li>\n\t<li class=\"menu-item menu-item-type-post_type menu-item-object-page menu-item-19287\"><a href=\"https:\/\/pd-technik.eu\/de\/rvs-40-spare-parts\/\" class=\"elementor-sub-item\" tabindex=\"-1\">RVS 40<\/a><\/li>\n\t<li class=\"menu-item menu-item-type-post_type menu-item-object-page menu-item-19288\"><a href=\"https:\/\/pd-technik.eu\/de\/rvs-60-spare-parts\/\" class=\"elementor-sub-item\" tabindex=\"-1\">RVS 60<\/a><\/li>\n<\/ul>\n<\/li>\n<\/ul>\t\t\t<\/nav>\n\t\t\t\t\t\t<\/div>\n\t\t\t\t<\/div>\n\t\t\t\t<\/div>\n\t\t\t\t\t<\/div>\n\t\t\t\t<\/div>\n\t\t\t\t\t<\/div>\n\t\t\t\t<\/div>\n\t\t\t\t\t<\/div>\n\t\t\t\t<\/div>\n\t\t\t\t<\/div>\n\t\t\t\t<\/div>\n\t\t\t\t\t<\/div>\n\t\t\t\t<\/div>\n\t\t<div class=\"elementor-element elementor-element-17bcc289 e-flex e-con-boxed e-con e-parent\" data-id=\"17bcc289\" data-element_type=\"container\" data-e-type=\"container\">\n\t\t\t\t\t<div class=\"e-con-inner\">\n\t\t\t\t\t<\/div>\n\t\t\t\t<\/div>\n\t\t\t\t<\/div>","protected":false},"excerpt":{"rendered":"<p>Spare Parts&gt; Vacuum Pumps Spare Parts RVS 3-16 M RVS 7-21 SG RVS 23-60<\/p>","protected":false},"author":2,"featured_media":0,"parent":0,"menu_order":0,"comment_status":"closed","ping_status":"closed","template":"","meta":{"breadcrumbs_single_post":"","page_title_panel":"","breadcrumbs_single_page":"","single_page_alignment":"","single_page_margin":"","page_structure_type":"","content_style_source":"","content_style":"","blog_post_streched_ed":"","blog_page_streched_ed":"","has_transparent_header":"","disable_transparent_header":"","vertical_spacing_source":"","content_area_spacing":"","single_post_content_background":"","single_page_content_background":"","single_post_boxed_content_spacing":"","single_page_boxed_content_spacing":"","single_post_content_boxed_radius":"","single_page_content_boxed_radius":"","disable_featured_image":"","disable_post_tags":"","disable_author_box":"","disable_posts_navigation":"","disable_comments":"","disable_related_posts":"","disable_header":"","disable_footer":"","footnotes":""},"class_list":["post-6778","page","type-page","status-publish","hentry","rishi-post","no-post-thumbnail"],"_links":{"self":[{"href":"https:\/\/pd-technik.eu\/de\/wp-json\/wp\/v2\/pages\/6778","targetHints":{"allow":["GET"]}}],"collection":[{"href":"https:\/\/pd-technik.eu\/de\/wp-json\/wp\/v2\/pages"}],"about":[{"href":"https:\/\/pd-technik.eu\/de\/wp-json\/wp\/v2\/types\/page"}],"author":[{"embeddable":true,"href":"https:\/\/pd-technik.eu\/de\/wp-json\/wp\/v2\/users\/2"}],"replies":[{"embeddable":true,"href":"https:\/\/pd-technik.eu\/de\/wp-json\/wp\/v2\/comments?post=6778"}],"version-history":[{"count":71,"href":"https:\/\/pd-technik.eu\/de\/wp-json\/wp\/v2\/pages\/6778\/revisions"}],"predecessor-version":[{"id":18854,"href":"https:\/\/pd-technik.eu\/de\/wp-json\/wp\/v2\/pages\/6778\/revisions\/18854"}],"wp:attachment":[{"href":"https:\/\/pd-technik.eu\/de\/wp-json\/wp\/v2\/media?parent=6778"}],"curies":[{"name":"wp","href":"https:\/\/api.w.org\/{rel}","templated":true}]}}