{"id":16133,"date":"2024-02-01T17:24:05","date_gmt":"2024-02-01T17:24:05","guid":{"rendered":"https:\/\/pd-technik.eu\/?post_type=product&#038;p=16133"},"modified":"2024-03-03T07:58:32","modified_gmt":"2024-03-03T07:58:32","slug":"bare-shaft-tri-lobe-blower-46","status":"publish","type":"product","link":"https:\/\/pd-technik.eu\/de\/product\/bare-shaft-tri-lobe-blower-46\/","title":{"rendered":"Bare shaft Tri Lobe blower 46"},"content":{"rendered":"<p>Erleben Sie Hochleistung mit dreifl\u00fcgeligen Rotationsgebl\u00e4sen mit einem Low-Pulse-System f\u00fcr reduzierte Druckpulsationen. Diese Verdr\u00e4ngereinheiten liefern 100 % \u00f6lfreie Luft und sorgen so f\u00fcr Langlebigkeit und eine lange Lebensdauer. Mit ihrer Gusseisenkonstruktion und dynamisch ausgewuchteten Laufr\u00e4dern sorgen sie f\u00fcr einen effizienten und zuverl\u00e4ssigen Betrieb.<\/p>","protected":false},"excerpt":{"rendered":"<p>Experience high-performance with rotary tri-lobe blowers featuring a low pulse system for reduced pressure pulsations. These positive displacement units deliver 100% oil-free air, ensuring durability and a long service life. [&hellip;]<\/p>\n","protected":false},"featured_media":2358,"template":"","meta":[],"product_brand":[],"product_cat":[344],"product_tag":[],"class_list":{"0":"post-16133","1":"product","2":"type-product","3":"status-publish","4":"has-post-thumbnail","6":"product_cat-3-lobe-bareshaft-pressure-blower","7":"rishi-post","9":"first","10":"instock","11":"shipping-taxable","12":"purchasable","13":"product-type-simple"},"_links":{"self":[{"href":"https:\/\/pd-technik.eu\/de\/wp-json\/wp\/v2\/product\/16133","targetHints":{"allow":["GET"]}}],"collection":[{"href":"https:\/\/pd-technik.eu\/de\/wp-json\/wp\/v2\/product"}],"about":[{"href":"https:\/\/pd-technik.eu\/de\/wp-json\/wp\/v2\/types\/product"}],"wp:featuredmedia":[{"embeddable":true,"href":"https:\/\/pd-technik.eu\/de\/wp-json\/wp\/v2\/media\/2358"}],"wp:attachment":[{"href":"https:\/\/pd-technik.eu\/de\/wp-json\/wp\/v2\/media?parent=16133"}],"wp:term":[{"taxonomy":"product_brand","embeddable":true,"href":"https:\/\/pd-technik.eu\/de\/wp-json\/wp\/v2\/product_brand?post=16133"},{"taxonomy":"product_cat","embeddable":true,"href":"https:\/\/pd-technik.eu\/de\/wp-json\/wp\/v2\/product_cat?post=16133"},{"taxonomy":"product_tag","embeddable":true,"href":"https:\/\/pd-technik.eu\/de\/wp-json\/wp\/v2\/product_tag?post=16133"}],"curies":[{"name":"wp","href":"https:\/\/api.w.org\/{rel}","templated":true}]}}