{"id":25933,"date":"2024-02-22T17:32:06","date_gmt":"2024-02-22T17:32:06","guid":{"rendered":"https:\/\/pd-technik.eu\/?page_id=25933"},"modified":"2024-04-16T23:38:02","modified_gmt":"2024-04-16T23:38:02","slug":"tomato-sauce-production-application","status":"publish","type":"page","link":"https:\/\/pd-technik.eu\/fr\/tomato-sauce-production-application\/","title":{"rendered":"Tomato Sauce Production Application"},"content":{"rendered":"<div data-elementor-type=\"wp-post\" data-elementor-id=\"25933\" class=\"elementor elementor-25933\" data-elementor-post-type=\"page\">\n\t\t\t\t<div class=\"elementor-element elementor-element-5d3655d1 e-flex e-con-boxed e-con e-parent\" data-id=\"5d3655d1\" data-element_type=\"container\" data-e-type=\"container\" data-settings=\"{&quot;background_background&quot;:&quot;classic&quot;}\">\n\t\t\t\t\t<div class=\"e-con-inner\">\n\t\t\t\t\t<\/div>\n\t\t\t\t<\/div>\n\t\t<div class=\"elementor-element elementor-element-1125f3ca e-flex e-con-boxed e-con e-parent\" data-id=\"1125f3ca\" data-element_type=\"container\" data-e-type=\"container\" data-settings=\"{&quot;background_background&quot;:&quot;classic&quot;}\">\n\t\t\t\t\t<div class=\"e-con-inner\">\n\t\t<div class=\"elementor-element elementor-element-3556aaff e-flex e-con-boxed e-con e-child\" data-id=\"3556aaff\" data-element_type=\"container\" data-e-type=\"container\">\n\t\t\t\t\t<div class=\"e-con-inner\">\n\t\t\t\t<div class=\"elementor-element elementor-element-69fdc279 elementor-widget elementor-widget-image-box\" data-id=\"69fdc279\" data-element_type=\"widget\" data-e-type=\"widget\" data-widget_type=\"image-box.default\">\n\t\t\t\t<div class=\"elementor-widget-container\">\n\t\t\t\t\t<div class=\"elementor-image-box-wrapper\"><div class=\"elementor-image-box-content\"><h3 class=\"elementor-image-box-title\">Production de sauce tomate<\/h3><\/div><\/div>\t\t\t\t<\/div>\n\t\t\t\t<\/div>\n\t\t\t\t<div class=\"elementor-element elementor-element-fc98f5d elementor-widget elementor-widget-text-editor\" data-id=\"fc98f5d\" data-element_type=\"widget\" data-e-type=\"widget\" data-widget_type=\"text-editor.default\">\n\t\t\t\t<div class=\"elementor-widget-container\">\n\t\t\t\t\t\t\t\t\t<div class=\"Message_row__ug_UU\"><div class=\"Message_botMessageBubble__aYctV\"><div class=\"Markdown_markdownContainer__Tz3HQ\"><p>Dans l\u2019industrie de production de sauce tomate, les pompes \u00e0 vide et les pompes centrifuges jouent un r\u00f4le essentiel pour garantir une production de sauce efficace et de haute qualit\u00e9. Les pompes \u00e0 vide sont utilis\u00e9es \u00e0 diverses fins telles que les processus de d\u00e9sa\u00e9ration, de concentration, de m\u00e9lange, de remplissage et d'emballage. Lors de la d\u00e9sa\u00e9ration, des pompes \u00e0 vide \u00e9liminent l'air et les gaz de la sauce, pr\u00e9servant ainsi sa qualit\u00e9 et emp\u00eachant l'oxydation. Dans le processus de concentration, les pompes \u00e0 vide facilitent l'\u00e9vaporation, permettant d'\u00e9liminer l'exc\u00e8s d'eau et d'obtenir la consistance souhait\u00e9e de la sauce. En cr\u00e9ant un environnement sous vide, ces pompes contribuent \u00e0 l'\u00e9limination des bulles d'air emprisonn\u00e9es, garantissant une texture homog\u00e8ne dans le produit final. De plus, les pompes \u00e0 vide contribuent \u00e0 prolonger la dur\u00e9e de conservation de la sauce tomate en \u00e9liminant l'air et en r\u00e9duisant le risque de d\u00e9t\u00e9rioration.<\/p><p>Les pompes centrifuges jouent \u00e9galement un r\u00f4le crucial dans la production de sauce tomate. Ils sont principalement utilis\u00e9s pour les processus de transfert d\u2019ingr\u00e9dients, de chauffage, de refroidissement, de transfert de sauce et de nettoyage. Les pompes centrifuges facilitent le mouvement de la sauce et des ingr\u00e9dients entre les diff\u00e9rentes \u00e9tapes de production, garantissant un flux de travail fluide et continu. Ces pompes assurent un contr\u00f4le pr\u00e9cis de la temp\u00e9rature, permettant un chauffage et un refroidissement efficaces de la sauce pendant le traitement. Ils facilitent \u00e9galement le transfert de la sauce d'un r\u00e9cipient \u00e0 un autre, en maintenant l'int\u00e9grit\u00e9 du produit et en minimisant le gaspillage. En termes d'assainissement des \u00e9quipements, les pompes centrifuges facilitent le processus de nettoyage en \u00e9liminant efficacement les r\u00e9sidus de sauce et en garantissant des conditions hygi\u00e9niques.<\/p><p>Ensemble, les pompes \u00e0 vide et les pompes centrifuges contribuent \u00e0 l'efficacit\u00e9, \u00e0 la qualit\u00e9 et \u00e0 l'hygi\u00e8ne globales de la production de sauce tomate. Leurs r\u00f4les dans les processus de d\u00e9sa\u00e9ration, de concentration, de m\u00e9lange, de remplissage, d\u2019emballage, de transfert d\u2019ingr\u00e9dients, de chauffage, de refroidissement et de nettoyage garantissent une saveur, une texture et une conservation optimales tout au long du processus de fabrication. En utilisant ces pompes, les fabricants de sauce tomate peuvent obtenir des r\u00e9sultats coh\u00e9rents, rationaliser la production et fournir un produit de haute qualit\u00e9 aux consommateurs.<\/p><\/div><\/div><\/div>\t\t\t\t\t\t\t\t<\/div>\n\t\t\t\t<\/div>\n\t\t\t\t\t<\/div>\n\t\t\t\t<\/div>\n\t\t\t\t\t<\/div>\n\t\t\t\t<\/div>\n\t\t\t\t<\/div>","protected":false},"excerpt":{"rendered":"<p>Tomato Sauce Production In the tomato sauce production industry, vacuum pumps and centrifugal pumps play vital roles in ensuring efficient and high-quality sauce production. Vacuum pumps are utilized for various [&hellip;]<\/p>\n","protected":false},"author":2,"featured_media":0,"parent":0,"menu_order":0,"comment_status":"closed","ping_status":"closed","template":"","meta":{"breadcrumbs_single_post":"","page_title_panel":"","breadcrumbs_single_page":"","single_page_alignment":"","single_page_margin":"","page_structure_type":"","content_style_source":"","content_style":"","blog_post_streched_ed":"","blog_page_streched_ed":"","has_transparent_header":"","disable_transparent_header":"","vertical_spacing_source":"","content_area_spacing":"","single_post_content_background":"","single_page_content_background":"","single_post_boxed_content_spacing":"","single_page_boxed_content_spacing":"","single_post_content_boxed_radius":"","single_page_content_boxed_radius":"","disable_featured_image":"","disable_post_tags":"","disable_author_box":"","disable_posts_navigation":"","disable_comments":"","disable_related_posts":"","disable_header":"","disable_footer":"","footnotes":""},"class_list":["post-25933","page","type-page","status-publish","hentry","rishi-post","no-post-thumbnail"],"_links":{"self":[{"href":"https:\/\/pd-technik.eu\/fr\/wp-json\/wp\/v2\/pages\/25933","targetHints":{"allow":["GET"]}}],"collection":[{"href":"https:\/\/pd-technik.eu\/fr\/wp-json\/wp\/v2\/pages"}],"about":[{"href":"https:\/\/pd-technik.eu\/fr\/wp-json\/wp\/v2\/types\/page"}],"author":[{"embeddable":true,"href":"https:\/\/pd-technik.eu\/fr\/wp-json\/wp\/v2\/users\/2"}],"replies":[{"embeddable":true,"href":"https:\/\/pd-technik.eu\/fr\/wp-json\/wp\/v2\/comments?post=25933"}],"version-history":[{"count":34,"href":"https:\/\/pd-technik.eu\/fr\/wp-json\/wp\/v2\/pages\/25933\/revisions"}],"predecessor-version":[{"id":32717,"href":"https:\/\/pd-technik.eu\/fr\/wp-json\/wp\/v2\/pages\/25933\/revisions\/32717"}],"wp:attachment":[{"href":"https:\/\/pd-technik.eu\/fr\/wp-json\/wp\/v2\/media?parent=25933"}],"curies":[{"name":"wp","href":"https:\/\/api.w.org\/{rel}","templated":true}]}}