{"id":32795,"date":"2024-04-17T02:33:35","date_gmt":"2024-04-17T02:33:35","guid":{"rendered":"https:\/\/pd-technik.eu\/?page_id=32795"},"modified":"2024-04-17T02:56:57","modified_gmt":"2024-04-17T02:56:57","slug":"water-treatement-application","status":"publish","type":"page","link":"https:\/\/pd-technik.eu\/fr\/water-treatement-application\/","title":{"rendered":"Water Treatement Application"},"content":{"rendered":"<div data-elementor-type=\"wp-post\" data-elementor-id=\"32795\" class=\"elementor elementor-32795\" data-elementor-post-type=\"page\">\n\t\t\t\t<div class=\"elementor-element elementor-element-6cfb1260 e-flex e-con-boxed e-con e-parent\" data-id=\"6cfb1260\" data-element_type=\"container\" data-e-type=\"container\" data-settings=\"{&quot;background_background&quot;:&quot;classic&quot;}\">\n\t\t\t\t\t<div class=\"e-con-inner\">\n\t\t\t\t\t<\/div>\n\t\t\t\t<\/div>\n\t\t<div class=\"elementor-element elementor-element-6634f74 e-flex e-con-boxed e-con e-parent\" data-id=\"6634f74\" data-element_type=\"container\" data-e-type=\"container\" data-settings=\"{&quot;background_background&quot;:&quot;classic&quot;}\">\n\t\t\t\t\t<div class=\"e-con-inner\">\n\t\t<div class=\"elementor-element elementor-element-168d7ae5 e-flex e-con-boxed e-con e-child\" data-id=\"168d7ae5\" data-element_type=\"container\" data-e-type=\"container\">\n\t\t\t\t\t<div class=\"e-con-inner\">\n\t\t\t\t<div class=\"elementor-element elementor-element-54d1f3f elementor-widget elementor-widget-image-box\" data-id=\"54d1f3f\" data-element_type=\"widget\" data-e-type=\"widget\" data-widget_type=\"image-box.default\">\n\t\t\t\t<div class=\"elementor-widget-container\">\n\t\t\t\t\t<div class=\"elementor-image-box-wrapper\"><div class=\"elementor-image-box-content\"><h3 class=\"elementor-image-box-title\">Traitement de l'eau<\/h3><\/div><\/div>\t\t\t\t<\/div>\n\t\t\t\t<\/div>\n\t\t\t\t<div class=\"elementor-element elementor-element-2bf1e2cd elementor-widget elementor-widget-text-editor\" data-id=\"2bf1e2cd\" data-element_type=\"widget\" data-e-type=\"widget\" data-widget_type=\"text-editor.default\">\n\t\t\t\t<div class=\"elementor-widget-container\">\n\t\t\t\t\t\t\t\t\t<div class=\"Message_row__ug_UU\"><div class=\"Message_botMessageBubble__aYctV\"><div class=\"Markdown_markdownContainer__Tz3HQ\"><p>Le traitement de l'eau implique l'utilisation de soufflantes et de pompes comme composants essentiels \u00e0 diff\u00e9rentes \u00e9tapes du processus de traitement. Ces \u00e9quipements permettent de faciliter et d'optimiser les op\u00e9rations de traitement. Voici comment les soufflantes et les pompes sont couramment utilis\u00e9es dans le traitement de l\u2019eau\u00a0:<\/p><ol><li>Suppressors<br \/>Les Suppressors sont principalement utilis\u00e9es \u00e0 des fins d\u2019a\u00e9ration dans les processus de traitement de l\u2019eau. L'a\u00e9ration est le processus d'introduction d'air ou d'oxyg\u00e8ne dans l'eau pour favoriser la croissance de micro-organismes a\u00e9robies qui contribuent \u00e0 la d\u00e9gradation de la mati\u00e8re organique et \u00e0 l'\u00e9limination des polluants. Les soufflantes fournissent l\u2019alimentation en air n\u00e9cessaire pour des processus tels que\u00a0:<\/li><\/ol><ul><li>Proc\u00e9d\u00e9 \u00e0 boues activ\u00e9es : Des soufflantes alimentent en air les bassins d'a\u00e9ration o\u00f9 les micro-organismes consomment la mati\u00e8re organique et la transforment en biomasse.<\/li><li>Filtres biologiques\u00a0: les suppressors alimentent en air des filtres percolateurs ou des r\u00e9acteurs \u00e0 biofilm, favorisant ainsi la croissance de micro-organismes qui d\u00e9gradent les polluants.<\/li><li>Bior\u00e9acteurs \u00e0 membrane\u00a0: les ventilateurs cr\u00e9ent un effet de r\u00e9curage de l'air pour maintenir les surfaces des membranes propres et \u00e9viter l'encrassement.<br \/>Les suppressors sont \u00e9galement utilis\u00e9es \u00e0 d\u2019autres fins comme l\u2019agitation, le m\u00e9lange et le traitement des gaz d\u2019\u00e9chappement dans certains syst\u00e8mes de traitement.<\/li><\/ul><ol start=\"2\"><li>Pompes\u00a0:<br \/>Les pompes sont essentielles pour transporter l\u2019eau au sein de l\u2019installation de traitement et maintenir les d\u00e9bits requis. Ils sont couramment utilis\u00e9s dans les applications suivantes\u00a0:<\/li><\/ol><ul><li>Prise d'eau brute\u00a0: les pompes puisent l'eau de la source, comme les rivi\u00e8res, les lacs ou les puits, et la transportent vers la station d'\u00e9puration.<\/li><li>Dosage de produits chimiques\u00a0: les pompes sont utilis\u00e9es pour injecter avec pr\u00e9cision des produits chimiques, tels que des coagulants, des d\u00e9sinfectants ou des ajusteurs de pH, dans l'eau \u00e0 des points sp\u00e9cifiques du processus de traitement.<\/li><li>Filtration : Les pompes facilitent le mouvement de l'eau \u00e0 travers divers syst\u00e8mes de filtration, tels que des filtres \u00e0 sable, des filtres multim\u00e9dia ou des unit\u00e9s de filtration \u00e0 membrane, pour \u00e9liminer les mati\u00e8res en suspension et les impuret\u00e9s.<\/li><li>Manipulation des boues\u00a0: des pompes sont utilis\u00e9es pour transf\u00e9rer les boues des bassins de d\u00e9cantation ou des processus d'\u00e9paississement des boues vers des unit\u00e9s de traitement ou d'\u00e9limination ult\u00e9rieures.<\/li><li>Rejet des effluents\u00a0: les pompes aident \u00e0 pomper l'eau trait\u00e9e ou les effluents de l'usine de traitement jusqu'au point de rejet, comme une rivi\u00e8re, un \u00e9missaire oc\u00e9anique ou un r\u00e9servoir de stockage.<\/li><\/ul><p>Les soufflantes et les pompes jouent un r\u00f4le essentiel dans les processus de traitement de l\u2019eau, garantissant des op\u00e9rations de traitement efficaces et efficientes et la fourniture d\u2019une eau trait\u00e9e de haute qualit\u00e9. Le type et la taille sp\u00e9cifiques des surpresseurs et des pompes utilis\u00e9s d\u00e9pendent des exigences du processus, de la capacit\u00e9 de traitement et des caract\u00e9ristiques de l'eau trait\u00e9e.<\/p><\/div><\/div><\/div>\t\t\t\t\t\t\t\t<\/div>\n\t\t\t\t<\/div>\n\t\t\t\t\t<\/div>\n\t\t\t\t<\/div>\n\t\t\t\t\t<\/div>\n\t\t\t\t<\/div>\n\t\t\t\t<\/div>","protected":false},"excerpt":{"rendered":"<p>Water Treatment Water treatment involves the use of blowers and pumps as essential components in various stages of the treatment process. These equipment are used to facilitate and optimize the [&hellip;]<\/p>\n","protected":false},"author":2,"featured_media":0,"parent":0,"menu_order":0,"comment_status":"closed","ping_status":"closed","template":"","meta":{"breadcrumbs_single_post":"","page_title_panel":"","breadcrumbs_single_page":"","single_page_alignment":"","single_page_margin":"","page_structure_type":"","content_style_source":"","content_style":"","blog_post_streched_ed":"","blog_page_streched_ed":"","has_transparent_header":"","disable_transparent_header":"","vertical_spacing_source":"","content_area_spacing":"","single_post_content_background":"","single_page_content_background":"","single_post_boxed_content_spacing":"","single_page_boxed_content_spacing":"","single_post_content_boxed_radius":"","single_page_content_boxed_radius":"","disable_featured_image":"","disable_post_tags":"","disable_author_box":"","disable_posts_navigation":"","disable_comments":"","disable_related_posts":"","disable_header":"","disable_footer":"","footnotes":""},"class_list":["post-32795","page","type-page","status-publish","hentry","rishi-post","no-post-thumbnail"],"_links":{"self":[{"href":"https:\/\/pd-technik.eu\/fr\/wp-json\/wp\/v2\/pages\/32795","targetHints":{"allow":["GET"]}}],"collection":[{"href":"https:\/\/pd-technik.eu\/fr\/wp-json\/wp\/v2\/pages"}],"about":[{"href":"https:\/\/pd-technik.eu\/fr\/wp-json\/wp\/v2\/types\/page"}],"author":[{"embeddable":true,"href":"https:\/\/pd-technik.eu\/fr\/wp-json\/wp\/v2\/users\/2"}],"replies":[{"embeddable":true,"href":"https:\/\/pd-technik.eu\/fr\/wp-json\/wp\/v2\/comments?post=32795"}],"version-history":[{"count":12,"href":"https:\/\/pd-technik.eu\/fr\/wp-json\/wp\/v2\/pages\/32795\/revisions"}],"predecessor-version":[{"id":32854,"href":"https:\/\/pd-technik.eu\/fr\/wp-json\/wp\/v2\/pages\/32795\/revisions\/32854"}],"wp:attachment":[{"href":"https:\/\/pd-technik.eu\/fr\/wp-json\/wp\/v2\/media?parent=32795"}],"curies":[{"name":"wp","href":"https:\/\/api.w.org\/{rel}","templated":true}]}}