{"id":32799,"date":"2024-04-17T02:35:42","date_gmt":"2024-04-17T02:35:42","guid":{"rendered":"https:\/\/pd-technik.eu\/?page_id=32799"},"modified":"2024-04-17T07:05:43","modified_gmt":"2024-04-17T07:05:43","slug":"tomato-processings","status":"publish","type":"page","link":"https:\/\/pd-technik.eu\/fr\/tomato-processings\/","title":{"rendered":"Transformation des tomates"},"content":{"rendered":"<div data-elementor-type=\"wp-post\" data-elementor-id=\"32799\" class=\"elementor elementor-32799\" data-elementor-post-type=\"page\">\n\t\t\t\t<div class=\"elementor-element elementor-element-67f3c742 e-flex e-con-boxed e-con e-parent\" data-id=\"67f3c742\" data-element_type=\"container\" data-e-type=\"container\" data-settings=\"{&quot;background_background&quot;:&quot;classic&quot;}\">\n\t\t\t\t\t<div class=\"e-con-inner\">\n\t\t\t\t\t<\/div>\n\t\t\t\t<\/div>\n\t\t<div class=\"elementor-element elementor-element-73872ea7 e-flex e-con-boxed e-con e-parent\" data-id=\"73872ea7\" data-element_type=\"container\" data-e-type=\"container\" data-settings=\"{&quot;background_background&quot;:&quot;classic&quot;}\">\n\t\t\t\t\t<div class=\"e-con-inner\">\n\t\t<div class=\"elementor-element elementor-element-212e1b2a e-flex e-con-boxed e-con e-child\" data-id=\"212e1b2a\" data-element_type=\"container\" data-e-type=\"container\">\n\t\t\t\t\t<div class=\"e-con-inner\">\n\t\t\t\t<div class=\"elementor-element elementor-element-ca0b844 elementor-widget elementor-widget-image-box\" data-id=\"ca0b844\" data-element_type=\"widget\" data-e-type=\"widget\" data-widget_type=\"image-box.default\">\n\t\t\t\t<div class=\"elementor-widget-container\">\n\t\t\t\t\t<div class=\"elementor-image-box-wrapper\"><div class=\"elementor-image-box-content\"><h3 class=\"elementor-image-box-title\">Transformation des tomates <\/h3><\/div><\/div>\t\t\t\t<\/div>\n\t\t\t\t<\/div>\n\t\t\t\t<div class=\"elementor-element elementor-element-8d3dbb4 elementor-widget elementor-widget-text-editor\" data-id=\"8d3dbb4\" data-element_type=\"widget\" data-e-type=\"widget\" data-widget_type=\"text-editor.default\">\n\t\t\t\t<div class=\"elementor-widget-container\">\n\t\t\t\t\t\t\t\t\t<div class=\"Message_row__ug_UU\"><div class=\"Message_botMessageBubble__aYctV\"><div class=\"Markdown_markdownContainer__Tz3HQ\"><div class=\"Message_row__ug_UU\"><div class=\"Message_botMessageBubble__aYctV\"><div class=\"Markdown_markdownContainer__Tz3HQ\"><p>Dans l\u2019industrie de production de sauce tomate, divers processus tels que le lavage, la r\u00e9ception, le tri et la pr\u00e9paration sont essentiels pour cr\u00e9er une sauce de haute qualit\u00e9. Bien que les pompes \u00e0 vide et les pompes centrifuges soient couramment utilis\u00e9es dans les applications industrielles, leurs r\u00f4les sp\u00e9cifiques dans ces \u00e9tapes initiales de la production de sauces ne sont peut-\u00eatre pas aussi importants. Cependant, d'autres \u00e9quipements et processus sont g\u00e9n\u00e9ralement utilis\u00e9s au cours de ces phases. Examinons de plus pr\u00e8s les processus impliqu\u00e9s\u00a0:<\/p><ol><li><p>Lavage\u00a0:\u00a0Au stade du lavage, les tomates fra\u00eeches sont g\u00e9n\u00e9ralement soumises \u00e0 des syst\u00e8mes de nettoyage \u00e0 base d'eau, qui peuvent impliquer des pulv\u00e9risateurs, des brosses ou des r\u00e9servoirs d'immersion. Ces syst\u00e8mes aident \u00e0 \u00e9liminer la salet\u00e9, les d\u00e9bris et les contaminants de surface des tomates.<\/p><\/li><li><p>R\u00e9ception et tri : Apr\u00e8s lavage, les tomates sont r\u00e9ceptionn\u00e9es et tri\u00e9es en fonction de leur qualit\u00e9 et de leur calibre. Cette \u00e9tape peut impliquer des bandes transporteuses, des postes d'inspection et un tri manuel pour garantir que seules les tomates appropri\u00e9es passent \u00e0 l'\u00e9tape suivante.<\/p><\/li><li><p>Pr\u00e9paration : Une fois les tomates tri\u00e9es, elles subissent une pr\u00e9paration qui comprend des \u00e9tapes telles que le blanchiment, l'\u00e9pluchage et le broyage. Le blanchiment consiste \u00e0 plonger bri\u00e8vement les tomates dans de l'eau chaude pour faciliter l'\u00e9limination de la peau. Le pelage enl\u00e8ve la peau et le broyage d\u00e9compose les tomates en une consistance de pulpe ou de p\u00e2te. Des \u00e9quipements tels que des blanchisseurs, des \u00e9plucheurs, des broyeurs et des pulpeurs sont g\u00e9n\u00e9ralement utilis\u00e9s dans cette phase.<\/p><\/li><\/ol><p>Bien que les pompes \u00e0 vide et les pompes centrifuges ne soient pas directement impliqu\u00e9es dans ces \u00e9tapes initiales, elles jouent un r\u00f4le important dans les \u00e9tapes ult\u00e9rieures de la production de sauce tomate, comme mentionn\u00e9 dans la r\u00e9ponse pr\u00e9c\u00e9dente. Ces \u00e9tapes comprennent des processus tels que la d\u00e9sa\u00e9ration, la concentration, le m\u00e9lange, le remplissage, l'emballage, le transfert des ingr\u00e9dients, le chauffage, le refroidissement, le transfert de sauce et le nettoyage.<\/p><p>Il est important de noter que les \u00e9quipements et processus sp\u00e9cifiques utilis\u00e9s dans la production de sauce tomate peuvent varier en fonction de l\u2019\u00e9chelle de production, des caract\u00e9ristiques souhait\u00e9es de la sauce et de l\u2019installation de production sp\u00e9cifique.<\/p><\/div><\/div><\/div><\/div><\/div><\/div>\t\t\t\t\t\t\t\t<\/div>\n\t\t\t\t<\/div>\n\t\t\t\t\t<\/div>\n\t\t\t\t<\/div>\n\t\t\t\t\t<\/div>\n\t\t\t\t<\/div>\n\t\t\t\t<\/div>","protected":false},"excerpt":{"rendered":"<p>Tomato Processings In the tomato sauce production industry, various processes such as washing, receiving, sorting, and preparation are essential for creating high-quality sauce. While vacuum pumps and centrifugal pumps are [&hellip;]<\/p>\n","protected":false},"author":2,"featured_media":0,"parent":0,"menu_order":0,"comment_status":"closed","ping_status":"closed","template":"","meta":{"breadcrumbs_single_post":"","page_title_panel":"","breadcrumbs_single_page":"","single_page_alignment":"","single_page_margin":"","page_structure_type":"","content_style_source":"","content_style":"","blog_post_streched_ed":"","blog_page_streched_ed":"","has_transparent_header":"","disable_transparent_header":"","vertical_spacing_source":"","content_area_spacing":"","single_post_content_background":"","single_page_content_background":"","single_post_boxed_content_spacing":"","single_page_boxed_content_spacing":"","single_post_content_boxed_radius":"","single_page_content_boxed_radius":"","disable_featured_image":"","disable_post_tags":"","disable_author_box":"","disable_posts_navigation":"","disable_comments":"","disable_related_posts":"","disable_header":"","disable_footer":"","footnotes":""},"class_list":["post-32799","page","type-page","status-publish","hentry","rishi-post","no-post-thumbnail"],"_links":{"self":[{"href":"https:\/\/pd-technik.eu\/fr\/wp-json\/wp\/v2\/pages\/32799","targetHints":{"allow":["GET"]}}],"collection":[{"href":"https:\/\/pd-technik.eu\/fr\/wp-json\/wp\/v2\/pages"}],"about":[{"href":"https:\/\/pd-technik.eu\/fr\/wp-json\/wp\/v2\/types\/page"}],"author":[{"embeddable":true,"href":"https:\/\/pd-technik.eu\/fr\/wp-json\/wp\/v2\/users\/2"}],"replies":[{"embeddable":true,"href":"https:\/\/pd-technik.eu\/fr\/wp-json\/wp\/v2\/comments?post=32799"}],"version-history":[{"count":12,"href":"https:\/\/pd-technik.eu\/fr\/wp-json\/wp\/v2\/pages\/32799\/revisions"}],"predecessor-version":[{"id":32942,"href":"https:\/\/pd-technik.eu\/fr\/wp-json\/wp\/v2\/pages\/32799\/revisions\/32942"}],"wp:attachment":[{"href":"https:\/\/pd-technik.eu\/fr\/wp-json\/wp\/v2\/media?parent=32799"}],"curies":[{"name":"wp","href":"https:\/\/api.w.org\/{rel}","templated":true}]}}