{"id":32839,"date":"2024-04-17T02:43:31","date_gmt":"2024-04-17T02:43:31","guid":{"rendered":"https:\/\/pd-technik.eu\/?page_id=32839"},"modified":"2024-04-17T03:01:49","modified_gmt":"2024-04-17T03:01:49","slug":"fat-oil-animal-body-utilization-2","status":"publish","type":"page","link":"https:\/\/pd-technik.eu\/fr\/fat-oil-animal-body-utilization-2\/","title":{"rendered":"Huile de graisse animale"},"content":{"rendered":"<div data-elementor-type=\"wp-post\" data-elementor-id=\"32839\" class=\"elementor elementor-32839\" data-elementor-post-type=\"page\">\n\t\t\t\t<div class=\"elementor-element elementor-element-58a13eb4 e-flex e-con-boxed e-con e-parent\" data-id=\"58a13eb4\" data-element_type=\"container\" data-e-type=\"container\" data-settings=\"{&quot;background_background&quot;:&quot;classic&quot;}\">\n\t\t\t\t\t<div class=\"e-con-inner\">\n\t\t\t\t\t<\/div>\n\t\t\t\t<\/div>\n\t\t<div class=\"elementor-element elementor-element-4e0deb12 e-flex e-con-boxed e-con e-parent\" data-id=\"4e0deb12\" data-element_type=\"container\" data-e-type=\"container\" data-settings=\"{&quot;background_background&quot;:&quot;classic&quot;}\">\n\t\t\t\t\t<div class=\"e-con-inner\">\n\t\t<div class=\"elementor-element elementor-element-1f38f3fc e-flex e-con-boxed e-con e-child\" data-id=\"1f38f3fc\" data-element_type=\"container\" data-e-type=\"container\">\n\t\t\t\t\t<div class=\"e-con-inner\">\n\t\t\t\t<div class=\"elementor-element elementor-element-69a586ce elementor-widget elementor-widget-image-box\" data-id=\"69a586ce\" data-element_type=\"widget\" data-e-type=\"widget\" data-widget_type=\"image-box.default\">\n\t\t\t\t<div class=\"elementor-widget-container\">\n\t\t\t\t\t<div class=\"elementor-image-box-wrapper\"><div class=\"elementor-image-box-content\"><h3 class=\"elementor-image-box-title\">Huile de graisse animale<\/h3><\/div><\/div>\t\t\t\t<\/div>\n\t\t\t\t<\/div>\n\t\t\t\t<div class=\"elementor-element elementor-element-43ad1948 elementor-widget elementor-widget-text-editor\" data-id=\"43ad1948\" data-element_type=\"widget\" data-e-type=\"widget\" data-widget_type=\"text-editor.default\">\n\t\t\t\t<div class=\"elementor-widget-container\">\n\t\t\t\t\t\t\t\t\t<div class=\"Message_row__ug_UU\"><div class=\"Message_botMessageBubble__aYctV\"><div class=\"Markdown_markdownContainer__Tz3HQ\"><p>L'utilisation de pompes et de pompes centrifuges dans le contexte de graisses et d'huiles provenant de corps d'animaux peut varier en fonction de l'industrie et de l'application sp\u00e9cifiques. Bien que les pompes et les pompes centrifuges soient couramment utilis\u00e9es dans divers processus industriels, leur implication directe dans l\u2019utilisation des graisses et huiles animales n\u2019est peut-\u00eatre pas aussi importante que dans d\u2019autres contextes. Cependant, explorons comment les pompes peuvent \u00eatre utilis\u00e9es dans certaines applications pertinentes\u00a0:<\/p><ol><li><p>Industrie d'\u00e9quarrissage\u00a0: Dans les usines d'\u00e9quarrissage, des pompes peuvent \u00eatre utilis\u00e9es pour transf\u00e9rer et manipuler la graisse et l'huile animales tout au long des \u00e9tapes de transformation. Par exemple, des pompes peuvent \u00eatre utilis\u00e9es pour transporter la graisse fondue ou le suif des cuves d'\u00e9quarrissage vers les r\u00e9servoirs de stockage ou pour faciliter le mouvement de la graisse pendant le processus de s\u00e9paration.<\/p><\/li><li><p>Production de biodiesel\u00a0: lors de la conversion de graisse animale ou d'huile de cuisson usag\u00e9e en biodiesel, les pompes peuvent \u00eatre utilis\u00e9es \u00e0 diverses fins. Ils peuvent \u00eatre impliqu\u00e9s dans le transfert de la graisse ou de l\u2019huile vers l\u2019installation de production de biodiesel, ainsi que dans le pompage des r\u00e9actifs et des produits lors du processus de transest\u00e9rification.<\/p><\/li><li><p>Industrie alimentaire : Les pompes peuvent jouer un r\u00f4le dans l\u2019industrie alimentaire lorsqu\u2019il s\u2019agit de manutention et de transport de graisses et d\u2019huiles animales. Par exemple, les pompes peuvent \u00eatre utilis\u00e9es pour transf\u00e9rer des graisses ou des huiles vers des r\u00e9cipients de m\u00e9lange, des r\u00e9servoirs de stockage ou des lignes de production lors de la formulation de produits alimentaires.<\/p><\/li><li><p>Cosm\u00e9tiques et produits de soins personnels\u00a0: dans la formulation de produits cosm\u00e9tiques et de soins personnels pouvant contenir des graisses ou des huiles animales, des pompes peuvent \u00eatre utilis\u00e9es pour une distribution pr\u00e9cise et contr\u00f4l\u00e9e pendant le processus de fabrication.<\/p><\/li><\/ol><p>Il convient de noter que les pompes sp\u00e9cifiques utilis\u00e9es dans ces applications peuvent varier. Des pompes centrifuges, des pompes volum\u00e9triques ou d'autres types de pompes peuvent \u00eatre utilis\u00e9s en fonction des exigences des processus et des mat\u00e9riaux particuliers impliqu\u00e9s.<\/p><p>Dans l\u2019ensemble, m\u00eame si les pompes et les pompes centrifuges ne sont pas directement li\u00e9es \u00e0 l\u2019utilisation de graisses et d\u2019huiles animales dans tous les contextes, elles peuvent jouer un r\u00f4le en facilitant le transfert, la manipulation et le traitement de ces mat\u00e9riaux dans certaines industries et applications.<\/p><\/div><\/div><\/div>\t\t\t\t\t\t\t\t<\/div>\n\t\t\t\t<\/div>\n\t\t\t\t\t<\/div>\n\t\t\t\t<\/div>\n\t\t\t\t\t<\/div>\n\t\t\t\t<\/div>\n\t\t\t\t<\/div>","protected":false},"excerpt":{"rendered":"<p>Fat-oil animal body utilization The use of pumps and centrifugal pumps in the context of fat and oil from animal bodies can vary depending on the specific industry and application. [&hellip;]<\/p>\n","protected":false},"author":2,"featured_media":0,"parent":0,"menu_order":0,"comment_status":"closed","ping_status":"closed","template":"","meta":{"breadcrumbs_single_post":"","page_title_panel":"","breadcrumbs_single_page":"","single_page_alignment":"","single_page_margin":"","page_structure_type":"","content_style_source":"","content_style":"","blog_post_streched_ed":"","blog_page_streched_ed":"","has_transparent_header":"","disable_transparent_header":"","vertical_spacing_source":"","content_area_spacing":"","single_post_content_background":"","single_page_content_background":"","single_post_boxed_content_spacing":"","single_page_boxed_content_spacing":"","single_post_content_boxed_radius":"","single_page_content_boxed_radius":"","disable_featured_image":"","disable_post_tags":"","disable_author_box":"","disable_posts_navigation":"","disable_comments":"","disable_related_posts":"","disable_header":"","disable_footer":"","footnotes":""},"class_list":["post-32839","page","type-page","status-publish","hentry","rishi-post","no-post-thumbnail"],"_links":{"self":[{"href":"https:\/\/pd-technik.eu\/fr\/wp-json\/wp\/v2\/pages\/32839","targetHints":{"allow":["GET"]}}],"collection":[{"href":"https:\/\/pd-technik.eu\/fr\/wp-json\/wp\/v2\/pages"}],"about":[{"href":"https:\/\/pd-technik.eu\/fr\/wp-json\/wp\/v2\/types\/page"}],"author":[{"embeddable":true,"href":"https:\/\/pd-technik.eu\/fr\/wp-json\/wp\/v2\/users\/2"}],"replies":[{"embeddable":true,"href":"https:\/\/pd-technik.eu\/fr\/wp-json\/wp\/v2\/comments?post=32839"}],"version-history":[{"count":9,"href":"https:\/\/pd-technik.eu\/fr\/wp-json\/wp\/v2\/pages\/32839\/revisions"}],"predecessor-version":[{"id":32864,"href":"https:\/\/pd-technik.eu\/fr\/wp-json\/wp\/v2\/pages\/32839\/revisions\/32864"}],"wp:attachment":[{"href":"https:\/\/pd-technik.eu\/fr\/wp-json\/wp\/v2\/media?parent=32839"}],"curies":[{"name":"wp","href":"https:\/\/api.w.org\/{rel}","templated":true}]}}