{"id":4441,"date":"2024-01-08T11:58:05","date_gmt":"2024-01-08T11:58:05","guid":{"rendered":"https:\/\/test.pd-technik.eu\/?page_id=4441"},"modified":"2024-04-02T03:11:13","modified_gmt":"2024-04-02T03:11:13","slug":"fluitex-e-350","status":"publish","type":"page","link":"https:\/\/pd-technik.eu\/fr\/fluitex-e-350\/","title":{"rendered":"FLUITEX E 350"},"content":{"rendered":"<div data-elementor-type=\"wp-post\" data-elementor-id=\"4441\" class=\"elementor elementor-4441\" data-elementor-post-type=\"page\">\n\t\t\t\t<div class=\"elementor-element elementor-element-8ccb05b e-flex e-con-boxed e-con e-parent\" data-id=\"8ccb05b\" data-element_type=\"container\" data-e-type=\"container\">\n\t\t\t\t\t<div class=\"e-con-inner\">\n\t\t\t\t<div class=\"elementor-element elementor-element-12efa55c elementor-widget__width-auto elementor-widget-mobile__width-initial elementor-widget elementor-widget-heading\" data-id=\"12efa55c\" data-element_type=\"widget\" data-e-type=\"widget\" data-widget_type=\"heading.default\">\n\t\t\t\t<div class=\"elementor-widget-container\">\n\t\t\t\t\t<h6 class=\"elementor-heading-title elementor-size-default\">Produits et syst\u00e8mes &gt; <\/h6>\t\t\t\t<\/div>\n\t\t\t\t<\/div>\n\t\t\t\t<div class=\"elementor-element elementor-element-36044a1 elementor-widget__width-initial elementor-widget elementor-widget-heading\" data-id=\"36044a1\" data-element_type=\"widget\" data-e-type=\"widget\" data-widget_type=\"heading.default\">\n\t\t\t\t<div class=\"elementor-widget-container\">\n\t\t\t\t\t<h6 class=\"elementor-heading-title elementor-size-default\">Tissu de glissi\u00e8re d'air<\/h6>\t\t\t\t<\/div>\n\t\t\t\t<\/div>\n\t\t\t\t\t<\/div>\n\t\t\t\t<\/div>\n\t\t<div class=\"elementor-element elementor-element-4dac84bc e-flex e-con-boxed e-con e-parent\" data-id=\"4dac84bc\" data-element_type=\"container\" data-e-type=\"container\">\n\t\t\t\t\t<div class=\"e-con-inner\">\n\t\t<div class=\"elementor-element elementor-element-10da1b1 e-con-full e-flex e-con e-child\" data-id=\"10da1b1\" data-element_type=\"container\" data-e-type=\"container\" data-settings=\"{&quot;background_background&quot;:&quot;classic&quot;}\">\n\t\t\t\t<div class=\"elementor-element elementor-element-64e6136 elementor-widget-mobile__width-initial elementor-widget__width-initial To keep the dropdown menu open when an item is selected in Elementor Pro WordPress, you can add custom CSS code to override the default behavior. Here&#039;s an example of the CSS code you can use:  ```css \/* Add custom CSS to keep dropdown menu open when item is selected *\/ .elementor-nav-menu__dropdown.dropdown-click .elementor-nav-menu--dropdown .sub-menu {     display: block !important;     opacity: 1 !important;     visibility: visible !important;     max-height: none !important;     overflow: visible !important; } ```  You can add this CSS code by following these steps:  1. Edit the page with Elementor Pro where your dropdown menu is located. 2. Right-click on the section containing the dropdown menu and select &quot;Edit Section&quot; or &quot;Edit Widget&quot; (depending on how you&#039;ve added the menu). 3. In the left panel, go to the Advanced tab. 4. In the &quot;CSS Classes&quot; field, add a custom CSS class, for example, &quot;keep-dropdown-open&quot;. 5. Update the section\/widget and exit the Elementor editor. 6. Go to your WordPress Dashboard. 7. Navigate to Appearance &gt; Customize &gt; Additional CSS. 8. Add the CSS code provided above, targeting the custom CSS class you added. For example:  ```css .keep-dropdown-open .elementor-nav-menu__dropdown.dropdown-click .elementor-nav-menu--dropdown .sub-menu {     display: block !important;     opacity: 1 !important;     visibility: visible !important;     max-height: none !important;     overflow: visible !important; } ```  9. Publish the changes.  After adding the CSS code, the dropdown menu in Elementor Pro WordPress should remain open when an item is selected. elementor-nav-menu__text-align-aside elementor-widget elementor-widget-nav-menu\" data-id=\"64e6136\" data-element_type=\"widget\" data-e-type=\"widget\" data-settings=\"{&quot;submenu_icon&quot;:{&quot;value&quot;:&quot;&lt;i aria-hidden=\\&quot;true\\&quot; class=\\&quot;\\&quot;&gt;&lt;\\\/i&gt;&quot;,&quot;library&quot;:&quot;&quot;},&quot;layout&quot;:&quot;dropdown&quot;}\" data-widget_type=\"nav-menu.default\">\n\t\t\t\t<div class=\"elementor-widget-container\">\n\t\t\t\t\t\t\t\t<nav class=\"elementor-nav-menu--dropdown elementor-nav-menu__container\" aria-hidden=\"true\">\n\t\t\t\t<ul id=\"menu-2-64e6136\" class=\"elementor-nav-menu\"><li class=\"menu-item menu-item-type-post_type menu-item-object-page menu-item-28137\"><a href=\"https:\/\/pd-technik.eu\/fr\/blower-standard-lobe-blower\/\" class=\"elementor-item\" tabindex=\"-1\">Norme de Surpresseur \u00e0 lobes<\/a><\/li>\n<li class=\"menu-item menu-item-type-post_type menu-item-object-page menu-item-28138\"><a href=\"https:\/\/pd-technik.eu\/fr\/blower-standard-side-channel-blower\/\" class=\"elementor-item\" tabindex=\"-1\">Surpresseurs \u00e0 canal lat\u00e9ral<\/a><\/li>\n<li class=\"menu-item menu-item-type-post_type menu-item-object-page menu-item-28143\"><a href=\"https:\/\/pd-technik.eu\/fr\/compressor-standard\/\" class=\"elementor-item\" tabindex=\"-1\">Norme de compresseur \u00e0 vis<\/a><\/li>\n<li class=\"menu-item menu-item-type-post_type menu-item-object-page menu-item-28140\"><a href=\"https:\/\/pd-technik.eu\/fr\/blower-compressor-special\/\" class=\"elementor-item\" tabindex=\"-1\">Sp\u00e9cial Surpresseur<\/a><\/li>\n<li class=\"menu-item menu-item-type-post_type menu-item-object-page menu-item-30731\"><a href=\"https:\/\/pd-technik.eu\/fr\/compressor-special\/\" class=\"elementor-item\" tabindex=\"-1\">Sp\u00e9cial Compresseurs<\/a><\/li>\n<li class=\"menu-item menu-item-type-post_type menu-item-object-page menu-item-28159\"><a href=\"https:\/\/pd-technik.eu\/fr\/turbo-2\/\" class=\"elementor-item\" tabindex=\"-1\">Norme Turbo<\/a><\/li>\n<li class=\"menu-item menu-item-type-post_type menu-item-object-page menu-item-28150\"><a href=\"https:\/\/pd-technik.eu\/fr\/vacuum-systems\/\" class=\"elementor-item\" tabindex=\"-1\">Syst\u00e8mes de vide<\/a><\/li>\n<li class=\"menu-item menu-item-type-custom menu-item-object-custom menu-item-has-children menu-item-28160\"><a class=\"elementor-item\" tabindex=\"-1\">Pompes<span class=\"submenu-toggle\" ><svg xmlns=\"http:\/\/www.w3.org\/2000\/svg\" width=\"10\" height=\"5\" viewbox=\"0 0 10 5\"><path id=\"Polygon_5\" data-name=\"Polygon 5\" d=\"M5,0l5,5H0Z\" transform=\"translate(10 5) rotate(180)\"\/><\/svg><\/span><\/a>\n<ul class=\"sub-menu elementor-nav-menu--dropdown\">\n\t<li class=\"menu-item menu-item-type-post_type menu-item-object-page menu-item-28153\"><a href=\"https:\/\/pd-technik.eu\/fr\/multistage-pumps\/\" class=\"elementor-sub-item\" tabindex=\"-1\">Pompes multicellulaires<\/a><\/li>\n\t<li class=\"menu-item menu-item-type-post_type menu-item-object-page menu-item-28142\"><a href=\"https:\/\/pd-technik.eu\/fr\/centrifugal-sr-pumps\/\" class=\"elementor-sub-item\" tabindex=\"-1\">Pompes centrifuges SR<\/a><\/li>\n\t<li class=\"menu-item menu-item-type-post_type menu-item-object-page menu-item-28141\"><a href=\"https:\/\/pd-technik.eu\/fr\/centrifugal-rb-pumps\/\" class=\"elementor-sub-item\" tabindex=\"-1\">Pompes centrifuges RB<\/a><\/li>\n\t<li class=\"menu-item menu-item-type-post_type menu-item-object-page menu-item-28145\"><a href=\"https:\/\/pd-technik.eu\/fr\/gear-pumps\/\" class=\"elementor-sub-item\" tabindex=\"-1\">Pompes \u00e0 engrenages<\/a><\/li>\n\t<li class=\"menu-item menu-item-type-post_type menu-item-object-page menu-item-28149\"><a href=\"https:\/\/pd-technik.eu\/fr\/vacuum-pumps\/\" class=\"elementor-sub-item\" tabindex=\"-1\">Les pompes \u00e0 vide<\/a><\/li>\n<\/ul>\n<\/li>\n<li class=\"menu-item menu-item-type-post_type menu-item-object-page menu-item-28146\"><a href=\"https:\/\/pd-technik.eu\/fr\/lubrication-systems\/\" class=\"elementor-item\" tabindex=\"-1\">Syst\u00e8mes de lubrification<\/a><\/li>\n<li class=\"menu-item menu-item-type-post_type menu-item-object-page menu-item-28144\"><a href=\"https:\/\/pd-technik.eu\/fr\/electrical-actuators\/\" class=\"elementor-item\" tabindex=\"-1\">Actionneurs \u00e9lectriques<\/a><\/li>\n<li class=\"menu-item menu-item-type-post_type menu-item-object-page menu-item-28151\"><a href=\"https:\/\/pd-technik.eu\/fr\/air-slide-fabric\/\" class=\"elementor-item\" tabindex=\"-1\">Tissu de glissi\u00e8re d'air<\/a><\/li>\n<li class=\"menu-item menu-item-type-post_type menu-item-object-page menu-item-28152\"><a href=\"https:\/\/pd-technik.eu\/fr\/couplings\/\" class=\"elementor-item\" tabindex=\"-1\">Accouplements<\/a><\/li>\n<\/ul>\t\t\t<\/nav>\n\t\t\t\t\t\t<\/div>\n\t\t\t\t<\/div>\n\t\t\t\t<\/div>\n\t\t<div class=\"elementor-element elementor-element-4213b92e e-con-full e-flex e-con e-child\" data-id=\"4213b92e\" data-element_type=\"container\" data-e-type=\"container\">\n\t\t<div class=\"elementor-element elementor-element-14d5b3ad e-flex e-con-boxed e-con e-child\" data-id=\"14d5b3ad\" data-element_type=\"container\" data-e-type=\"container\" data-settings=\"{&quot;background_background&quot;:&quot;classic&quot;}\">\n\t\t\t\t\t<div class=\"e-con-inner\">\n\t\t<div class=\"elementor-element elementor-element-63fe8704 e-flex e-con-boxed e-con e-child\" data-id=\"63fe8704\" data-element_type=\"container\" data-e-type=\"container\">\n\t\t\t\t\t<div class=\"e-con-inner\">\n\t\t<div class=\"elementor-element elementor-element-eaa178a e-flex e-con-boxed e-con e-child\" data-id=\"eaa178a\" data-element_type=\"container\" data-e-type=\"container\">\n\t\t\t\t\t<div class=\"e-con-inner\">\n\t\t\t\t<div class=\"elementor-element elementor-element-e21edad elementor-align-justify elementor-widget elementor-widget-button\" data-id=\"e21edad\" data-element_type=\"widget\" data-e-type=\"widget\" data-widget_type=\"button.default\">\n\t\t\t\t<div class=\"elementor-widget-container\">\n\t\t\t\t\t\t\t\t\t<div class=\"elementor-button-wrapper\">\n\t\t\t\t\t<a class=\"elementor-button elementor-button-link elementor-size-sm\" href=\"https:\/\/pd-technik.eu\/fr\/air-slide-fabric\/\">\n\t\t\t\t\t\t<span class=\"elementor-button-content-wrapper\">\n\t\t\t\t\t\t\t\t\t<span class=\"elementor-button-text\"> dos            <\/span>\n\t\t\t\t\t<\/span>\n\t\t\t\t\t<\/a>\n\t\t\t\t<\/div>\n\t\t\t\t\t\t\t\t<\/div>\n\t\t\t\t<\/div>\n\t\t\t\t\t<\/div>\n\t\t\t\t<\/div>\n\t\t\t\t\t<\/div>\n\t\t\t\t<\/div>\n\t\t<div class=\"elementor-element elementor-element-24920b1c e-grid e-con-full e-con e-child\" data-id=\"24920b1c\" data-element_type=\"container\" data-e-type=\"container\" data-settings=\"{&quot;background_background&quot;:&quot;classic&quot;}\">\n\t\t\t\t<div class=\"elementor-element elementor-element-97c20bb elementor-widget elementor-widget-image\" data-id=\"97c20bb\" data-element_type=\"widget\" data-e-type=\"widget\" data-widget_type=\"image.default\">\n\t\t\t\t<div class=\"elementor-widget-container\">\n\t\t\t\t\t\t\t\t\t\t\t\t\t\t\t<img fetchpriority=\"high\" decoding=\"async\" width=\"360\" height=\"360\" src=\"https:\/\/pd-technik.eu\/wp-content\/uploads\/2024\/01\/Untitled-design2.png\" class=\"attachment-full size-full wp-image-4243\" alt=\"FLUITEX E 350 Air Slide Fabric\" srcset=\"https:\/\/pd-technik.eu\/wp-content\/uploads\/2024\/01\/Untitled-design2.png 360w, https:\/\/pd-technik.eu\/wp-content\/uploads\/2024\/01\/Untitled-design2-300x300.png 300w, https:\/\/pd-technik.eu\/wp-content\/uploads\/2024\/01\/Untitled-design2-100x100.png 100w, https:\/\/pd-technik.eu\/wp-content\/uploads\/2024\/01\/Untitled-design2-150x150.png 150w\" sizes=\"(max-width: 360px) 100vw, 360px\" \/>\t\t\t\t\t\t\t\t\t\t\t\t\t\t\t<\/div>\n\t\t\t\t<\/div>\n\t\t<div class=\"elementor-element elementor-element-30c25b99 e-flex e-con-boxed e-con e-child\" data-id=\"30c25b99\" data-element_type=\"container\" data-e-type=\"container\">\n\t\t\t\t\t<div class=\"e-con-inner\">\n\t\t<div class=\"elementor-element elementor-element-21954ef7 e-flex e-con-boxed e-con e-child\" data-id=\"21954ef7\" data-element_type=\"container\" data-e-type=\"container\">\n\t\t\t\t\t<div class=\"e-con-inner\">\n\t\t\t\t<div class=\"elementor-element elementor-element-3e062a53 elementor-widget elementor-widget-heading\" data-id=\"3e062a53\" data-element_type=\"widget\" data-e-type=\"widget\" data-widget_type=\"heading.default\">\n\t\t\t\t<div class=\"elementor-widget-container\">\n\t\t\t\t\t<h5 class=\"elementor-heading-title elementor-size-default\">FLUITEX E 350<\/h5>\t\t\t\t<\/div>\n\t\t\t\t<\/div>\n\t\t\t\t\t<\/div>\n\t\t\t\t<\/div>\n\t\t\t\t<div class=\"elementor-element elementor-element-78ca76c7 elementor-widget__width-initial elementor-widget elementor-widget-text-editor\" data-id=\"78ca76c7\" data-element_type=\"widget\" data-e-type=\"widget\" data-widget_type=\"text-editor.default\">\n\t\t\t\t<div class=\"elementor-widget-container\">\n\t\t\t\t\t\t\t\t\t<ul><li>0.50psi @ 22ft3\/ft2\/min<\/li><li>: 0.15 \u02dd, 0.19 \u02dd,<\/li><li>\u00c9paisseur\u00a0: 0,24 \u02dd, 0,31 \u02dd<\/li><\/ul>\t\t\t\t\t\t\t\t<\/div>\n\t\t\t\t<\/div>\n\t\t<div class=\"elementor-element elementor-element-11f8a118 e-con-full e-flex e-con e-child\" data-id=\"11f8a118\" data-element_type=\"container\" data-e-type=\"container\">\n\t\t<div class=\"elementor-element elementor-element-118e973b e-flex e-con-boxed e-con e-child\" data-id=\"118e973b\" data-element_type=\"container\" data-e-type=\"container\">\n\t\t\t\t\t<div class=\"e-con-inner\">\n\t\t\t\t<div class=\"elementor-element elementor-element-4f40ca68 elementor-align-justify elementor-widget__width-initial elementor-widget elementor-widget-button\" data-id=\"4f40ca68\" data-element_type=\"widget\" data-e-type=\"widget\" data-widget_type=\"button.default\">\n\t\t\t\t<div class=\"elementor-widget-container\">\n\t\t\t\t\t\t\t\t\t<div class=\"elementor-button-wrapper\">\n\t\t\t\t\t<a class=\"elementor-button elementor-button-link elementor-size-sm\" href=\"https:\/\/pd-technik.eu\/questionnaire-order-air-slide-fabric\/?fabricmodel=FLUITEX%20E%20350\" target=\"_blank\" id=\"fabricmodel\">\n\t\t\t\t\t\t<span class=\"elementor-button-content-wrapper\">\n\t\t\t\t\t\t\t\t\t<span class=\"elementor-button-text\">Trier par sp\u00e9cifications techniques<\/span>\n\t\t\t\t\t<\/span>\n\t\t\t\t\t<\/a>\n\t\t\t\t<\/div>\n\t\t\t\t\t\t\t\t<\/div>\n\t\t\t\t<\/div>\n\t\t\t\t\t<\/div>\n\t\t\t\t<\/div>\n\t\t\t\t<\/div>\n\t\t\t\t\t<\/div>\n\t\t\t\t<\/div>\n\t\t\t\t<\/div>\n\t\t<div class=\"elementor-element elementor-element-108f655d e-flex e-con-boxed e-con e-child\" data-id=\"108f655d\" data-element_type=\"container\" data-e-type=\"container\" data-settings=\"{&quot;background_background&quot;:&quot;classic&quot;}\">\n\t\t\t\t\t<div class=\"e-con-inner\">\n\t\t\t\t<div class=\"elementor-element elementor-element-311ebb47 e-n-tabs-mobile elementor-widget elementor-widget-n-tabs\" data-id=\"311ebb47\" data-element_type=\"widget\" data-e-type=\"widget\" data-settings=\"{&quot;tabs_justify_horizontal&quot;:&quot;center&quot;,&quot;horizontal_scroll&quot;:&quot;disable&quot;}\" data-widget_type=\"nested-tabs.default\">\n\t\t\t\t<div class=\"elementor-widget-container\">\n\t\t\t\t\t\t\t<div class=\"e-n-tabs\" data-widget-number=\"824097607\" aria-label=\"Tabs. Open items with Enter or Space, close with Escape and navigate using the Arrow keys.\" data-no-translation-aria-label=\"\">\n\t\t\t<div class=\"e-n-tabs-heading\" role=\"tablist\">\n\t\t\t\t\t<button id=\"#dis\" data-tab-title-id=\"e-n-tab-title-8240976071\" class=\"e-n-tab-title\" aria-selected=\"true\" data-tab-index=\"1\" role=\"tab\" tabindex=\"0\" aria-controls=\"e-n-tab-content-8240976071\" style=\"--n-tabs-title-order: 1;\">\n\t\t\t\t\t\t<span class=\"e-n-tab-title-text\">\n\t\t\t\tDescription\t\t\t<\/span>\n\t\t<\/button>\n\t\t\t\t<button id=\"e-n-tab-title-8240976072\" data-tab-title-id=\"e-n-tab-title-8240976072\" class=\"e-n-tab-title\" aria-selected=\"false\" data-tab-index=\"2\" role=\"tab\" tabindex=\"-1\" aria-controls=\"e-n-tab-content-8240976072\" style=\"--n-tabs-title-order: 2;\">\n\t\t\t\t\t\t<span class=\"e-n-tab-title-text\">\n\t\t\t\tApplications\t\t\t<\/span>\n\t\t<\/button>\n\t\t\t\t<button id=\"e-n-tab-title-8240976073\" data-tab-title-id=\"e-n-tab-title-8240976073\" class=\"e-n-tab-title\" aria-selected=\"false\" data-tab-index=\"3\" role=\"tab\" tabindex=\"-1\" aria-controls=\"e-n-tab-content-8240976073\" style=\"--n-tabs-title-order: 3;\">\n\t\t\t\t\t\t<span class=\"e-n-tab-title-text\">\n\t\t\t\tT\u00e9l\u00e9chargements\t\t\t<\/span>\n\t\t<\/button>\n\t\t\t\t\t<\/div>\n\t\t\t<div class=\"e-n-tabs-content\">\n\t\t\t\t<div id=\"e-n-tab-content-8240976071 dis\" role=\"tabpanel\" aria-labelledby=\"#dis\" data-tab-index=\"1\" style=\"--n-tabs-title-order: 1;\" class=\"e-active elementor-element elementor-element-6b8f6a71 e-con-full e-flex e-con e-child\" data-id=\"6b8f6a71\" data-element_type=\"container\" data-e-type=\"container\">\n\t\t<div class=\"elementor-element elementor-element-5c31d947 e-flex e-con-boxed e-con e-child\" data-id=\"5c31d947\" data-element_type=\"container\" data-e-type=\"container\">\n\t\t\t\t\t<div class=\"e-con-inner\">\n\t\t\t\t<div class=\"elementor-element elementor-element-72287851 elementor-widget elementor-widget-heading\" data-id=\"72287851\" data-element_type=\"widget\" data-e-type=\"widget\" data-widget_type=\"heading.default\">\n\t\t\t\t<div class=\"elementor-widget-container\">\n\t\t\t\t\t<h6 class=\"elementor-heading-title elementor-size-default\">Description<\/h6>\t\t\t\t<\/div>\n\t\t\t\t<\/div>\n\t\t\t\t<div class=\"elementor-element elementor-element-1ff0ada elementor-widget__width-initial elementor-widget elementor-widget-text-editor\" data-id=\"1ff0ada\" data-element_type=\"widget\" data-e-type=\"widget\" data-widget_type=\"text-editor.default\">\n\t\t\t\t<div class=\"elementor-widget-container\">\n\t\t\t\t\t\t\t\t\t<div class=\"msd-headlinedivider corporate-bg\">Perm\u00e9abilit\u00e9 \u00e0 l'air 350 mmWG<\/div><div class=\"innerText\"><p><strong>Caract\u00e9ristiques:<\/strong><\/p><ul><li>100% Polyester<\/li><li>\u00c9paisseurs : 4 mm \/ 5 mm \/ 6 mm \/ 8 mm<\/li><li>R\u00e9sistant aux temp\u00e9ratures de -60 \u00b0C \u00e0 150 \u00b0C<br \/>(court terme : +200 \u00b0C)<\/li><li>Largeur : 100 mm \u2013 2 400 mm<\/li><\/ul><\/div>\t\t\t\t\t\t\t\t<\/div>\n\t\t\t\t<\/div>\n\t\t\t\t\t<\/div>\n\t\t\t\t<\/div>\n\t\t\t\t<\/div>\n\t\t<div id=\"e-n-tab-content-8240976072\" role=\"tabpanel\" aria-labelledby=\"e-n-tab-title-8240976072\" data-tab-index=\"2\" style=\"--n-tabs-title-order: 2;\" class=\"elementor-element elementor-element-15a58b7f e-con-full e-flex e-con e-child\" data-id=\"15a58b7f\" data-element_type=\"container\" data-e-type=\"container\">\n\t\t<div class=\"elementor-element elementor-element-46554e42 e-flex e-con-boxed e-con e-child\" data-id=\"46554e42\" data-element_type=\"container\" data-e-type=\"container\">\n\t\t\t\t\t<div class=\"e-con-inner\">\n\t\t\t\t<div class=\"elementor-element elementor-element-5d96aed4 elementor-widget elementor-widget-heading\" data-id=\"5d96aed4\" data-element_type=\"widget\" data-e-type=\"widget\" data-widget_type=\"heading.default\">\n\t\t\t\t<div class=\"elementor-widget-container\">\n\t\t\t\t\t<h6 class=\"elementor-heading-title elementor-size-default\">Applications <\/h6>\t\t\t\t<\/div>\n\t\t\t\t<\/div>\n\t\t\t\t<div class=\"elementor-element elementor-element-1184774a elementor-widget elementor-widget-text-editor\" data-id=\"1184774a\" data-element_type=\"widget\" data-e-type=\"widget\" data-widget_type=\"text-editor.default\">\n\t\t\t\t<div class=\"elementor-widget-container\">\n\t\t\t\t\t\t\t\t\t<ol><li class=\"TrT0Xe\">Les tissus Airslide sont utilis\u00e9s dans diff\u00e9rentes industries :<\/li><li class=\"TrT0Xe\">Centrales.<\/li><li class=\"TrT0Xe\">B\u00e2timent et construction.<\/li><li class=\"TrT0Xe\">industrie chimique<\/li><li class=\"TrT0Xe\">Denr\u00e9e alimentaire\/Alimentation animale<\/li><li class=\"TrT0Xe\">Rev\u00eatement de surface.<\/li><\/ol>\t\t\t\t\t\t\t\t<\/div>\n\t\t\t\t<\/div>\n\t\t\t\t\t<\/div>\n\t\t\t\t<\/div>\n\t\t\t\t<\/div>\n\t\t<div id=\"e-n-tab-content-8240976073\" role=\"tabpanel\" aria-labelledby=\"e-n-tab-title-8240976073\" data-tab-index=\"3\" style=\"--n-tabs-title-order: 3;\" class=\"elementor-element elementor-element-6b64fd15 e-con-full e-flex e-con e-child\" data-id=\"6b64fd15\" data-element_type=\"container\" data-e-type=\"container\">\n\t\t<div class=\"elementor-element elementor-element-43f7043 e-flex e-con-boxed e-con e-child\" data-id=\"43f7043\" data-element_type=\"container\" data-e-type=\"container\">\n\t\t\t\t\t<div class=\"e-con-inner\">\n\t\t<div class=\"elementor-element elementor-element-cf903b4 e-flex e-con-boxed e-con e-child\" data-id=\"cf903b4\" data-element_type=\"container\" data-e-type=\"container\">\n\t\t\t\t\t<div class=\"e-con-inner\">\n\t\t<div class=\"elementor-element elementor-element-e2c2d6d e-flex e-con-boxed e-con e-child\" data-id=\"e2c2d6d\" data-element_type=\"container\" data-e-type=\"container\">\n\t\t\t\t\t<div class=\"e-con-inner\">\n\t\t\t\t<div class=\"elementor-element elementor-element-32a2b03 elementor-widget__width-initial elementor-widget elementor-widget-heading\" data-id=\"32a2b03\" data-element_type=\"widget\" data-e-type=\"widget\" data-widget_type=\"heading.default\">\n\t\t\t\t<div class=\"elementor-widget-container\">\n\t\t\t\t\t<div class=\"elementor-heading-title elementor-size-default\">Catalogue<\/div>\t\t\t\t<\/div>\n\t\t\t\t<\/div>\n\t\t\t\t<div class=\"elementor-element elementor-element-37098bc elementor-widget elementor-widget-button\" data-id=\"37098bc\" data-element_type=\"widget\" data-e-type=\"widget\" data-widget_type=\"button.default\">\n\t\t\t\t<div class=\"elementor-widget-container\">\n\t\t\t\t\t\t\t\t\t<div class=\"elementor-button-wrapper\">\n\t\t\t\t\t<a class=\"elementor-button elementor-button-link elementor-size-sm\" href=\"https:\/\/drive.google.com\/file\/d\/1S0vEBjyrWC27CLo3mnJW8N6IZKIMTtyG\/view?usp=sharing\" target=\"_blank\">\n\t\t\t\t\t\t<span class=\"elementor-button-content-wrapper\">\n\t\t\t\t\t\t<span class=\"elementor-button-icon\">\n\t\t\t\t<svg aria-hidden=\"true\" class=\"e-font-icon-svg e-fas-file-pdf\" viewbox=\"0 0 384 512\" xmlns=\"http:\/\/www.w3.org\/2000\/svg\"><path d=\"M181.9 256.1c-5-16-4.9-46.9-2-46.9 8.4 0 7.6 36.9 2 46.9zm-1.7 47.2c-7.7 20.2-17.3 43.3-28.4 62.7 18.3-7 39-17.2 62.9-21.9-12.7-9.6-24.9-23.4-34.5-40.8zM86.1 428.1c0 .8 13.2-5.4 34.9-40.2-6.7 6.3-29.1 24.5-34.9 40.2zM248 160h136v328c0 13.3-10.7 24-24 24H24c-13.3 0-24-10.7-24-24V24C0 10.7 10.7 0 24 0h200v136c0 13.2 10.8 24 24 24zm-8 171.8c-20-12.2-33.3-29-42.7-53.8 4.5-18.5 11.6-46.6 6.2-64.2-4.7-29.4-42.4-26.5-47.8-6.8-5 18.3-.4 44.1 8.1 77-11.6 27.6-28.7 64.6-40.8 85.8-.1 0-.1.1-.2.1-27.1 13.9-73.6 44.5-54.5 68 5.6 6.9 16 10 21.5 10 17.9 0 35.7-18 61.1-61.8 25.8-8.5 54.1-19.1 79-23.2 21.7 11.8 47.1 19.5 64 19.5 29.2 0 31.2-32 19.7-43.4-13.9-13.6-54.3-9.7-73.6-7.2zM377 105L279 7c-4.5-4.5-10.6-7-17-7h-6v128h128v-6.1c0-6.3-2.5-12.4-7-16.9zm-74.1 255.3c4.1-2.7-2.5-11.9-42.8-9 37.1 15.8 42.8 9 42.8 9z\"><\/path><\/svg>\t\t\t<\/span>\n\t\t\t\t\t\t\t\t\t<span class=\"elementor-button-text\">t\u00e9l\u00e9charger<\/span>\n\t\t\t\t\t<\/span>\n\t\t\t\t\t<\/a>\n\t\t\t\t<\/div>\n\t\t\t\t\t\t\t\t<\/div>\n\t\t\t\t<\/div>\n\t\t\t\t\t<\/div>\n\t\t\t\t<\/div>\n\t\t\t\t\t<\/div>\n\t\t\t\t<\/div>\n\t\t\t\t\t<\/div>\n\t\t\t\t<\/div>\n\t\t\t\t<\/div>\n\t\t\t\t\t<\/div>\n\t\t<\/div>\n\t\t\t\t\t\t<\/div>\n\t\t\t\t<\/div>\n\t\t\t\t\t<\/div>\n\t\t\t\t<\/div>\n\t\t\t\t\t<\/div>\n\t\t\t\t<\/div>\n\t\t\t\t<\/div>\n\t\t\t\t\t<\/div>\n\t\t\t\t<\/div>\n\t\t\t\t<\/div>","protected":false},"excerpt":{"rendered":"<p>Products &amp; Systems &gt; Air Slide Fabric back FLUITEX E 350 0.50psi @ 22ft3\/ft2\/min : 0.15 \u02dd, 0.19 \u02dd, Thickness: 0.24 \u02dd, 0.31 \u02dd Order by technical specifications Description Applications [&hellip;]<\/p>\n","protected":false},"author":2,"featured_media":0,"parent":0,"menu_order":0,"comment_status":"closed","ping_status":"closed","template":"","meta":{"breadcrumbs_single_post":"","page_title_panel":"","breadcrumbs_single_page":"","single_page_alignment":"","single_page_margin":"","page_structure_type":"","content_style_source":"","content_style":"","blog_post_streched_ed":"","blog_page_streched_ed":"","has_transparent_header":"","disable_transparent_header":"","vertical_spacing_source":"","content_area_spacing":"","single_post_content_background":"","single_page_content_background":"","single_post_boxed_content_spacing":"","single_page_boxed_content_spacing":"","single_post_content_boxed_radius":"","single_page_content_boxed_radius":"","disable_featured_image":"","disable_post_tags":"","disable_author_box":"","disable_posts_navigation":"","disable_comments":"","disable_related_posts":"","disable_header":"","disable_footer":"","footnotes":""},"class_list":["post-4441","page","type-page","status-publish","hentry","rishi-post","no-post-thumbnail"],"_links":{"self":[{"href":"https:\/\/pd-technik.eu\/fr\/wp-json\/wp\/v2\/pages\/4441","targetHints":{"allow":["GET"]}}],"collection":[{"href":"https:\/\/pd-technik.eu\/fr\/wp-json\/wp\/v2\/pages"}],"about":[{"href":"https:\/\/pd-technik.eu\/fr\/wp-json\/wp\/v2\/types\/page"}],"author":[{"embeddable":true,"href":"https:\/\/pd-technik.eu\/fr\/wp-json\/wp\/v2\/users\/2"}],"replies":[{"embeddable":true,"href":"https:\/\/pd-technik.eu\/fr\/wp-json\/wp\/v2\/comments?post=4441"}],"version-history":[{"count":87,"href":"https:\/\/pd-technik.eu\/fr\/wp-json\/wp\/v2\/pages\/4441\/revisions"}],"predecessor-version":[{"id":32493,"href":"https:\/\/pd-technik.eu\/fr\/wp-json\/wp\/v2\/pages\/4441\/revisions\/32493"}],"wp:attachment":[{"href":"https:\/\/pd-technik.eu\/fr\/wp-json\/wp\/v2\/media?parent=4441"}],"curies":[{"name":"wp","href":"https:\/\/api.w.org\/{rel}","templated":true}]}}