{"id":6772,"date":"2024-01-11T17:33:13","date_gmt":"2024-01-11T17:33:13","guid":{"rendered":"https:\/\/test.pd-technik.eu\/?page_id=6772"},"modified":"2024-02-29T15:05:59","modified_gmt":"2024-02-29T15:05:59","slug":"blower-units-spare-parts","status":"publish","type":"page","link":"https:\/\/pd-technik.eu\/fr\/blower-units-spare-parts\/","title":{"rendered":"Blower Units spare parts"},"content":{"rendered":"<div data-elementor-type=\"wp-post\" data-elementor-id=\"6772\" class=\"elementor elementor-6772\" data-elementor-post-type=\"page\">\n\t\t\t\t<div class=\"elementor-element elementor-element-68d6ab67 e-flex e-con-boxed e-con e-parent\" data-id=\"68d6ab67\" data-element_type=\"container\" data-e-type=\"container\">\n\t\t\t\t\t<div class=\"e-con-inner\">\n\t\t\t\t<div class=\"elementor-element elementor-element-55f5cc25 elementor-widget__width-auto elementor-widget-mobile__width-initial elementor-widget elementor-widget-heading\" data-id=\"55f5cc25\" data-element_type=\"widget\" data-e-type=\"widget\" data-widget_type=\"heading.default\">\n\t\t\t\t<div class=\"elementor-widget-container\">\n\t\t\t\t\t<h6 class=\"elementor-heading-title elementor-size-default\">Pi\u00e8ces d\u00e9tach\u00e9es&gt;<\/h6>\t\t\t\t<\/div>\n\t\t\t\t<\/div>\n\t\t\t\t<div class=\"elementor-element elementor-element-b1b51a9 elementor-widget__width-initial elementor-widget elementor-widget-heading\" data-id=\"b1b51a9\" data-element_type=\"widget\" data-e-type=\"widget\" data-widget_type=\"heading.default\">\n\t\t\t\t<div class=\"elementor-widget-container\">\n\t\t\t\t\t<h6 class=\"elementor-heading-title elementor-size-default\">Blower Units Spare Parts<\/h6>\t\t\t\t<\/div>\n\t\t\t\t<\/div>\n\t\t\t\t\t<\/div>\n\t\t\t\t<\/div>\n\t\t<div class=\"elementor-element elementor-element-48048024 e-flex e-con-boxed e-con e-parent\" data-id=\"48048024\" data-element_type=\"container\" data-e-type=\"container\">\n\t\t\t\t\t<div class=\"e-con-inner\">\n\t\t<div class=\"elementor-element elementor-element-6241c34b e-con-full e-flex e-con e-child\" data-id=\"6241c34b\" data-element_type=\"container\" data-e-type=\"container\" data-settings=\"{&quot;background_background&quot;:&quot;classic&quot;}\">\n\t\t\t\t<div class=\"elementor-element elementor-element-6aa31ea2 elementor-nav-menu__text-align-aside elementor-widget elementor-widget-nav-menu\" data-id=\"6aa31ea2\" data-element_type=\"widget\" data-e-type=\"widget\" data-settings=\"{&quot;layout&quot;:&quot;dropdown&quot;,&quot;submenu_icon&quot;:{&quot;value&quot;:&quot;&lt;svg aria-hidden=\\&quot;true\\&quot; class=\\&quot;e-font-icon-svg e-fas-caret-right\\&quot; viewBox=\\&quot;0 0 192 512\\&quot; xmlns=\\&quot;http:\\\/\\\/www.w3.org\\\/2000\\\/svg\\&quot;&gt;&lt;path d=\\&quot;M0 384.662V127.338c0-17.818 21.543-26.741 34.142-14.142l128.662 128.662c7.81 7.81 7.81 20.474 0 28.284L34.142 398.804C21.543 411.404 0 402.48 0 384.662z\\&quot;&gt;&lt;\\\/path&gt;&lt;\\\/svg&gt;&quot;,&quot;library&quot;:&quot;fa-solid&quot;}}\" data-widget_type=\"nav-menu.default\">\n\t\t\t\t<div class=\"elementor-widget-container\">\n\t\t\t\t\t\t\t\t<nav class=\"elementor-nav-menu--dropdown elementor-nav-menu__container\" aria-hidden=\"true\">\n\t\t\t\t<ul id=\"menu-2-6aa31ea2\" class=\"elementor-nav-menu\"><li class=\"menu-item menu-item-type-post_type menu-item-object-page menu-item-7160\"><a href=\"https:\/\/pd-technik.eu\/fr\/blowers-spare-parts\/\" class=\"elementor-item\" tabindex=\"-1\">Pi\u00e8ces de Surpresseur<\/a><\/li>\n<li class=\"menu-item menu-item-type-post_type menu-item-object-page menu-item-7159\"><a href=\"https:\/\/pd-technik.eu\/fr\/blower-units-spare-parts\/\" class=\"elementor-item\" tabindex=\"-1\">Pi\u00e8ces d'unit\u00e9s de Surpresseur<\/a><\/li>\n<li class=\"menu-item menu-item-type-post_type menu-item-object-page menu-item-7158\"><a href=\"https:\/\/pd-technik.eu\/fr\/compressor-spare-parts\/\" class=\"elementor-item\" tabindex=\"-1\">Pi\u00e8ces de compresseur<\/a><\/li>\n<li class=\"menu-item menu-item-type-post_type menu-item-object-page menu-item-7157\"><a href=\"https:\/\/pd-technik.eu\/fr\/compressor-unit-spare-parts\/\" class=\"elementor-item\" tabindex=\"-1\">Pi\u00e8ces d\u00e9tach\u00e9es pour compresseur<\/a><\/li>\n<li class=\"menu-item menu-item-type-post_type menu-item-object-page menu-item-7156\"><a href=\"https:\/\/pd-technik.eu\/fr\/vacuum-pumps-spare-parts\/\" class=\"elementor-item\" tabindex=\"-1\">Pi\u00e8ces d\u00e9tach\u00e9es pour pompes \u00e0 vide<\/a><\/li>\n<\/ul>\t\t\t<\/nav>\n\t\t\t\t\t\t<\/div>\n\t\t\t\t<\/div>\n\t\t\t\t<\/div>\n\t\t<div class=\"elementor-element elementor-element-4bee5cae e-con-full e-flex e-con e-child\" data-id=\"4bee5cae\" data-element_type=\"container\" data-e-type=\"container\">\n\t\t<div class=\"elementor-element elementor-element-303d9494 e-con-full e-flex e-con e-child\" data-id=\"303d9494\" data-element_type=\"container\" data-e-type=\"container\" data-settings=\"{&quot;background_background&quot;:&quot;classic&quot;}\">\n\t\t<div class=\"elementor-element elementor-element-64f7cf0 e-grid e-con-boxed e-con e-child\" data-id=\"64f7cf0\" data-element_type=\"container\" data-e-type=\"container\">\n\t\t\t\t\t<div class=\"e-con-inner\">\n\t\t<div class=\"elementor-element elementor-element-a03a71d e-flex e-con-boxed e-con e-child\" data-id=\"a03a71d\" data-element_type=\"container\" data-e-type=\"container\">\n\t\t\t\t\t<div class=\"e-con-inner\">\n\t\t<div class=\"elementor-element elementor-element-e2a9004 e-flex e-con-boxed e-con e-child\" data-id=\"e2a9004\" data-element_type=\"container\" data-e-type=\"container\">\n\t\t\t\t\t<div class=\"e-con-inner\">\n\t\t<div class=\"elementor-element elementor-element-255dc6c e-con-full e-flex e-con e-child\" data-id=\"255dc6c\" data-element_type=\"container\" data-e-type=\"container\" data-settings=\"{&quot;background_background&quot;:&quot;classic&quot;}\">\n\t\t\t\t<div class=\"elementor-element elementor-element-67524b4 elementor-widget__width-initial elementor-widget elementor-widget-image\" data-id=\"67524b4\" data-element_type=\"widget\" data-e-type=\"widget\" data-widget_type=\"image.default\">\n\t\t\t\t<div class=\"elementor-widget-container\">\n\t\t\t\t\t\t\t\t\t\t\t\t<figure class=\"wp-caption\">\n\t\t\t\t\t\t\t\t\t\t<img fetchpriority=\"high\" decoding=\"async\" width=\"360\" height=\"360\" src=\"https:\/\/pd-technik.eu\/wp-content\/uploads\/2024\/01\/2-2.png\" class=\"attachment-full size-full wp-image-2359\" alt=\"Blower Unit Pressure and Vacuum\" srcset=\"https:\/\/pd-technik.eu\/wp-content\/uploads\/2024\/01\/2-2.png 360w, https:\/\/pd-technik.eu\/wp-content\/uploads\/2024\/01\/2-2-300x300.png 300w, https:\/\/pd-technik.eu\/wp-content\/uploads\/2024\/01\/2-2-100x100.png 100w, https:\/\/pd-technik.eu\/wp-content\/uploads\/2024\/01\/2-2-150x150.png 150w\" sizes=\"(max-width: 360px) 100vw, 360px\" \/>\t\t\t\t\t\t\t\t\t\t\t<figcaption class=\"widget-image-caption wp-caption-text\">Unit\u00e9 de Surpresseur \u00e0 lobes<\/figcaption>\n\t\t\t\t\t\t\t\t\t\t<\/figure>\n\t\t\t\t\t\t\t\t\t<\/div>\n\t\t\t\t<\/div>\n\t\t\t\t<div class=\"elementor-element elementor-element-bdb2013 elementor-nav-menu__text-align-center elementor-widget elementor-widget-nav-menu\" data-id=\"bdb2013\" data-element_type=\"widget\" data-e-type=\"widget\" data-settings=\"{&quot;layout&quot;:&quot;dropdown&quot;,&quot;submenu_icon&quot;:{&quot;value&quot;:&quot;&lt;svg aria-hidden=\\&quot;true\\&quot; class=\\&quot;e-font-icon-svg e-fas-caret-down\\&quot; viewBox=\\&quot;0 0 320 512\\&quot; xmlns=\\&quot;http:\\\/\\\/www.w3.org\\\/2000\\\/svg\\&quot;&gt;&lt;path d=\\&quot;M31.3 192h257.3c17.8 0 26.7 21.5 14.1 34.1L174.1 354.8c-7.8 7.8-20.5 7.8-28.3 0L17.2 226.1C4.6 213.5 13.5 192 31.3 192z\\&quot;&gt;&lt;\\\/path&gt;&lt;\\\/svg&gt;&quot;,&quot;library&quot;:&quot;fa-solid&quot;}}\" data-widget_type=\"nav-menu.default\">\n\t\t\t\t<div class=\"elementor-widget-container\">\n\t\t\t\t\t\t\t\t<nav class=\"elementor-nav-menu--dropdown elementor-nav-menu__container\" aria-hidden=\"true\">\n\t\t\t\t<ul id=\"menu-2-bdb2013\" class=\"elementor-nav-menu\"><li class=\"menu-item menu-item-type-custom menu-item-object-custom menu-item-has-children menu-item-11395\"><a class=\"elementor-item\" tabindex=\"-1\">S\u00e9lectionnez la taille<span class=\"submenu-toggle\" ><svg xmlns=\"http:\/\/www.w3.org\/2000\/svg\" width=\"10\" height=\"5\" viewbox=\"0 0 10 5\"><path id=\"Polygon_5\" data-name=\"Polygon 5\" d=\"M5,0l5,5H0Z\" transform=\"translate(10 5) rotate(180)\"\/><\/svg><\/span><\/a>\n<ul class=\"sub-menu elementor-nav-menu--dropdown\">\n\t<li class=\"menu-item menu-item-type-post_type menu-item-object-page menu-item-18961\"><a href=\"https:\/\/pd-technik.eu\/fr\/pressure-blower-unit-size-1-15-25\/\" class=\"elementor-sub-item\" tabindex=\"-1\">Size 1 (15-25)<\/a><\/li>\n\t<li class=\"menu-item menu-item-type-post_type menu-item-object-page menu-item-18962\"><a href=\"https:\/\/pd-technik.eu\/fr\/pressure-blower-unit-size-2-35-45-46\/\" class=\"elementor-sub-item\" tabindex=\"-1\">Size 2 (35-45-46)<\/a><\/li>\n\t<li class=\"menu-item menu-item-type-post_type menu-item-object-page menu-item-18963\"><a href=\"https:\/\/pd-technik.eu\/fr\/pressure-blower-unit-size-2-55-65\/\" class=\"elementor-sub-item\" tabindex=\"-1\">Size 2 (55-65)<\/a><\/li>\n\t<li class=\"menu-item menu-item-type-post_type menu-item-object-page menu-item-18964\"><a href=\"https:\/\/pd-technik.eu\/fr\/pressure-blower-unit-size-3-65-66\/\" class=\"elementor-sub-item\" tabindex=\"-1\">Size 3 (65-66)<\/a><\/li>\n\t<li class=\"menu-item menu-item-type-post_type menu-item-object-page menu-item-18977\"><a href=\"https:\/\/pd-technik.eu\/fr\/pressure-blower-unit-size3-75-85-86\/\" class=\"elementor-sub-item\" tabindex=\"-1\">Size3 (75-85-86)<\/a><\/li>\n\t<li class=\"menu-item menu-item-type-post_type menu-item-object-page menu-item-18965\"><a href=\"https:\/\/pd-technik.eu\/fr\/pressure-blower-unit-size-3-95\/\" class=\"elementor-sub-item\" tabindex=\"-1\">Size 3 (95)<\/a><\/li>\n\t<li class=\"menu-item menu-item-type-post_type menu-item-object-page menu-item-18968\"><a href=\"https:\/\/pd-technik.eu\/fr\/pressure-blower-unit-size-3-5-86\/\" class=\"elementor-sub-item\" tabindex=\"-1\">Size 3.5 (86)<\/a><\/li>\n\t<li class=\"menu-item menu-item-type-post_type menu-item-object-page menu-item-18966\"><a href=\"https:\/\/pd-technik.eu\/fr\/pressure-blower-unit-size-3-5-105-106\/\" class=\"elementor-sub-item\" tabindex=\"-1\">Size 3.5 (105-106)<\/a><\/li>\n\t<li class=\"menu-item menu-item-type-post_type menu-item-object-page menu-item-18967\"><a href=\"https:\/\/pd-technik.eu\/fr\/pressure-blower-unit-size-3-5-115\/\" class=\"elementor-sub-item\" tabindex=\"-1\">Size 3.5 (115)<\/a><\/li>\n\t<li class=\"menu-item menu-item-type-post_type menu-item-object-page menu-item-18972\"><a href=\"https:\/\/pd-technik.eu\/fr\/pressure-blower-unit-size-4-86\/\" class=\"elementor-sub-item\" tabindex=\"-1\">Size 4 (86)<\/a><\/li>\n\t<li class=\"menu-item menu-item-type-post_type menu-item-object-page menu-item-18969\"><a href=\"https:\/\/pd-technik.eu\/fr\/pressure-blower-unit-size-4-105-106\/\" class=\"elementor-sub-item\" tabindex=\"-1\">Size 4 (105-106)<\/a><\/li>\n\t<li class=\"menu-item menu-item-type-post_type menu-item-object-page menu-item-18970\"><a href=\"https:\/\/pd-technik.eu\/fr\/pressure-blower-unit-size-4-115-125-126\/\" class=\"elementor-sub-item\" tabindex=\"-1\">Size 4 (115-125-126)<\/a><\/li>\n\t<li class=\"menu-item menu-item-type-post_type menu-item-object-page menu-item-18971\"><a href=\"https:\/\/pd-technik.eu\/fr\/pressure-blower-unit-size-4-135-2\/\" class=\"elementor-sub-item\" tabindex=\"-1\">Size 4 (135)<\/a><\/li>\n\t<li class=\"menu-item menu-item-type-post_type menu-item-object-page menu-item-18973\"><a href=\"https:\/\/pd-technik.eu\/fr\/pressure-blower-unit-size-4-0-125-126-2\/\" class=\"elementor-sub-item\" tabindex=\"-1\">Size 4.0 (125-126)<\/a><\/li>\n\t<li class=\"menu-item menu-item-type-post_type menu-item-object-page menu-item-18974\"><a href=\"https:\/\/pd-technik.eu\/fr\/pressure-blower-unit-size-4-0-135-2\/\" class=\"elementor-sub-item\" tabindex=\"-1\">Size 4.0 (135)<\/a><\/li>\n\t<li class=\"menu-item menu-item-type-post_type menu-item-object-page menu-item-18975\"><a href=\"https:\/\/pd-technik.eu\/fr\/pressure-blower-unit-size-5-126-2\/\" class=\"elementor-sub-item\" tabindex=\"-1\">Size 5 (126)<\/a><\/li>\n\t<li class=\"menu-item menu-item-type-post_type menu-item-object-page menu-item-18976\"><a href=\"https:\/\/pd-technik.eu\/fr\/pressure-blower-unit-size-5-145-155\/\" class=\"elementor-sub-item\" tabindex=\"-1\">Size 5 (145-155)<\/a><\/li>\n<\/ul>\n<\/li>\n<\/ul>\t\t\t<\/nav>\n\t\t\t\t\t\t<\/div>\n\t\t\t\t<\/div>\n\t\t\t\t<\/div>\n\t\t\t\t\t<\/div>\n\t\t\t\t<\/div>\n\t\t\t\t\t<\/div>\n\t\t\t\t<\/div>\n\t\t<div class=\"elementor-element elementor-element-ea92d04 e-flex e-con-boxed e-con e-child\" data-id=\"ea92d04\" data-element_type=\"container\" data-e-type=\"container\">\n\t\t\t\t\t<div class=\"e-con-inner\">\n\t\t<div class=\"elementor-element elementor-element-ff48d57 e-con-full e-flex e-con e-child\" data-id=\"ff48d57\" data-element_type=\"container\" data-e-type=\"container\" data-settings=\"{&quot;background_background&quot;:&quot;classic&quot;}\">\n\t\t\t\t<div class=\"elementor-element elementor-element-8b62b53 elementor-widget__width-initial elementor-widget elementor-widget-image\" data-id=\"8b62b53\" data-element_type=\"widget\" data-e-type=\"widget\" data-widget_type=\"image.default\">\n\t\t\t\t<div class=\"elementor-widget-container\">\n\t\t\t\t\t\t\t\t\t\t\t\t<figure class=\"wp-caption\">\n\t\t\t\t\t\t\t\t\t\t<img decoding=\"async\" width=\"360\" height=\"360\" src=\"https:\/\/pd-technik.eu\/wp-content\/uploads\/2024\/01\/Untitled_design-removebg-preview-2.png\" class=\"attachment-full size-full wp-image-3795\" alt=\"Unit\u00e9 de Surpresseur DV\" srcset=\"https:\/\/pd-technik.eu\/wp-content\/uploads\/2024\/01\/Untitled_design-removebg-preview-2.png 360w, https:\/\/pd-technik.eu\/wp-content\/uploads\/2024\/01\/Untitled_design-removebg-preview-2-300x300.png 300w, https:\/\/pd-technik.eu\/wp-content\/uploads\/2024\/01\/Untitled_design-removebg-preview-2-100x100.png 100w, https:\/\/pd-technik.eu\/wp-content\/uploads\/2024\/01\/Untitled_design-removebg-preview-2-150x150.png 150w\" sizes=\"(max-width: 360px) 100vw, 360px\" \/>\t\t\t\t\t\t\t\t\t\t\t<figcaption class=\"widget-image-caption wp-caption-text\">Unit\u00e9 de Surpresseur DV<\/figcaption>\n\t\t\t\t\t\t\t\t\t\t<\/figure>\n\t\t\t\t\t\t\t\t\t<\/div>\n\t\t\t\t<\/div>\n\t\t\t\t<div class=\"elementor-element elementor-element-23ae217 elementor-nav-menu__text-align-center elementor-widget elementor-widget-nav-menu\" data-id=\"23ae217\" data-element_type=\"widget\" data-e-type=\"widget\" data-settings=\"{&quot;layout&quot;:&quot;dropdown&quot;,&quot;submenu_icon&quot;:{&quot;value&quot;:&quot;&lt;svg aria-hidden=\\&quot;true\\&quot; class=\\&quot;e-font-icon-svg e-fas-caret-down\\&quot; viewBox=\\&quot;0 0 320 512\\&quot; xmlns=\\&quot;http:\\\/\\\/www.w3.org\\\/2000\\\/svg\\&quot;&gt;&lt;path d=\\&quot;M31.3 192h257.3c17.8 0 26.7 21.5 14.1 34.1L174.1 354.8c-7.8 7.8-20.5 7.8-28.3 0L17.2 226.1C4.6 213.5 13.5 192 31.3 192z\\&quot;&gt;&lt;\\\/path&gt;&lt;\\\/svg&gt;&quot;,&quot;library&quot;:&quot;fa-solid&quot;}}\" data-widget_type=\"nav-menu.default\">\n\t\t\t\t<div class=\"elementor-widget-container\">\n\t\t\t\t\t\t\t\t<nav class=\"elementor-nav-menu--dropdown elementor-nav-menu__container\" aria-hidden=\"true\">\n\t\t\t\t<ul id=\"menu-2-23ae217\" class=\"elementor-nav-menu\"><li class=\"menu-item menu-item-type-custom menu-item-object-custom menu-item-has-children menu-item-12105\"><a class=\"elementor-item\" tabindex=\"-1\">S\u00e9lectionnez la taille<span class=\"submenu-toggle\" ><svg xmlns=\"http:\/\/www.w3.org\/2000\/svg\" width=\"10\" height=\"5\" viewbox=\"0 0 10 5\"><path id=\"Polygon_5\" data-name=\"Polygon 5\" d=\"M5,0l5,5H0Z\" transform=\"translate(10 5) rotate(180)\"\/><\/svg><\/span><\/a>\n<ul class=\"sub-menu elementor-nav-menu--dropdown\">\n\t<li class=\"menu-item menu-item-type-post_type menu-item-object-page menu-item-12104\"><a href=\"https:\/\/pd-technik.eu\/fr\/vacuum-blower-unit-size-2-45\/\" class=\"elementor-sub-item\" tabindex=\"-1\">Size 2 (45)<\/a><\/li>\n\t<li class=\"menu-item menu-item-type-post_type menu-item-object-page menu-item-12103\"><a href=\"https:\/\/pd-technik.eu\/fr\/vacuum-blower-unit-size-2-65\/\" class=\"elementor-sub-item\" tabindex=\"-1\">Size 2 (65)<\/a><\/li>\n\t<li class=\"menu-item menu-item-type-post_type menu-item-object-page menu-item-12102\"><a href=\"https:\/\/pd-technik.eu\/fr\/vacuum-blower-unit-size-3-85\/\" class=\"elementor-sub-item\" tabindex=\"-1\">Size 3 (85)<\/a><\/li>\n\t<li class=\"menu-item menu-item-type-post_type menu-item-object-page menu-item-12101\"><a href=\"https:\/\/pd-technik.eu\/fr\/vacuum-blower-unit-size-4-105\/\" class=\"elementor-sub-item\" tabindex=\"-1\">Size 4 (105)<\/a><\/li>\n\t<li class=\"menu-item menu-item-type-post_type menu-item-object-page menu-item-12100\"><a href=\"https:\/\/pd-technik.eu\/fr\/vacuum-blower-unit-size-4-125\/\" class=\"elementor-sub-item\" tabindex=\"-1\">Size 4 (125)<\/a><\/li>\n\t<li class=\"menu-item menu-item-type-post_type menu-item-object-page menu-item-12099\"><a href=\"https:\/\/pd-technik.eu\/fr\/vacuum-blower-unit-size-5-145\/\" class=\"elementor-sub-item\" tabindex=\"-1\">Size 5 (145)<\/a><\/li>\n<\/ul>\n<\/li>\n<\/ul>\t\t\t<\/nav>\n\t\t\t\t\t\t<\/div>\n\t\t\t\t<\/div>\n\t\t\t\t<\/div>\n\t\t\t\t\t<\/div>\n\t\t\t\t<\/div>\n\t\t\t\t\t<\/div>\n\t\t\t\t<\/div>\n\t\t\t\t<\/div>\n\t\t\t\t<\/div>\n\t\t\t\t\t<\/div>\n\t\t\t\t<\/div>\n\t\t<div class=\"elementor-element elementor-element-719414b4 e-flex e-con-boxed e-con e-parent\" data-id=\"719414b4\" data-element_type=\"container\" data-e-type=\"container\">\n\t\t\t\t\t<div class=\"e-con-inner\">\n\t\t\t\t\t<\/div>\n\t\t\t\t<\/div>\n\t\t\t\t<\/div>","protected":false},"excerpt":{"rendered":"<p>Spare Parts&gt; Blower Units Spare Parts Tri Lobe Blower Unit DV Blower Unit<\/p>","protected":false},"author":2,"featured_media":0,"parent":0,"menu_order":0,"comment_status":"closed","ping_status":"closed","template":"","meta":{"breadcrumbs_single_post":"","page_title_panel":"","breadcrumbs_single_page":"","single_page_alignment":"","single_page_margin":"","page_structure_type":"","content_style_source":"","content_style":"","blog_post_streched_ed":"","blog_page_streched_ed":"","has_transparent_header":"","disable_transparent_header":"","vertical_spacing_source":"","content_area_spacing":"","single_post_content_background":"","single_page_content_background":"","single_post_boxed_content_spacing":"","single_page_boxed_content_spacing":"","single_post_content_boxed_radius":"","single_page_content_boxed_radius":"","disable_featured_image":"","disable_post_tags":"","disable_author_box":"","disable_posts_navigation":"","disable_comments":"","disable_related_posts":"","disable_header":"","disable_footer":"","footnotes":""},"class_list":["post-6772","page","type-page","status-publish","hentry","rishi-post","no-post-thumbnail"],"_links":{"self":[{"href":"https:\/\/pd-technik.eu\/fr\/wp-json\/wp\/v2\/pages\/6772","targetHints":{"allow":["GET"]}}],"collection":[{"href":"https:\/\/pd-technik.eu\/fr\/wp-json\/wp\/v2\/pages"}],"about":[{"href":"https:\/\/pd-technik.eu\/fr\/wp-json\/wp\/v2\/types\/page"}],"author":[{"embeddable":true,"href":"https:\/\/pd-technik.eu\/fr\/wp-json\/wp\/v2\/users\/2"}],"replies":[{"embeddable":true,"href":"https:\/\/pd-technik.eu\/fr\/wp-json\/wp\/v2\/comments?post=6772"}],"version-history":[{"count":81,"href":"https:\/\/pd-technik.eu\/fr\/wp-json\/wp\/v2\/pages\/6772\/revisions"}],"predecessor-version":[{"id":22266,"href":"https:\/\/pd-technik.eu\/fr\/wp-json\/wp\/v2\/pages\/6772\/revisions\/22266"}],"wp:attachment":[{"href":"https:\/\/pd-technik.eu\/fr\/wp-json\/wp\/v2\/media?parent=6772"}],"curies":[{"name":"wp","href":"https:\/\/api.w.org\/{rel}","templated":true}]}}